{"id":3,"date":"2021-04-14T08:17:06","date_gmt":"2021-04-14T08:17:06","guid":{"rendered":"https:\/\/www.taste-africa.com\/?page_id=3"},"modified":"2022-10-03T07:22:39","modified_gmt":"2022-10-03T07:22:39","slug":"privacy-policy","status":"publish","type":"page","link":"https:\/\/www.taste-africa.com\/sv\/privacy-policy\/","title":{"rendered":"Skydd av personliga data"},"content":{"rendered":"<p><strong>Vilka vi \u00e4r<\/strong><br>V\u00e5r hemsidas adress \u00e4r: https:\/\/taste-africa.com.<\/p>\n\n\n\n<p><strong>Vi skyddar dina personliga data<br><\/strong>Vi skyddar dina personliga data Taste of Africa ansvarar f\u00f6r att dina personuppgifter skyddas i enlighet med EU:s dataskyddsf\u00f6rordning (GDPR) och efter anvisningar fr\u00e5n Integritetskydds Myndigheten (IMY)<a href=\"https:\/\/www.imy.se\/privatperson\/dataskydd\/dina-rattigheter\/ratt-till-information\/\">https:\/\/www.imy.se\/privatperson\/dataskydd\/dina-rattigheter\/ratt-till-information\/<\/a>.) Vi kommer inte att dela n\u00e5gra personuppgifter med n\u00e5gon annan och vi kommer att radera dem s\u00e5 fort vi har hanterat din best\u00e4llning, eller senast inom 30 dagar.<\/p>","protected":false},"excerpt":{"rendered":"<p>Who we areOur website address is: https:\/\/taste-africa.com. We protect your personal dataTaste of Africa is responsible for handling personal details in accordance with the EU data protection law (GDPR) and following the guidelines of the Swedish Integrity Authority (Integritetskydds Myndigheten, IMY) (https:\/\/www.imy.se\/privatperson\/dataskydd\/dina-rattigheter\/ratt-till-information\/.) We will not share your details with third parties and we will erase [&hellip;]<\/p>\n","protected":false},"author":1,"featured_media":0,"parent":0,"menu_order":0,"comment_status":"closed","ping_status":"closed","template":"","meta":{"inline_featured_image":false,"footnotes":""},"class_list":["post-3","page","type-page","status-publish","hentry"],"yoast_head":"<!-- This site is optimized with the Yoast SEO plugin v27.3 - https:\/\/yoast.com\/product\/yoast-seo-wordpress\/ -->\n<title>Privacy Policy - Taste of Africa<\/title>\n<meta name=\"robots\" content=\"index, follow, max-snippet:-1, max-image-preview:large, max-video-preview:-1\" \/>\n<link rel=\"canonical\" href=\"https:\/\/www.taste-africa.com\/sv\/privacy-policy\/\" \/>\n<meta property=\"og:locale\" content=\"sv_SE\" \/>\n<meta property=\"og:type\" content=\"article\" \/>\n<meta property=\"og:title\" content=\"Privacy Policy - Taste of Africa\" \/>\n<meta property=\"og:description\" content=\"Who we areOur website address is: https:\/\/taste-africa.com. We protect your personal dataTaste of Africa is responsible for handling personal details in accordance with the EU data protection law (GDPR) and following the guidelines of the Swedish Integrity Authority (Integritetskydds Myndigheten, IMY) (https:\/\/www.imy.se\/privatperson\/dataskydd\/dina-rattigheter\/ratt-till-information\/.) We will not share your details with third parties and we will erase [&hellip;]\" \/>\n<meta property=\"og:url\" content=\"https:\/\/www.taste-africa.com\/sv\/privacy-policy\/\" \/>\n<meta property=\"og:site_name\" content=\"Taste of Africa\" \/>\n<meta property=\"article:publisher\" content=\"https:\/\/www.facebook.com\/tasteofafricahedesunda\/\" \/>\n<meta property=\"article:modified_time\" content=\"2022-10-03T07:22:39+00:00\" \/>\n<meta name=\"twitter:card\" content=\"summary_large_image\" \/>\n<script type=\"application\/ld+json\" class=\"yoast-schema-graph\">{\"@context\":\"https:\\\/\\\/schema.org\",\"@graph\":[{\"@type\":\"WebPage\",\"@id\":\"https:\\\/\\\/www.taste-africa.com\\\/sv\\\/privacy-policy\\\/\",\"url\":\"https:\\\/\\\/www.taste-africa.com\\\/sv\\\/privacy-policy\\\/\",\"name\":\"Privacy Policy - Taste of Africa\",\"isPartOf\":{\"@id\":\"https:\\\/\\\/www.taste-africa.com\\\/#website\"},\"datePublished\":\"2021-04-14T08:17:06+00:00\",\"dateModified\":\"2022-10-03T07:22:39+00:00\",\"breadcrumb\":{\"@id\":\"https:\\\/\\\/www.taste-africa.com\\\/sv\\\/privacy-policy\\\/#breadcrumb\"},\"inLanguage\":\"sv-SE\",\"potentialAction\":[{\"@type\":\"ReadAction\",\"target\":[\"https:\\\/\\\/www.taste-africa.com\\\/sv\\\/privacy-policy\\\/\"]}]},{\"@type\":\"BreadcrumbList\",\"@id\":\"https:\\\/\\\/www.taste-africa.com\\\/sv\\\/privacy-policy\\\/#breadcrumb\",\"itemListElement\":[{\"@type\":\"ListItem\",\"position\":1,\"name\":\"Home\",\"item\":\"https:\\\/\\\/www.taste-africa.com\\\/\"},{\"@type\":\"ListItem\",\"position\":2,\"name\":\"Privacy Policy\"}]},{\"@type\":\"WebSite\",\"@id\":\"https:\\\/\\\/www.taste-africa.com\\\/#website\",\"url\":\"https:\\\/\\\/www.taste-africa.com\\\/\",\"name\":\"Taste of Africa\",\"description\":\"Taste of Africa\",\"publisher\":{\"@id\":\"https:\\\/\\\/www.taste-africa.com\\\/#organization\"},\"potentialAction\":[{\"@type\":\"SearchAction\",\"target\":{\"@type\":\"EntryPoint\",\"urlTemplate\":\"https:\\\/\\\/www.taste-africa.com\\\/?s={search_term_string}\"},\"query-input\":{\"@type\":\"PropertyValueSpecification\",\"valueRequired\":true,\"valueName\":\"search_term_string\"}}],\"inLanguage\":\"sv-SE\"},{\"@type\":\"Organization\",\"@id\":\"https:\\\/\\\/www.taste-africa.com\\\/#organization\",\"name\":\"Taste of Africa\",\"url\":\"https:\\\/\\\/www.taste-africa.com\\\/\",\"logo\":{\"@type\":\"ImageObject\",\"inLanguage\":\"sv-SE\",\"@id\":\"https:\\\/\\\/www.taste-africa.com\\\/#\\\/schema\\\/logo\\\/image\\\/\",\"url\":\"https:\\\/\\\/www.taste-africa.com\\\/wp-content\\\/uploads\\\/2020\\\/08\\\/logo.png\",\"contentUrl\":\"https:\\\/\\\/www.taste-africa.com\\\/wp-content\\\/uploads\\\/2020\\\/08\\\/logo.png\",\"width\":444,\"height\":121,\"caption\":\"Taste of Africa\"},\"image\":{\"@id\":\"https:\\\/\\\/www.taste-africa.com\\\/#\\\/schema\\\/logo\\\/image\\\/\"},\"sameAs\":[\"https:\\\/\\\/www.facebook.com\\\/tasteofafricahedesunda\\\/\",\"https:\\\/\\\/www.instagram.com\\\/tasteofafricahedesunda\\\/\"]}]}<\/script>\n<!-- \/ Yoast SEO plugin. -->","yoast_head_json":{"title":"Privacy Policy - Taste of Africa","robots":{"index":"index","follow":"follow","max-snippet":"max-snippet:-1","max-image-preview":"max-image-preview:large","max-video-preview":"max-video-preview:-1"},"canonical":"https:\/\/www.taste-africa.com\/sv\/privacy-policy\/","og_locale":"sv_SE","og_type":"article","og_title":"Privacy Policy - Taste of Africa","og_description":"Who we areOur website address is: https:\/\/taste-africa.com. We protect your personal dataTaste of Africa is responsible for handling personal details in accordance with the EU data protection law (GDPR) and following the guidelines of the Swedish Integrity Authority (Integritetskydds Myndigheten, IMY) (https:\/\/www.imy.se\/privatperson\/dataskydd\/dina-rattigheter\/ratt-till-information\/.) We will not share your details with third parties and we will erase [&hellip;]","og_url":"https:\/\/www.taste-africa.com\/sv\/privacy-policy\/","og_site_name":"Taste of Africa","article_publisher":"https:\/\/www.facebook.com\/tasteofafricahedesunda\/","article_modified_time":"2022-10-03T07:22:39+00:00","twitter_card":"summary_large_image","schema":{"@context":"https:\/\/schema.org","@graph":[{"@type":"WebPage","@id":"https:\/\/www.taste-africa.com\/sv\/privacy-policy\/","url":"https:\/\/www.taste-africa.com\/sv\/privacy-policy\/","name":"Privacy Policy - Taste of Africa","isPartOf":{"@id":"https:\/\/www.taste-africa.com\/#website"},"datePublished":"2021-04-14T08:17:06+00:00","dateModified":"2022-10-03T07:22:39+00:00","breadcrumb":{"@id":"https:\/\/www.taste-africa.com\/sv\/privacy-policy\/#breadcrumb"},"inLanguage":"sv-SE","potentialAction":[{"@type":"ReadAction","target":["https:\/\/www.taste-africa.com\/sv\/privacy-policy\/"]}]},{"@type":"BreadcrumbList","@id":"https:\/\/www.taste-africa.com\/sv\/privacy-policy\/#breadcrumb","itemListElement":[{"@type":"ListItem","position":1,"name":"Home","item":"https:\/\/www.taste-africa.com\/"},{"@type":"ListItem","position":2,"name":"Privacy Policy"}]},{"@type":"WebSite","@id":"https:\/\/www.taste-africa.com\/#website","url":"https:\/\/www.taste-africa.com\/","name":"Taste of Africa","description":"Taste of Africa","publisher":{"@id":"https:\/\/www.taste-africa.com\/#organization"},"potentialAction":[{"@type":"SearchAction","target":{"@type":"EntryPoint","urlTemplate":"https:\/\/www.taste-africa.com\/?s={search_term_string}"},"query-input":{"@type":"PropertyValueSpecification","valueRequired":true,"valueName":"search_term_string"}}],"inLanguage":"sv-SE"},{"@type":"Organization","@id":"https:\/\/www.taste-africa.com\/#organization","name":"Taste of Africa","url":"https:\/\/www.taste-africa.com\/","logo":{"@type":"ImageObject","inLanguage":"sv-SE","@id":"https:\/\/www.taste-africa.com\/#\/schema\/logo\/image\/","url":"https:\/\/www.taste-africa.com\/wp-content\/uploads\/2020\/08\/logo.png","contentUrl":"https:\/\/www.taste-africa.com\/wp-content\/uploads\/2020\/08\/logo.png","width":444,"height":121,"caption":"Taste of Africa"},"image":{"@id":"https:\/\/www.taste-africa.com\/#\/schema\/logo\/image\/"},"sameAs":["https:\/\/www.facebook.com\/tasteofafricahedesunda\/","https:\/\/www.instagram.com\/tasteofafricahedesunda\/"]}]}},"_links":{"self":[{"href":"https:\/\/www.taste-africa.com\/sv\/wp-json\/wp\/v2\/pages\/3","targetHints":{"allow":["GET"]}}],"collection":[{"href":"https:\/\/www.taste-africa.com\/sv\/wp-json\/wp\/v2\/pages"}],"about":[{"href":"https:\/\/www.taste-africa.com\/sv\/wp-json\/wp\/v2\/types\/page"}],"author":[{"embeddable":true,"href":"https:\/\/www.taste-africa.com\/sv\/wp-json\/wp\/v2\/users\/1"}],"replies":[{"embeddable":true,"href":"https:\/\/www.taste-africa.com\/sv\/wp-json\/wp\/v2\/comments?post=3"}],"version-history":[{"count":4,"href":"https:\/\/www.taste-africa.com\/sv\/wp-json\/wp\/v2\/pages\/3\/revisions"}],"predecessor-version":[{"id":7650,"href":"https:\/\/www.taste-africa.com\/sv\/wp-json\/wp\/v2\/pages\/3\/revisions\/7650"}],"wp:attachment":[{"href":"https:\/\/www.taste-africa.com\/sv\/wp-json\/wp\/v2\/media?parent=3"}],"curies":[{"name":"wp","href":"https:\/\/api.w.org\/{rel}","templated":true}]}}