{"id":5073,"date":"2022-09-28T07:16:38","date_gmt":"2022-09-28T07:16:38","guid":{"rendered":"https:\/\/www.taste-africa.com\/?page_id=5073"},"modified":"2022-10-03T07:26:37","modified_gmt":"2022-10-03T07:26:37","slug":"refund-returns","status":"publish","type":"page","link":"https:\/\/www.taste-africa.com\/sv\/refund-returns\/","title":{"rendered":"Refund and Returns Policy"},"content":{"rendered":"<p><strong>\u00c5terk\u00f6p och byten<br><\/strong>V\u00e5r \u00e5terk\u00f6ps- och bytesr\u00e4tt varar i 30 dagar. Vi g\u00f6r inte \u00e5terk\u00f6p av prisneds\u00e4nkta varor utan bara varor som \u00e4r s\u00e5lda till ordinarie pris. Om det har g\u00e5tt mer \u00e4n 30 dagar kan du byta din vara om den \u00e4r oanv\u00e4nd och i sitt originalskick. Vi g\u00f6r inga byten eller \u00e5terk\u00f6p av livsmedel i skadad eller bruten f\u00f6rpackning. <\/p>\n\n\n\n<p>Du f\u00e5r sj\u00e4lv st\u00e5 f\u00f6r frakten n\u00e4r du skickar tillbaka en vara. Kontakta oss innan, s\u00e5 blir det b\u00e4st. Godk\u00e4nda \u00e5terk\u00f6p betalas tillbaka p\u00e5 samma s\u00e4tt som de betalades en g\u00e5ng, dvs med kort, swish eller kontant <\/p>\n\n\n\n<p class=\"translation-block\">Det \u00e4r enklast \u00e4r om du kommer till v\u00e5r G\u00e5rdsbutik om det \u00e4r under en period n\u00e4r vi har \u00f6ppet, eller kontaktar oss via e-post till <a href=\"mailto:info@taste-africa.com\" target=\"_self\">info@taste-africa.com<\/a>, i fall du vill l\u00e4mna tillbaka eller byta en vara.<\/p>","protected":false},"excerpt":{"rendered":"<p>Returns and exchangesOur refund and returns policy lasts 30 days. If 30 days have passed since your purchase, we can't offer you a full refund or exchange. To quality for a return, your item must be unused and in the same condition that you received it. It must also be in the original packaging. We [&hellip;]<\/p>\n","protected":false},"author":1,"featured_media":0,"parent":0,"menu_order":0,"comment_status":"closed","ping_status":"closed","template":"","meta":{"inline_featured_image":false,"footnotes":""},"class_list":["post-5073","page","type-page","status-publish","hentry"],"yoast_head":"<!-- This site is optimized with the Yoast SEO plugin v27.3 - https:\/\/yoast.com\/product\/yoast-seo-wordpress\/ -->\n<title>Refund and Returns Policy - Taste of Africa<\/title>\n<meta name=\"robots\" content=\"index, follow, max-snippet:-1, max-image-preview:large, max-video-preview:-1\" \/>\n<link rel=\"canonical\" href=\"https:\/\/www.taste-africa.com\/sv\/refund-returns\/\" \/>\n<meta property=\"og:locale\" content=\"sv_SE\" \/>\n<meta property=\"og:type\" content=\"article\" \/>\n<meta property=\"og:title\" content=\"Refund and Returns Policy - Taste of Africa\" \/>\n<meta property=\"og:description\" content=\"Returns and exchangesOur refund and returns policy lasts 30 days. If 30 days have passed since your purchase, we can&#039;t offer you a full refund or exchange. To quality for a return, your item must be unused and in the same condition that you received it. It must also be in the original packaging. We [&hellip;]\" \/>\n<meta property=\"og:url\" content=\"https:\/\/www.taste-africa.com\/sv\/refund-returns\/\" \/>\n<meta property=\"og:site_name\" content=\"Taste of Africa\" \/>\n<meta property=\"article:publisher\" content=\"https:\/\/www.facebook.com\/tasteofafricahedesunda\/\" \/>\n<meta property=\"article:modified_time\" content=\"2022-10-03T07:26:37+00:00\" \/>\n<meta name=\"twitter:card\" content=\"summary_large_image\" \/>\n<meta name=\"twitter:label1\" content=\"Ber\u00e4knad l\u00e4stid\" \/>\n\t<meta name=\"twitter:data1\" content=\"1 minut\" \/>\n<script type=\"application\/ld+json\" class=\"yoast-schema-graph\">{\"@context\":\"https:\\\/\\\/schema.org\",\"@graph\":[{\"@type\":\"WebPage\",\"@id\":\"https:\\\/\\\/www.taste-africa.com\\\/sv\\\/refund-returns\\\/\",\"url\":\"https:\\\/\\\/www.taste-africa.com\\\/sv\\\/refund-returns\\\/\",\"name\":\"Refund and Returns Policy - Taste of Africa\",\"isPartOf\":{\"@id\":\"https:\\\/\\\/www.taste-africa.com\\\/#website\"},\"datePublished\":\"2022-09-28T07:16:38+00:00\",\"dateModified\":\"2022-10-03T07:26:37+00:00\",\"breadcrumb\":{\"@id\":\"https:\\\/\\\/www.taste-africa.com\\\/sv\\\/refund-returns\\\/#breadcrumb\"},\"inLanguage\":\"sv-SE\",\"potentialAction\":[{\"@type\":\"ReadAction\",\"target\":[\"https:\\\/\\\/www.taste-africa.com\\\/sv\\\/refund-returns\\\/\"]}]},{\"@type\":\"BreadcrumbList\",\"@id\":\"https:\\\/\\\/www.taste-africa.com\\\/sv\\\/refund-returns\\\/#breadcrumb\",\"itemListElement\":[{\"@type\":\"ListItem\",\"position\":1,\"name\":\"Home\",\"item\":\"https:\\\/\\\/www.taste-africa.com\\\/\"},{\"@type\":\"ListItem\",\"position\":2,\"name\":\"Refund and Returns Policy\"}]},{\"@type\":\"WebSite\",\"@id\":\"https:\\\/\\\/www.taste-africa.com\\\/#website\",\"url\":\"https:\\\/\\\/www.taste-africa.com\\\/\",\"name\":\"Taste of Africa\",\"description\":\"Taste of Africa\",\"publisher\":{\"@id\":\"https:\\\/\\\/www.taste-africa.com\\\/#organization\"},\"potentialAction\":[{\"@type\":\"SearchAction\",\"target\":{\"@type\":\"EntryPoint\",\"urlTemplate\":\"https:\\\/\\\/www.taste-africa.com\\\/?s={search_term_string}\"},\"query-input\":{\"@type\":\"PropertyValueSpecification\",\"valueRequired\":true,\"valueName\":\"search_term_string\"}}],\"inLanguage\":\"sv-SE\"},{\"@type\":\"Organization\",\"@id\":\"https:\\\/\\\/www.taste-africa.com\\\/#organization\",\"name\":\"Taste of Africa\",\"url\":\"https:\\\/\\\/www.taste-africa.com\\\/\",\"logo\":{\"@type\":\"ImageObject\",\"inLanguage\":\"sv-SE\",\"@id\":\"https:\\\/\\\/www.taste-africa.com\\\/#\\\/schema\\\/logo\\\/image\\\/\",\"url\":\"https:\\\/\\\/www.taste-africa.com\\\/wp-content\\\/uploads\\\/2020\\\/08\\\/logo.png\",\"contentUrl\":\"https:\\\/\\\/www.taste-africa.com\\\/wp-content\\\/uploads\\\/2020\\\/08\\\/logo.png\",\"width\":444,\"height\":121,\"caption\":\"Taste of Africa\"},\"image\":{\"@id\":\"https:\\\/\\\/www.taste-africa.com\\\/#\\\/schema\\\/logo\\\/image\\\/\"},\"sameAs\":[\"https:\\\/\\\/www.facebook.com\\\/tasteofafricahedesunda\\\/\",\"https:\\\/\\\/www.instagram.com\\\/tasteofafricahedesunda\\\/\"]}]}<\/script>\n<!-- \/ Yoast SEO plugin. -->","yoast_head_json":{"title":"Refund and Returns Policy - Taste of Africa","robots":{"index":"index","follow":"follow","max-snippet":"max-snippet:-1","max-image-preview":"max-image-preview:large","max-video-preview":"max-video-preview:-1"},"canonical":"https:\/\/www.taste-africa.com\/sv\/refund-returns\/","og_locale":"sv_SE","og_type":"article","og_title":"Refund and Returns Policy - Taste of Africa","og_description":"Returns and exchangesOur refund and returns policy lasts 30 days. If 30 days have passed since your purchase, we can't offer you a full refund or exchange. To quality for a return, your item must be unused and in the same condition that you received it. It must also be in the original packaging. We [&hellip;]","og_url":"https:\/\/www.taste-africa.com\/sv\/refund-returns\/","og_site_name":"Taste of Africa","article_publisher":"https:\/\/www.facebook.com\/tasteofafricahedesunda\/","article_modified_time":"2022-10-03T07:26:37+00:00","twitter_card":"summary_large_image","twitter_misc":{"Ber\u00e4knad l\u00e4stid":"1 minut"},"schema":{"@context":"https:\/\/schema.org","@graph":[{"@type":"WebPage","@id":"https:\/\/www.taste-africa.com\/sv\/refund-returns\/","url":"https:\/\/www.taste-africa.com\/sv\/refund-returns\/","name":"Refund and Returns Policy - Taste of Africa","isPartOf":{"@id":"https:\/\/www.taste-africa.com\/#website"},"datePublished":"2022-09-28T07:16:38+00:00","dateModified":"2022-10-03T07:26:37+00:00","breadcrumb":{"@id":"https:\/\/www.taste-africa.com\/sv\/refund-returns\/#breadcrumb"},"inLanguage":"sv-SE","potentialAction":[{"@type":"ReadAction","target":["https:\/\/www.taste-africa.com\/sv\/refund-returns\/"]}]},{"@type":"BreadcrumbList","@id":"https:\/\/www.taste-africa.com\/sv\/refund-returns\/#breadcrumb","itemListElement":[{"@type":"ListItem","position":1,"name":"Home","item":"https:\/\/www.taste-africa.com\/"},{"@type":"ListItem","position":2,"name":"Refund and Returns Policy"}]},{"@type":"WebSite","@id":"https:\/\/www.taste-africa.com\/#website","url":"https:\/\/www.taste-africa.com\/","name":"Taste of Africa","description":"Taste of Africa","publisher":{"@id":"https:\/\/www.taste-africa.com\/#organization"},"potentialAction":[{"@type":"SearchAction","target":{"@type":"EntryPoint","urlTemplate":"https:\/\/www.taste-africa.com\/?s={search_term_string}"},"query-input":{"@type":"PropertyValueSpecification","valueRequired":true,"valueName":"search_term_string"}}],"inLanguage":"sv-SE"},{"@type":"Organization","@id":"https:\/\/www.taste-africa.com\/#organization","name":"Taste of Africa","url":"https:\/\/www.taste-africa.com\/","logo":{"@type":"ImageObject","inLanguage":"sv-SE","@id":"https:\/\/www.taste-africa.com\/#\/schema\/logo\/image\/","url":"https:\/\/www.taste-africa.com\/wp-content\/uploads\/2020\/08\/logo.png","contentUrl":"https:\/\/www.taste-africa.com\/wp-content\/uploads\/2020\/08\/logo.png","width":444,"height":121,"caption":"Taste of Africa"},"image":{"@id":"https:\/\/www.taste-africa.com\/#\/schema\/logo\/image\/"},"sameAs":["https:\/\/www.facebook.com\/tasteofafricahedesunda\/","https:\/\/www.instagram.com\/tasteofafricahedesunda\/"]}]}},"_links":{"self":[{"href":"https:\/\/www.taste-africa.com\/sv\/wp-json\/wp\/v2\/pages\/5073","targetHints":{"allow":["GET"]}}],"collection":[{"href":"https:\/\/www.taste-africa.com\/sv\/wp-json\/wp\/v2\/pages"}],"about":[{"href":"https:\/\/www.taste-africa.com\/sv\/wp-json\/wp\/v2\/types\/page"}],"author":[{"embeddable":true,"href":"https:\/\/www.taste-africa.com\/sv\/wp-json\/wp\/v2\/users\/1"}],"replies":[{"embeddable":true,"href":"https:\/\/www.taste-africa.com\/sv\/wp-json\/wp\/v2\/comments?post=5073"}],"version-history":[{"count":3,"href":"https:\/\/www.taste-africa.com\/sv\/wp-json\/wp\/v2\/pages\/5073\/revisions"}],"predecessor-version":[{"id":7652,"href":"https:\/\/www.taste-africa.com\/sv\/wp-json\/wp\/v2\/pages\/5073\/revisions\/7652"}],"wp:attachment":[{"href":"https:\/\/www.taste-africa.com\/sv\/wp-json\/wp\/v2\/media?parent=5073"}],"curies":[{"name":"wp","href":"https:\/\/api.w.org\/{rel}","templated":true}]}}