{"id":2969,"date":"2021-04-20T13:12:03","date_gmt":"2021-04-20T13:12:03","guid":{"rendered":"https:\/\/www.taste-africa.com\/?post_type=product&#038;p=2969"},"modified":"2024-03-15T06:18:37","modified_gmt":"2024-03-15T06:18:37","slug":"bushmans-mustard-250g","status":"publish","type":"product","link":"https:\/\/www.taste-africa.com\/sv\/productTRPLINKPROCESSED\/bushmans-mustard-250g\/","title":{"rendered":"Bushman's Chilli Mustard &#8211; Heat index 6"},"content":{"rendered":"<p>Bushman's Chilli mustard is coarse mustard with a rounded taste. It tickles with a hint of chilli. It tastes like no other mustard you've had before. Some mustard connoiseurs say \"it's more like a chilli sauce than a mustard\"\u2026 Well maybe it is! Anyhow, it's incredibly popular as it is, in sauces and marinades. Or in \"Swedish home made mustard herring\". Perhaps you have a favourite recipe to share?<\/p>\n<p class=\"translation-block\">Ingredienser: <b>senapsfr\u00f6n<\/b> (35%), \u00e4ttika, \u00e4ppelcidervin\u00e4ger, konserveringsmedel <b>svaveldioxid<\/b>, vatten, kryddor, \u00f6rtkryddor, socker, salt, solrosolja, mogna chilifrukter (2%), majsst\u00e4rkelse, konserveringsmedel kaliumsorbat (E202). Nettovikt: 250 g<\/p>","protected":false},"excerpt":{"rendered":"<p>Bushman's Chilli mustard is coarse mustard with a rounded taste. It tickles with a hint of chilli. It tastes like no other mustard you've had before. Some mustard connoiseurs say \"it's more like a chilli sauce than a mustard\"\u2026 Well maybe it is! Anyhow, it's incredibly popular as it is, in sauces and marinades. Or in \"Swedish home made mustard herring\". Perhaps you have a favourite recipe to share?<\/p>\n<p class=\"translation-block\">Ingredienser: <b>senapsfr\u00f6n<\/b> (35%), \u00e4ttika, \u00e4ppelcidervin\u00e4ger, konserveringsmedel <b>svaveldioxid<\/b>, vatten, kryddor, \u00f6rtkryddor, socker, salt, solrosolja, mogna chilifrukter (2%), majsst\u00e4rkelse, konserveringsmedel kaliumsorbat (E202). Nettovikt: 250 g<\/p>","protected":false},"featured_media":7084,"template":"","meta":{"inline_featured_image":false},"product_brand":[],"product_cat":[152,158],"product_tag":[],"class_list":{"0":"post-2969","1":"product","2":"type-product","3":"status-publish","4":"has-post-thumbnail","6":"product_cat-bushmans","7":"product_cat-mustard","9":"first","10":"outofstock","11":"shipping-taxable","12":"purchasable","13":"product-type-simple"},"yoast_head":"<!-- This site is optimized with the Yoast SEO plugin v27.3 - https:\/\/yoast.com\/product\/yoast-seo-wordpress\/ -->\n<title>Bushman&#039;s Chilli Mustard - Heat index 6 - Taste of Africa<\/title>\n<meta name=\"robots\" content=\"index, follow, max-snippet:-1, max-image-preview:large, max-video-preview:-1\" \/>\n<link rel=\"canonical\" href=\"https:\/\/www.taste-africa.com\/sv\/productTRPLINKPROCESSED\/bushmans-mustard-250g\/\" \/>\n<meta property=\"og:locale\" content=\"sv_SE\" \/>\n<meta property=\"og:type\" content=\"article\" \/>\n<meta property=\"og:title\" content=\"Bushman&#039;s Chilli Mustard - Heat index 6 - Taste of Africa\" \/>\n<meta property=\"og:description\" content=\"Bushman&#039;s Chilli mustard is coarse mustard with a rounded taste. It tickles with a hint of chilli. It tastes like no other mustard you&#039;ve had before. Some mustard connoiseurs say &quot;it&#039;s more like a chilli sauce than a mustard&quot;\u2026 Well maybe it is! Anyhow, it&#039;s incredibly popular as it is, in sauces and marinades. Or in &quot;Swedish home made mustard herring&quot;. Perhaps you have a favourite recipe to share?  Ingredients: mustard seeds (35%), spirit vinegar, apple cider vinegar (preservative sulphur dioxide, water, spices, herbs, sugar, salt, sunflower oil, mature chillies (2%), food starch from maize, preservative potassium sorbate (E202). Weight (net): 250 g\" \/>\n<meta property=\"og:url\" content=\"https:\/\/www.taste-africa.com\/sv\/productTRPLINKPROCESSED\/bushmans-mustard-250g\/\" \/>\n<meta property=\"og:site_name\" content=\"Taste of Africa\" \/>\n<meta property=\"article:publisher\" content=\"https:\/\/www.facebook.com\/tasteofafricahedesunda\/\" \/>\n<meta property=\"article:modified_time\" content=\"2024-03-15T06:18:37+00:00\" \/>\n<meta property=\"og:image\" content=\"https:\/\/www.taste-africa.com\/wp-content\/uploads\/2021\/04\/mustard_new_picture-2.jpg\" \/>\n\t<meta property=\"og:image:width\" content=\"323\" \/>\n\t<meta property=\"og:image:height\" content=\"330\" \/>\n\t<meta property=\"og:image:type\" content=\"image\/jpeg\" \/>\n<meta name=\"twitter:card\" content=\"summary_large_image\" \/>\n<meta name=\"twitter:label1\" content=\"Ber\u00e4knad l\u00e4stid\" \/>\n\t<meta name=\"twitter:data1\" content=\"1 minut\" \/>\n<script type=\"application\/ld+json\" class=\"yoast-schema-graph\">{\"@context\":\"https:\\\/\\\/schema.org\",\"@graph\":[{\"@type\":\"WebPage\",\"@id\":\"https:\\\/\\\/www.taste-africa.com\\\/productTRPLINKPROCESSED\\\/bushmans-mustard-250g\\\/\",\"url\":\"https:\\\/\\\/www.taste-africa.com\\\/productTRPLINKPROCESSED\\\/bushmans-mustard-250g\\\/\",\"name\":\"Bushman's Chilli Mustard - Heat index 6 - Taste of Africa\",\"isPartOf\":{\"@id\":\"https:\\\/\\\/www.taste-africa.com\\\/#website\"},\"primaryImageOfPage\":{\"@id\":\"https:\\\/\\\/www.taste-africa.com\\\/productTRPLINKPROCESSED\\\/bushmans-mustard-250g\\\/#primaryimage\"},\"image\":{\"@id\":\"https:\\\/\\\/www.taste-africa.com\\\/productTRPLINKPROCESSED\\\/bushmans-mustard-250g\\\/#primaryimage\"},\"thumbnailUrl\":\"https:\\\/\\\/www.taste-africa.com\\\/wp-content\\\/uploads\\\/2021\\\/04\\\/mustard_new_picture-2.jpg\",\"datePublished\":\"2021-04-20T13:12:03+00:00\",\"dateModified\":\"2024-03-15T06:18:37+00:00\",\"breadcrumb\":{\"@id\":\"https:\\\/\\\/www.taste-africa.com\\\/productTRPLINKPROCESSED\\\/bushmans-mustard-250g\\\/#breadcrumb\"},\"inLanguage\":\"sv-SE\",\"potentialAction\":[{\"@type\":\"ReadAction\",\"target\":[\"https:\\\/\\\/www.taste-africa.com\\\/productTRPLINKPROCESSED\\\/bushmans-mustard-250g\\\/\"]}]},{\"@type\":\"ImageObject\",\"inLanguage\":\"sv-SE\",\"@id\":\"https:\\\/\\\/www.taste-africa.com\\\/productTRPLINKPROCESSED\\\/bushmans-mustard-250g\\\/#primaryimage\",\"url\":\"https:\\\/\\\/www.taste-africa.com\\\/wp-content\\\/uploads\\\/2021\\\/04\\\/mustard_new_picture-2.jpg\",\"contentUrl\":\"https:\\\/\\\/www.taste-africa.com\\\/wp-content\\\/uploads\\\/2021\\\/04\\\/mustard_new_picture-2.jpg\",\"width\":323,\"height\":330},{\"@type\":\"BreadcrumbList\",\"@id\":\"https:\\\/\\\/www.taste-africa.com\\\/productTRPLINKPROCESSED\\\/bushmans-mustard-250g\\\/#breadcrumb\",\"itemListElement\":[{\"@type\":\"ListItem\",\"position\":1,\"name\":\"Home\",\"item\":\"https:\\\/\\\/www.taste-africa.com\\\/\"},{\"@type\":\"ListItem\",\"position\":2,\"name\":\"Shop\",\"item\":\"https:\\\/\\\/www.taste-africa.com\\\/shop\\\/\"},{\"@type\":\"ListItem\",\"position\":3,\"name\":\"Bushman's Chilli Mustard &#8211; Heat index 6\"}]},{\"@type\":\"WebSite\",\"@id\":\"https:\\\/\\\/www.taste-africa.com\\\/#website\",\"url\":\"https:\\\/\\\/www.taste-africa.com\\\/\",\"name\":\"Taste of Africa\",\"description\":\"Taste of Africa\",\"publisher\":{\"@id\":\"https:\\\/\\\/www.taste-africa.com\\\/#organization\"},\"potentialAction\":[{\"@type\":\"SearchAction\",\"target\":{\"@type\":\"EntryPoint\",\"urlTemplate\":\"https:\\\/\\\/www.taste-africa.com\\\/?s={search_term_string}\"},\"query-input\":{\"@type\":\"PropertyValueSpecification\",\"valueRequired\":true,\"valueName\":\"search_term_string\"}}],\"inLanguage\":\"sv-SE\"},{\"@type\":\"Organization\",\"@id\":\"https:\\\/\\\/www.taste-africa.com\\\/#organization\",\"name\":\"Taste of Africa\",\"url\":\"https:\\\/\\\/www.taste-africa.com\\\/\",\"logo\":{\"@type\":\"ImageObject\",\"inLanguage\":\"sv-SE\",\"@id\":\"https:\\\/\\\/www.taste-africa.com\\\/#\\\/schema\\\/logo\\\/image\\\/\",\"url\":\"https:\\\/\\\/www.taste-africa.com\\\/wp-content\\\/uploads\\\/2020\\\/08\\\/logo.png\",\"contentUrl\":\"https:\\\/\\\/www.taste-africa.com\\\/wp-content\\\/uploads\\\/2020\\\/08\\\/logo.png\",\"width\":444,\"height\":121,\"caption\":\"Taste of Africa\"},\"image\":{\"@id\":\"https:\\\/\\\/www.taste-africa.com\\\/#\\\/schema\\\/logo\\\/image\\\/\"},\"sameAs\":[\"https:\\\/\\\/www.facebook.com\\\/tasteofafricahedesunda\\\/\",\"https:\\\/\\\/www.instagram.com\\\/tasteofafricahedesunda\\\/\"]}]}<\/script>\n<!-- \/ Yoast SEO plugin. -->","yoast_head_json":{"title":"Bushman's Chilli Mustard - Heat index 6 - Taste of Africa","robots":{"index":"index","follow":"follow","max-snippet":"max-snippet:-1","max-image-preview":"max-image-preview:large","max-video-preview":"max-video-preview:-1"},"canonical":"https:\/\/www.taste-africa.com\/sv\/productTRPLINKPROCESSED\/bushmans-mustard-250g\/","og_locale":"sv_SE","og_type":"article","og_title":"Bushman's Chilli Mustard - Heat index 6 - Taste of Africa","og_description":"Bushman's Chilli mustard is coarse mustard with a rounded taste. It tickles with a hint of chilli. It tastes like no other mustard you've had before. Some mustard connoiseurs say \"it's more like a chilli sauce than a mustard\"\u2026 Well maybe it is! Anyhow, it's incredibly popular as it is, in sauces and marinades. Or in \"Swedish home made mustard herring\". Perhaps you have a favourite recipe to share?  Ingredients: mustard seeds (35%), spirit vinegar, apple cider vinegar (preservative sulphur dioxide, water, spices, herbs, sugar, salt, sunflower oil, mature chillies (2%), food starch from maize, preservative potassium sorbate (E202). Weight (net): 250 g","og_url":"https:\/\/www.taste-africa.com\/sv\/productTRPLINKPROCESSED\/bushmans-mustard-250g\/","og_site_name":"Taste of Africa","article_publisher":"https:\/\/www.facebook.com\/tasteofafricahedesunda\/","article_modified_time":"2024-03-15T06:18:37+00:00","og_image":[{"width":323,"height":330,"url":"https:\/\/www.taste-africa.com\/wp-content\/uploads\/2021\/04\/mustard_new_picture-2.jpg","type":"image\/jpeg"}],"twitter_card":"summary_large_image","twitter_misc":{"Ber\u00e4knad l\u00e4stid":"1 minut"},"schema":{"@context":"https:\/\/schema.org","@graph":[{"@type":"WebPage","@id":"https:\/\/www.taste-africa.com\/productTRPLINKPROCESSED\/bushmans-mustard-250g\/","url":"https:\/\/www.taste-africa.com\/productTRPLINKPROCESSED\/bushmans-mustard-250g\/","name":"Bushman's Chilli Mustard - Heat index 6 - Taste of Africa","isPartOf":{"@id":"https:\/\/www.taste-africa.com\/#website"},"primaryImageOfPage":{"@id":"https:\/\/www.taste-africa.com\/productTRPLINKPROCESSED\/bushmans-mustard-250g\/#primaryimage"},"image":{"@id":"https:\/\/www.taste-africa.com\/productTRPLINKPROCESSED\/bushmans-mustard-250g\/#primaryimage"},"thumbnailUrl":"https:\/\/www.taste-africa.com\/wp-content\/uploads\/2021\/04\/mustard_new_picture-2.jpg","datePublished":"2021-04-20T13:12:03+00:00","dateModified":"2024-03-15T06:18:37+00:00","breadcrumb":{"@id":"https:\/\/www.taste-africa.com\/productTRPLINKPROCESSED\/bushmans-mustard-250g\/#breadcrumb"},"inLanguage":"sv-SE","potentialAction":[{"@type":"ReadAction","target":["https:\/\/www.taste-africa.com\/productTRPLINKPROCESSED\/bushmans-mustard-250g\/"]}]},{"@type":"ImageObject","inLanguage":"sv-SE","@id":"https:\/\/www.taste-africa.com\/productTRPLINKPROCESSED\/bushmans-mustard-250g\/#primaryimage","url":"https:\/\/www.taste-africa.com\/wp-content\/uploads\/2021\/04\/mustard_new_picture-2.jpg","contentUrl":"https:\/\/www.taste-africa.com\/wp-content\/uploads\/2021\/04\/mustard_new_picture-2.jpg","width":323,"height":330},{"@type":"BreadcrumbList","@id":"https:\/\/www.taste-africa.com\/productTRPLINKPROCESSED\/bushmans-mustard-250g\/#breadcrumb","itemListElement":[{"@type":"ListItem","position":1,"name":"Home","item":"https:\/\/www.taste-africa.com\/"},{"@type":"ListItem","position":2,"name":"Shop","item":"https:\/\/www.taste-africa.com\/shop\/"},{"@type":"ListItem","position":3,"name":"Bushman's Chilli Mustard &#8211; Heat index 6"}]},{"@type":"WebSite","@id":"https:\/\/www.taste-africa.com\/#website","url":"https:\/\/www.taste-africa.com\/","name":"Taste of Africa","description":"Taste of Africa","publisher":{"@id":"https:\/\/www.taste-africa.com\/#organization"},"potentialAction":[{"@type":"SearchAction","target":{"@type":"EntryPoint","urlTemplate":"https:\/\/www.taste-africa.com\/?s={search_term_string}"},"query-input":{"@type":"PropertyValueSpecification","valueRequired":true,"valueName":"search_term_string"}}],"inLanguage":"sv-SE"},{"@type":"Organization","@id":"https:\/\/www.taste-africa.com\/#organization","name":"Taste of Africa","url":"https:\/\/www.taste-africa.com\/","logo":{"@type":"ImageObject","inLanguage":"sv-SE","@id":"https:\/\/www.taste-africa.com\/#\/schema\/logo\/image\/","url":"https:\/\/www.taste-africa.com\/wp-content\/uploads\/2020\/08\/logo.png","contentUrl":"https:\/\/www.taste-africa.com\/wp-content\/uploads\/2020\/08\/logo.png","width":444,"height":121,"caption":"Taste of Africa"},"image":{"@id":"https:\/\/www.taste-africa.com\/#\/schema\/logo\/image\/"},"sameAs":["https:\/\/www.facebook.com\/tasteofafricahedesunda\/","https:\/\/www.instagram.com\/tasteofafricahedesunda\/"]}]}},"_links":{"self":[{"href":"https:\/\/www.taste-africa.com\/sv\/wp-json\/wp\/v2\/product\/2969","targetHints":{"allow":["GET"]}}],"collection":[{"href":"https:\/\/www.taste-africa.com\/sv\/wp-json\/wp\/v2\/product"}],"about":[{"href":"https:\/\/www.taste-africa.com\/sv\/wp-json\/wp\/v2\/types\/product"}],"version-history":[{"count":10,"href":"https:\/\/www.taste-africa.com\/sv\/wp-json\/wp\/v2\/product\/2969\/revisions"}],"predecessor-version":[{"id":7083,"href":"https:\/\/www.taste-africa.com\/sv\/wp-json\/wp\/v2\/product\/2969\/revisions\/7083"}],"wp:featuredmedia":[{"embeddable":true,"href":"https:\/\/www.taste-africa.com\/sv\/wp-json\/wp\/v2\/media\/7084"}],"wp:attachment":[{"href":"https:\/\/www.taste-africa.com\/sv\/wp-json\/wp\/v2\/media?parent=2969"}],"wp:term":[{"taxonomy":"product_brand","embeddable":true,"href":"https:\/\/www.taste-africa.com\/sv\/wp-json\/wp\/v2\/product_brand?post=2969"},{"taxonomy":"product_cat","embeddable":true,"href":"https:\/\/www.taste-africa.com\/sv\/wp-json\/wp\/v2\/product_cat?post=2969"},{"taxonomy":"product_tag","embeddable":true,"href":"https:\/\/www.taste-africa.com\/sv\/wp-json\/wp\/v2\/product_tag?post=2969"}],"curies":[{"name":"wp","href":"https:\/\/api.w.org\/{rel}","templated":true}]}}