{"id":2980,"date":"2021-04-20T13:29:49","date_gmt":"2021-04-20T13:29:49","guid":{"rendered":"https:\/\/www.taste-africa.com\/?post_type=product&#038;p=2980"},"modified":"2026-02-26T08:50:03","modified_gmt":"2026-02-26T08:50:03","slug":"taste-of-africa-spice-95g","status":"publish","type":"product","link":"https:\/\/www.taste-africa.com\/sv\/productTRPLINKPROCESSED\/taste-of-africa-spice-95g\/","title":{"rendered":"Berbere Spice- 95g"},"content":{"rendered":"<p>Taste of Africa's own Berbere \u2013 an exciting chili spice blend from the horn of Africa. The secret is that the spices are roasted &amp; that they need about 1.5 hrs to reach full flavour. Allow it to take time! This mix of spices gives a lovely body to potjies &amp; stews that cook for a while, preferably in combination with tomatoes and onions. Our favourite recipe is Doro Wat, a chicken stew with origin in Eritrea &amp; Ethiopia. As usual, we gave it our own twist!<\/p>\n<p>Ingredienser: cayenne, paprika, svart peppar, ingef\u00e4ra, salt, koriander, kardemumma, bockhornskl\u00f6ver, muskotn\u00f6t, kryddnejlika, kryddpeppar, kanel, inga konserveringsmedel, tillsatser &amp; eller f\u00e4rg\u00e4mnen. \u00d6ppnad f\u00f6rpackning f\u00f6rvaras svalt. F\u00f6rpackningen \u00e5tervinns som plastf\u00f6rpackning., 95 g netto<\/p>","protected":false},"excerpt":{"rendered":"<p>Taste of Africa's own Berbere \u2013 an exciting chili spice blend from the horn of Africa. The secret is that the spices are roasted &amp; that they need about 1.5 hrs to reach full flavour. Allow it to take time! This mix of spices gives a lovely body to potjies &amp; stews that cook for a while, preferably in combination with tomatoes and onions. Our favourite recipe is Doro Wat, a chicken stew with origin in Eritrea &amp; Ethiopia. As usual, we gave it our own twist!<\/p>\n<p>Ingredienser: cayenne, paprika, svart peppar, ingef\u00e4ra, salt, koriander, kardemumma, bockhornskl\u00f6ver, muskotn\u00f6t, kryddnejlika, kryddpeppar, kanel, inga konserveringsmedel, tillsatser &amp; eller f\u00e4rg\u00e4mnen. \u00d6ppnad f\u00f6rpackning f\u00f6rvaras svalt. F\u00f6rpackningen \u00e5tervinns som plastf\u00f6rpackning., 95 g netto<\/p>","protected":false},"featured_media":6210,"template":"","meta":{"inline_featured_image":false},"product_brand":[],"product_cat":[171,163],"product_tag":[],"class_list":{"0":"post-2980","1":"product","2":"type-product","3":"status-publish","4":"has-post-thumbnail","6":"product_cat-taste-of-africa","7":"product_cat-spice","9":"first","10":"instock","11":"shipping-taxable","12":"purchasable","13":"product-type-simple"},"yoast_head":"<!-- This site is optimized with the Yoast SEO plugin v27.3 - https:\/\/yoast.com\/product\/yoast-seo-wordpress\/ -->\n<title>Berbere Spice- 95g - Taste of Africa<\/title>\n<meta name=\"robots\" content=\"index, follow, max-snippet:-1, max-image-preview:large, max-video-preview:-1\" \/>\n<link rel=\"canonical\" href=\"https:\/\/www.taste-africa.com\/sv\/productTRPLINKPROCESSED\/taste-of-africa-spice-95g\/\" \/>\n<meta property=\"og:locale\" content=\"sv_SE\" \/>\n<meta property=\"og:type\" content=\"article\" \/>\n<meta property=\"og:title\" content=\"Berbere Spice- 95g - Taste of Africa\" \/>\n<meta property=\"og:description\" content=\"Taste of Africa&#039;s own Berbere \u2013 an exciting chili spice blend from the horn of Africa. The secret is that the spices are roasted &amp; that they need about 1.5 hrs to reach full flavour. Allow it to take time! This mix of spices gives a lovely body to potjies &amp; stews that cook for a while, preferably in combination with tomatoes and onions. Our favourite recipe is Doro Wat, a chicken stew with origin in Eritrea &amp; Ethiopia. As usual, we gave it our own twist!  Ingredients: cayenne, paprika, black pepper, ginger, salt, coriander, cardamom, fenugreek, nutmeg, cloves, pimento, cinnamon, no preservatives, additives &amp; colouring agents added. Store in a cool and dry place. Recycle as plastic, 95 g net.\" \/>\n<meta property=\"og:url\" content=\"https:\/\/www.taste-africa.com\/sv\/productTRPLINKPROCESSED\/taste-of-africa-spice-95g\/\" \/>\n<meta property=\"og:site_name\" content=\"Taste of Africa\" \/>\n<meta property=\"article:publisher\" content=\"https:\/\/www.facebook.com\/tasteofafricahedesunda\/\" \/>\n<meta property=\"article:modified_time\" content=\"2026-02-26T08:50:03+00:00\" \/>\n<meta property=\"og:image\" content=\"https:\/\/www.taste-africa.com\/wp-content\/uploads\/2021\/04\/berbere.jpeg\" \/>\n\t<meta property=\"og:image:width\" content=\"582\" \/>\n\t<meta property=\"og:image:height\" content=\"720\" \/>\n\t<meta property=\"og:image:type\" content=\"image\/jpeg\" \/>\n<meta name=\"twitter:card\" content=\"summary_large_image\" \/>\n<meta name=\"twitter:label1\" content=\"Ber\u00e4knad l\u00e4stid\" \/>\n\t<meta name=\"twitter:data1\" content=\"1 minut\" \/>\n<script type=\"application\/ld+json\" class=\"yoast-schema-graph\">{\"@context\":\"https:\\\/\\\/schema.org\",\"@graph\":[{\"@type\":\"WebPage\",\"@id\":\"https:\\\/\\\/www.taste-africa.com\\\/productTRPLINKPROCESSED\\\/taste-of-africa-spice-95g\\\/\",\"url\":\"https:\\\/\\\/www.taste-africa.com\\\/productTRPLINKPROCESSED\\\/taste-of-africa-spice-95g\\\/\",\"name\":\"Berbere Spice- 95g - Taste of Africa\",\"isPartOf\":{\"@id\":\"https:\\\/\\\/www.taste-africa.com\\\/#website\"},\"primaryImageOfPage\":{\"@id\":\"https:\\\/\\\/www.taste-africa.com\\\/productTRPLINKPROCESSED\\\/taste-of-africa-spice-95g\\\/#primaryimage\"},\"image\":{\"@id\":\"https:\\\/\\\/www.taste-africa.com\\\/productTRPLINKPROCESSED\\\/taste-of-africa-spice-95g\\\/#primaryimage\"},\"thumbnailUrl\":\"https:\\\/\\\/www.taste-africa.com\\\/wp-content\\\/uploads\\\/2021\\\/04\\\/berbere.jpeg\",\"datePublished\":\"2021-04-20T13:29:49+00:00\",\"dateModified\":\"2026-02-26T08:50:03+00:00\",\"breadcrumb\":{\"@id\":\"https:\\\/\\\/www.taste-africa.com\\\/productTRPLINKPROCESSED\\\/taste-of-africa-spice-95g\\\/#breadcrumb\"},\"inLanguage\":\"sv-SE\",\"potentialAction\":[{\"@type\":\"ReadAction\",\"target\":[\"https:\\\/\\\/www.taste-africa.com\\\/productTRPLINKPROCESSED\\\/taste-of-africa-spice-95g\\\/\"]}]},{\"@type\":\"ImageObject\",\"inLanguage\":\"sv-SE\",\"@id\":\"https:\\\/\\\/www.taste-africa.com\\\/productTRPLINKPROCESSED\\\/taste-of-africa-spice-95g\\\/#primaryimage\",\"url\":\"https:\\\/\\\/www.taste-africa.com\\\/wp-content\\\/uploads\\\/2021\\\/04\\\/berbere.jpeg\",\"contentUrl\":\"https:\\\/\\\/www.taste-africa.com\\\/wp-content\\\/uploads\\\/2021\\\/04\\\/berbere.jpeg\",\"width\":582,\"height\":720},{\"@type\":\"BreadcrumbList\",\"@id\":\"https:\\\/\\\/www.taste-africa.com\\\/productTRPLINKPROCESSED\\\/taste-of-africa-spice-95g\\\/#breadcrumb\",\"itemListElement\":[{\"@type\":\"ListItem\",\"position\":1,\"name\":\"Home\",\"item\":\"https:\\\/\\\/www.taste-africa.com\\\/\"},{\"@type\":\"ListItem\",\"position\":2,\"name\":\"Shop\",\"item\":\"https:\\\/\\\/www.taste-africa.com\\\/shop\\\/\"},{\"@type\":\"ListItem\",\"position\":3,\"name\":\"Berbere Spice- 95g\"}]},{\"@type\":\"WebSite\",\"@id\":\"https:\\\/\\\/www.taste-africa.com\\\/#website\",\"url\":\"https:\\\/\\\/www.taste-africa.com\\\/\",\"name\":\"Taste of Africa\",\"description\":\"Taste of Africa\",\"publisher\":{\"@id\":\"https:\\\/\\\/www.taste-africa.com\\\/#organization\"},\"potentialAction\":[{\"@type\":\"SearchAction\",\"target\":{\"@type\":\"EntryPoint\",\"urlTemplate\":\"https:\\\/\\\/www.taste-africa.com\\\/?s={search_term_string}\"},\"query-input\":{\"@type\":\"PropertyValueSpecification\",\"valueRequired\":true,\"valueName\":\"search_term_string\"}}],\"inLanguage\":\"sv-SE\"},{\"@type\":\"Organization\",\"@id\":\"https:\\\/\\\/www.taste-africa.com\\\/#organization\",\"name\":\"Taste of Africa\",\"url\":\"https:\\\/\\\/www.taste-africa.com\\\/\",\"logo\":{\"@type\":\"ImageObject\",\"inLanguage\":\"sv-SE\",\"@id\":\"https:\\\/\\\/www.taste-africa.com\\\/#\\\/schema\\\/logo\\\/image\\\/\",\"url\":\"https:\\\/\\\/www.taste-africa.com\\\/wp-content\\\/uploads\\\/2020\\\/08\\\/logo.png\",\"contentUrl\":\"https:\\\/\\\/www.taste-africa.com\\\/wp-content\\\/uploads\\\/2020\\\/08\\\/logo.png\",\"width\":444,\"height\":121,\"caption\":\"Taste of Africa\"},\"image\":{\"@id\":\"https:\\\/\\\/www.taste-africa.com\\\/#\\\/schema\\\/logo\\\/image\\\/\"},\"sameAs\":[\"https:\\\/\\\/www.facebook.com\\\/tasteofafricahedesunda\\\/\",\"https:\\\/\\\/www.instagram.com\\\/tasteofafricahedesunda\\\/\"]}]}<\/script>\n<!-- \/ Yoast SEO plugin. -->","yoast_head_json":{"title":"Berbere Spice- 95g - Taste of Africa","robots":{"index":"index","follow":"follow","max-snippet":"max-snippet:-1","max-image-preview":"max-image-preview:large","max-video-preview":"max-video-preview:-1"},"canonical":"https:\/\/www.taste-africa.com\/sv\/productTRPLINKPROCESSED\/taste-of-africa-spice-95g\/","og_locale":"sv_SE","og_type":"article","og_title":"Berbere Spice- 95g - Taste of Africa","og_description":"Taste of Africa's own Berbere \u2013 an exciting chili spice blend from the horn of Africa. The secret is that the spices are roasted &amp; that they need about 1.5 hrs to reach full flavour. Allow it to take time! This mix of spices gives a lovely body to potjies &amp; stews that cook for a while, preferably in combination with tomatoes and onions. Our favourite recipe is Doro Wat, a chicken stew with origin in Eritrea &amp; Ethiopia. As usual, we gave it our own twist!  Ingredients: cayenne, paprika, black pepper, ginger, salt, coriander, cardamom, fenugreek, nutmeg, cloves, pimento, cinnamon, no preservatives, additives &amp; colouring agents added. Store in a cool and dry place. Recycle as plastic, 95 g net.","og_url":"https:\/\/www.taste-africa.com\/sv\/productTRPLINKPROCESSED\/taste-of-africa-spice-95g\/","og_site_name":"Taste of Africa","article_publisher":"https:\/\/www.facebook.com\/tasteofafricahedesunda\/","article_modified_time":"2026-02-26T08:50:03+00:00","og_image":[{"width":582,"height":720,"url":"https:\/\/www.taste-africa.com\/wp-content\/uploads\/2021\/04\/berbere.jpeg","type":"image\/jpeg"}],"twitter_card":"summary_large_image","twitter_misc":{"Ber\u00e4knad l\u00e4stid":"1 minut"},"schema":{"@context":"https:\/\/schema.org","@graph":[{"@type":"WebPage","@id":"https:\/\/www.taste-africa.com\/productTRPLINKPROCESSED\/taste-of-africa-spice-95g\/","url":"https:\/\/www.taste-africa.com\/productTRPLINKPROCESSED\/taste-of-africa-spice-95g\/","name":"Berbere Spice- 95g - Taste of Africa","isPartOf":{"@id":"https:\/\/www.taste-africa.com\/#website"},"primaryImageOfPage":{"@id":"https:\/\/www.taste-africa.com\/productTRPLINKPROCESSED\/taste-of-africa-spice-95g\/#primaryimage"},"image":{"@id":"https:\/\/www.taste-africa.com\/productTRPLINKPROCESSED\/taste-of-africa-spice-95g\/#primaryimage"},"thumbnailUrl":"https:\/\/www.taste-africa.com\/wp-content\/uploads\/2021\/04\/berbere.jpeg","datePublished":"2021-04-20T13:29:49+00:00","dateModified":"2026-02-26T08:50:03+00:00","breadcrumb":{"@id":"https:\/\/www.taste-africa.com\/productTRPLINKPROCESSED\/taste-of-africa-spice-95g\/#breadcrumb"},"inLanguage":"sv-SE","potentialAction":[{"@type":"ReadAction","target":["https:\/\/www.taste-africa.com\/productTRPLINKPROCESSED\/taste-of-africa-spice-95g\/"]}]},{"@type":"ImageObject","inLanguage":"sv-SE","@id":"https:\/\/www.taste-africa.com\/productTRPLINKPROCESSED\/taste-of-africa-spice-95g\/#primaryimage","url":"https:\/\/www.taste-africa.com\/wp-content\/uploads\/2021\/04\/berbere.jpeg","contentUrl":"https:\/\/www.taste-africa.com\/wp-content\/uploads\/2021\/04\/berbere.jpeg","width":582,"height":720},{"@type":"BreadcrumbList","@id":"https:\/\/www.taste-africa.com\/productTRPLINKPROCESSED\/taste-of-africa-spice-95g\/#breadcrumb","itemListElement":[{"@type":"ListItem","position":1,"name":"Home","item":"https:\/\/www.taste-africa.com\/"},{"@type":"ListItem","position":2,"name":"Shop","item":"https:\/\/www.taste-africa.com\/shop\/"},{"@type":"ListItem","position":3,"name":"Berbere Spice- 95g"}]},{"@type":"WebSite","@id":"https:\/\/www.taste-africa.com\/#website","url":"https:\/\/www.taste-africa.com\/","name":"Taste of Africa","description":"Taste of Africa","publisher":{"@id":"https:\/\/www.taste-africa.com\/#organization"},"potentialAction":[{"@type":"SearchAction","target":{"@type":"EntryPoint","urlTemplate":"https:\/\/www.taste-africa.com\/?s={search_term_string}"},"query-input":{"@type":"PropertyValueSpecification","valueRequired":true,"valueName":"search_term_string"}}],"inLanguage":"sv-SE"},{"@type":"Organization","@id":"https:\/\/www.taste-africa.com\/#organization","name":"Taste of Africa","url":"https:\/\/www.taste-africa.com\/","logo":{"@type":"ImageObject","inLanguage":"sv-SE","@id":"https:\/\/www.taste-africa.com\/#\/schema\/logo\/image\/","url":"https:\/\/www.taste-africa.com\/wp-content\/uploads\/2020\/08\/logo.png","contentUrl":"https:\/\/www.taste-africa.com\/wp-content\/uploads\/2020\/08\/logo.png","width":444,"height":121,"caption":"Taste of Africa"},"image":{"@id":"https:\/\/www.taste-africa.com\/#\/schema\/logo\/image\/"},"sameAs":["https:\/\/www.facebook.com\/tasteofafricahedesunda\/","https:\/\/www.instagram.com\/tasteofafricahedesunda\/"]}]}},"_links":{"self":[{"href":"https:\/\/www.taste-africa.com\/sv\/wp-json\/wp\/v2\/product\/2980","targetHints":{"allow":["GET"]}}],"collection":[{"href":"https:\/\/www.taste-africa.com\/sv\/wp-json\/wp\/v2\/product"}],"about":[{"href":"https:\/\/www.taste-africa.com\/sv\/wp-json\/wp\/v2\/types\/product"}],"version-history":[{"count":6,"href":"https:\/\/www.taste-africa.com\/sv\/wp-json\/wp\/v2\/product\/2980\/revisions"}],"predecessor-version":[{"id":7098,"href":"https:\/\/www.taste-africa.com\/sv\/wp-json\/wp\/v2\/product\/2980\/revisions\/7098"}],"wp:featuredmedia":[{"embeddable":true,"href":"https:\/\/www.taste-africa.com\/sv\/wp-json\/wp\/v2\/media\/6210"}],"wp:attachment":[{"href":"https:\/\/www.taste-africa.com\/sv\/wp-json\/wp\/v2\/media?parent=2980"}],"wp:term":[{"taxonomy":"product_brand","embeddable":true,"href":"https:\/\/www.taste-africa.com\/sv\/wp-json\/wp\/v2\/product_brand?post=2980"},{"taxonomy":"product_cat","embeddable":true,"href":"https:\/\/www.taste-africa.com\/sv\/wp-json\/wp\/v2\/product_cat?post=2980"},{"taxonomy":"product_tag","embeddable":true,"href":"https:\/\/www.taste-africa.com\/sv\/wp-json\/wp\/v2\/product_tag?post=2980"}],"curies":[{"name":"wp","href":"https:\/\/api.w.org\/{rel}","templated":true}]}}