{"id":3053,"date":"2021-04-20T14:43:47","date_gmt":"2021-04-20T14:43:47","guid":{"rendered":"https:\/\/www.taste-africa.com\/?post_type=product&#038;p=3053"},"modified":"2026-02-26T07:24:07","modified_gmt":"2026-02-26T07:24:07","slug":"jinja-rooibos-with-cinnamon","status":"publish","type":"product","link":"https:\/\/www.taste-africa.com\/sv\/productTRPLINKPROCESSED\/jinja-rooibos-with-cinnamon\/","title":{"rendered":"Jinja - rooibos med kanelst\u00e5ng"},"content":{"rendered":"<p>Detta kryddiga bushtea har karakt\u00e4ren av ett rundat milt kanelte, vilket g\u00f6r det till ett av v\u00e5ra mest omtyckta bushteer. Vi anv\u00e4nder ofta Jinja n\u00e4r vi g\u00f6r bushteagl\u00f6gg till jul.<\/p>\n<p class=\"translation-block\">Ingredienser: torkade blad av rooibos <i>(Asphalatus linearis)<\/i>, malen kanelst\u00e5ng. Inneh\u00e5ller inga konserveringsmedel, smak\u00e4mnen eller f\u00e4rg\u00e4mnen. Kommer att beh\u00e5lla sina unika smaker och kvalitet om det f\u00f6rvaras svalt och torrt. \u00c5tervinn pappersp\u00e5sen, avl\u00e4gsna plastetiketten. Nettovikt: 100 g. Tillverkad i South Africa endast f\u00f6r Taste of Africa.<\/p>","protected":false},"excerpt":{"rendered":"<p>Detta kryddiga bushtea har karakt\u00e4ren av ett rundat milt kanelte, vilket g\u00f6r det till ett av v\u00e5ra mest omtyckta bushteer. Vi anv\u00e4nder ofta Jinja n\u00e4r vi g\u00f6r bushteagl\u00f6gg till jul.<\/p>\n<p class=\"translation-block\">Ingredienser: torkade blad av rooibos <i>(Asphalatus linearis)<\/i>, malen kanelst\u00e5ng. Inneh\u00e5ller inga konserveringsmedel, smak\u00e4mnen eller f\u00e4rg\u00e4mnen. Kommer att beh\u00e5lla sina unika smaker och kvalitet om det f\u00f6rvaras svalt och torrt. \u00c5tervinn pappersp\u00e5sen, avl\u00e4gsna plastetiketten. Nettovikt: 100 g. Tillverkad i South Africa endast f\u00f6r Taste of Africa.<\/p>","protected":false},"featured_media":6442,"template":"","meta":{"inline_featured_image":false},"product_brand":[],"product_cat":[242,171,220],"product_tag":[],"class_list":{"0":"post-3053","1":"product","2":"type-product","3":"status-publish","4":"has-post-thumbnail","6":"product_cat-flavoured-bushtea","7":"product_cat-taste-of-africa","8":"product_cat-bush-tea","10":"first","11":"instock","12":"shipping-taxable","13":"purchasable","14":"product-type-simple"},"yoast_head":"<!-- This site is optimized with the Yoast SEO plugin v27.3 - https:\/\/yoast.com\/product\/yoast-seo-wordpress\/ -->\n<title>Jinja, rooibos with cinnamon - Taste of Africa<\/title>\n<meta name=\"robots\" content=\"index, follow, max-snippet:-1, max-image-preview:large, max-video-preview:-1\" \/>\n<link rel=\"canonical\" href=\"https:\/\/www.taste-africa.com\/sv\/productTRPLINKPROCESSED\/jinja-rooibos-with-cinnamon\/\" \/>\n<meta property=\"og:locale\" content=\"sv_SE\" \/>\n<meta property=\"og:type\" content=\"article\" \/>\n<meta property=\"og:title\" content=\"Jinja, rooibos with cinnamon - Taste of Africa\" \/>\n<meta property=\"og:description\" content=\"This spicy bushtea has the character of a rounded gentle cinnamon tea, making it one of our most popular bushteas. We often use this bushtea when preparing our mulled rooibos at Christmas time.  Ingredients: dried leaves of rooibos (Asphalatus linearis), stick cinnamon. Contains no preservatives, flavourants or colorants. Will maintain its unique flavours and quality if kept in a cool and dry place. Please recycle the paper bag, remove the plastic labels before. Net weight: 100 g. Made in South Africa uniquely for Taste of Africa\" \/>\n<meta property=\"og:url\" content=\"https:\/\/www.taste-africa.com\/sv\/productTRPLINKPROCESSED\/jinja-rooibos-with-cinnamon\/\" \/>\n<meta property=\"og:site_name\" content=\"Taste of Africa\" \/>\n<meta property=\"article:publisher\" content=\"https:\/\/www.facebook.com\/tasteofafricahedesunda\/\" \/>\n<meta property=\"article:modified_time\" content=\"2026-02-26T07:24:07+00:00\" \/>\n<meta property=\"og:image\" content=\"https:\/\/www.taste-africa.com\/wp-content\/uploads\/2021\/04\/All-flavoured-bushteas-9-1.jpg\" \/>\n\t<meta property=\"og:image:width\" content=\"923\" \/>\n\t<meta property=\"og:image:height\" content=\"657\" \/>\n\t<meta property=\"og:image:type\" content=\"image\/jpeg\" \/>\n<meta name=\"twitter:card\" content=\"summary_large_image\" \/>\n<script type=\"application\/ld+json\" class=\"yoast-schema-graph\">{\"@context\":\"https:\\\/\\\/schema.org\",\"@graph\":[{\"@type\":\"WebPage\",\"@id\":\"https:\\\/\\\/www.taste-africa.com\\\/productTRPLINKPROCESSED\\\/jinja-rooibos-with-cinnamon\\\/\",\"url\":\"https:\\\/\\\/www.taste-africa.com\\\/productTRPLINKPROCESSED\\\/jinja-rooibos-with-cinnamon\\\/\",\"name\":\"Jinja, rooibos with cinnamon - Taste of Africa\",\"isPartOf\":{\"@id\":\"https:\\\/\\\/www.taste-africa.com\\\/#website\"},\"primaryImageOfPage\":{\"@id\":\"https:\\\/\\\/www.taste-africa.com\\\/productTRPLINKPROCESSED\\\/jinja-rooibos-with-cinnamon\\\/#primaryimage\"},\"image\":{\"@id\":\"https:\\\/\\\/www.taste-africa.com\\\/productTRPLINKPROCESSED\\\/jinja-rooibos-with-cinnamon\\\/#primaryimage\"},\"thumbnailUrl\":\"https:\\\/\\\/www.taste-africa.com\\\/wp-content\\\/uploads\\\/2021\\\/04\\\/All-flavoured-bushteas-9-1.jpg\",\"datePublished\":\"2021-04-20T14:43:47+00:00\",\"dateModified\":\"2026-02-26T07:24:07+00:00\",\"breadcrumb\":{\"@id\":\"https:\\\/\\\/www.taste-africa.com\\\/productTRPLINKPROCESSED\\\/jinja-rooibos-with-cinnamon\\\/#breadcrumb\"},\"inLanguage\":\"sv-SE\",\"potentialAction\":[{\"@type\":\"ReadAction\",\"target\":[\"https:\\\/\\\/www.taste-africa.com\\\/productTRPLINKPROCESSED\\\/jinja-rooibos-with-cinnamon\\\/\"]}]},{\"@type\":\"ImageObject\",\"inLanguage\":\"sv-SE\",\"@id\":\"https:\\\/\\\/www.taste-africa.com\\\/productTRPLINKPROCESSED\\\/jinja-rooibos-with-cinnamon\\\/#primaryimage\",\"url\":\"https:\\\/\\\/www.taste-africa.com\\\/wp-content\\\/uploads\\\/2021\\\/04\\\/All-flavoured-bushteas-9-1.jpg\",\"contentUrl\":\"https:\\\/\\\/www.taste-africa.com\\\/wp-content\\\/uploads\\\/2021\\\/04\\\/All-flavoured-bushteas-9-1.jpg\",\"width\":923,\"height\":657},{\"@type\":\"BreadcrumbList\",\"@id\":\"https:\\\/\\\/www.taste-africa.com\\\/productTRPLINKPROCESSED\\\/jinja-rooibos-with-cinnamon\\\/#breadcrumb\",\"itemListElement\":[{\"@type\":\"ListItem\",\"position\":1,\"name\":\"Home\",\"item\":\"https:\\\/\\\/www.taste-africa.com\\\/\"},{\"@type\":\"ListItem\",\"position\":2,\"name\":\"Shop\",\"item\":\"https:\\\/\\\/www.taste-africa.com\\\/shop\\\/\"},{\"@type\":\"ListItem\",\"position\":3,\"name\":\"Jinja, rooibos with cinnamon\"}]},{\"@type\":\"WebSite\",\"@id\":\"https:\\\/\\\/www.taste-africa.com\\\/#website\",\"url\":\"https:\\\/\\\/www.taste-africa.com\\\/\",\"name\":\"Taste of Africa\",\"description\":\"Taste of Africa\",\"publisher\":{\"@id\":\"https:\\\/\\\/www.taste-africa.com\\\/#organization\"},\"potentialAction\":[{\"@type\":\"SearchAction\",\"target\":{\"@type\":\"EntryPoint\",\"urlTemplate\":\"https:\\\/\\\/www.taste-africa.com\\\/?s={search_term_string}\"},\"query-input\":{\"@type\":\"PropertyValueSpecification\",\"valueRequired\":true,\"valueName\":\"search_term_string\"}}],\"inLanguage\":\"sv-SE\"},{\"@type\":\"Organization\",\"@id\":\"https:\\\/\\\/www.taste-africa.com\\\/#organization\",\"name\":\"Taste of Africa\",\"url\":\"https:\\\/\\\/www.taste-africa.com\\\/\",\"logo\":{\"@type\":\"ImageObject\",\"inLanguage\":\"sv-SE\",\"@id\":\"https:\\\/\\\/www.taste-africa.com\\\/#\\\/schema\\\/logo\\\/image\\\/\",\"url\":\"https:\\\/\\\/www.taste-africa.com\\\/wp-content\\\/uploads\\\/2020\\\/08\\\/logo.png\",\"contentUrl\":\"https:\\\/\\\/www.taste-africa.com\\\/wp-content\\\/uploads\\\/2020\\\/08\\\/logo.png\",\"width\":444,\"height\":121,\"caption\":\"Taste of Africa\"},\"image\":{\"@id\":\"https:\\\/\\\/www.taste-africa.com\\\/#\\\/schema\\\/logo\\\/image\\\/\"},\"sameAs\":[\"https:\\\/\\\/www.facebook.com\\\/tasteofafricahedesunda\\\/\",\"https:\\\/\\\/www.instagram.com\\\/tasteofafricahedesunda\\\/\"]}]}<\/script>\n<!-- \/ Yoast SEO plugin. -->","yoast_head_json":{"title":"Jinja, rooibos with cinnamon - Taste of Africa","robots":{"index":"index","follow":"follow","max-snippet":"max-snippet:-1","max-image-preview":"max-image-preview:large","max-video-preview":"max-video-preview:-1"},"canonical":"https:\/\/www.taste-africa.com\/sv\/productTRPLINKPROCESSED\/jinja-rooibos-with-cinnamon\/","og_locale":"sv_SE","og_type":"article","og_title":"Jinja, rooibos with cinnamon - Taste of Africa","og_description":"This spicy bushtea has the character of a rounded gentle cinnamon tea, making it one of our most popular bushteas. We often use this bushtea when preparing our mulled rooibos at Christmas time.  Ingredients: dried leaves of rooibos (Asphalatus linearis), stick cinnamon. Contains no preservatives, flavourants or colorants. Will maintain its unique flavours and quality if kept in a cool and dry place. Please recycle the paper bag, remove the plastic labels before. Net weight: 100 g. Made in South Africa uniquely for Taste of Africa","og_url":"https:\/\/www.taste-africa.com\/sv\/productTRPLINKPROCESSED\/jinja-rooibos-with-cinnamon\/","og_site_name":"Taste of Africa","article_publisher":"https:\/\/www.facebook.com\/tasteofafricahedesunda\/","article_modified_time":"2026-02-26T07:24:07+00:00","og_image":[{"width":923,"height":657,"url":"https:\/\/www.taste-africa.com\/wp-content\/uploads\/2021\/04\/All-flavoured-bushteas-9-1.jpg","type":"image\/jpeg"}],"twitter_card":"summary_large_image","schema":{"@context":"https:\/\/schema.org","@graph":[{"@type":"WebPage","@id":"https:\/\/www.taste-africa.com\/productTRPLINKPROCESSED\/jinja-rooibos-with-cinnamon\/","url":"https:\/\/www.taste-africa.com\/productTRPLINKPROCESSED\/jinja-rooibos-with-cinnamon\/","name":"Jinja, rooibos with cinnamon - Taste of Africa","isPartOf":{"@id":"https:\/\/www.taste-africa.com\/#website"},"primaryImageOfPage":{"@id":"https:\/\/www.taste-africa.com\/productTRPLINKPROCESSED\/jinja-rooibos-with-cinnamon\/#primaryimage"},"image":{"@id":"https:\/\/www.taste-africa.com\/productTRPLINKPROCESSED\/jinja-rooibos-with-cinnamon\/#primaryimage"},"thumbnailUrl":"https:\/\/www.taste-africa.com\/wp-content\/uploads\/2021\/04\/All-flavoured-bushteas-9-1.jpg","datePublished":"2021-04-20T14:43:47+00:00","dateModified":"2026-02-26T07:24:07+00:00","breadcrumb":{"@id":"https:\/\/www.taste-africa.com\/productTRPLINKPROCESSED\/jinja-rooibos-with-cinnamon\/#breadcrumb"},"inLanguage":"sv-SE","potentialAction":[{"@type":"ReadAction","target":["https:\/\/www.taste-africa.com\/productTRPLINKPROCESSED\/jinja-rooibos-with-cinnamon\/"]}]},{"@type":"ImageObject","inLanguage":"sv-SE","@id":"https:\/\/www.taste-africa.com\/productTRPLINKPROCESSED\/jinja-rooibos-with-cinnamon\/#primaryimage","url":"https:\/\/www.taste-africa.com\/wp-content\/uploads\/2021\/04\/All-flavoured-bushteas-9-1.jpg","contentUrl":"https:\/\/www.taste-africa.com\/wp-content\/uploads\/2021\/04\/All-flavoured-bushteas-9-1.jpg","width":923,"height":657},{"@type":"BreadcrumbList","@id":"https:\/\/www.taste-africa.com\/productTRPLINKPROCESSED\/jinja-rooibos-with-cinnamon\/#breadcrumb","itemListElement":[{"@type":"ListItem","position":1,"name":"Home","item":"https:\/\/www.taste-africa.com\/"},{"@type":"ListItem","position":2,"name":"Shop","item":"https:\/\/www.taste-africa.com\/shop\/"},{"@type":"ListItem","position":3,"name":"Jinja, rooibos with cinnamon"}]},{"@type":"WebSite","@id":"https:\/\/www.taste-africa.com\/#website","url":"https:\/\/www.taste-africa.com\/","name":"Taste of Africa","description":"Taste of Africa","publisher":{"@id":"https:\/\/www.taste-africa.com\/#organization"},"potentialAction":[{"@type":"SearchAction","target":{"@type":"EntryPoint","urlTemplate":"https:\/\/www.taste-africa.com\/?s={search_term_string}"},"query-input":{"@type":"PropertyValueSpecification","valueRequired":true,"valueName":"search_term_string"}}],"inLanguage":"sv-SE"},{"@type":"Organization","@id":"https:\/\/www.taste-africa.com\/#organization","name":"Taste of Africa","url":"https:\/\/www.taste-africa.com\/","logo":{"@type":"ImageObject","inLanguage":"sv-SE","@id":"https:\/\/www.taste-africa.com\/#\/schema\/logo\/image\/","url":"https:\/\/www.taste-africa.com\/wp-content\/uploads\/2020\/08\/logo.png","contentUrl":"https:\/\/www.taste-africa.com\/wp-content\/uploads\/2020\/08\/logo.png","width":444,"height":121,"caption":"Taste of Africa"},"image":{"@id":"https:\/\/www.taste-africa.com\/#\/schema\/logo\/image\/"},"sameAs":["https:\/\/www.facebook.com\/tasteofafricahedesunda\/","https:\/\/www.instagram.com\/tasteofafricahedesunda\/"]}]}},"_links":{"self":[{"href":"https:\/\/www.taste-africa.com\/sv\/wp-json\/wp\/v2\/product\/3053","targetHints":{"allow":["GET"]}}],"collection":[{"href":"https:\/\/www.taste-africa.com\/sv\/wp-json\/wp\/v2\/product"}],"about":[{"href":"https:\/\/www.taste-africa.com\/sv\/wp-json\/wp\/v2\/types\/product"}],"version-history":[{"count":8,"href":"https:\/\/www.taste-africa.com\/sv\/wp-json\/wp\/v2\/product\/3053\/revisions"}],"predecessor-version":[{"id":7123,"href":"https:\/\/www.taste-africa.com\/sv\/wp-json\/wp\/v2\/product\/3053\/revisions\/7123"}],"wp:featuredmedia":[{"embeddable":true,"href":"https:\/\/www.taste-africa.com\/sv\/wp-json\/wp\/v2\/media\/6442"}],"wp:attachment":[{"href":"https:\/\/www.taste-africa.com\/sv\/wp-json\/wp\/v2\/media?parent=3053"}],"wp:term":[{"taxonomy":"product_brand","embeddable":true,"href":"https:\/\/www.taste-africa.com\/sv\/wp-json\/wp\/v2\/product_brand?post=3053"},{"taxonomy":"product_cat","embeddable":true,"href":"https:\/\/www.taste-africa.com\/sv\/wp-json\/wp\/v2\/product_cat?post=3053"},{"taxonomy":"product_tag","embeddable":true,"href":"https:\/\/www.taste-africa.com\/sv\/wp-json\/wp\/v2\/product_tag?post=3053"}],"curies":[{"name":"wp","href":"https:\/\/api.w.org\/{rel}","templated":true}]}}