{"id":4842,"date":"2021-05-17T13:04:39","date_gmt":"2021-05-17T13:04:39","guid":{"rendered":"https:\/\/www.taste-africa.com\/?post_type=product&#038;p=4842"},"modified":"2026-03-05T12:35:32","modified_gmt":"2026-03-05T12:35:32","slug":"mild-with-apricots-peaches","status":"publish","type":"product","link":"https:\/\/www.taste-africa.com\/sv\/productTRPLINKPROCESSED\/mild-with-apricots-peaches\/","title":{"rendered":"Amelia's mild chutney, mild with apricots &#038; peaches &#8211; 260ml"},"content":{"rendered":"","protected":false},"excerpt":{"rendered":"<p>Om du har smakat chutney f\u00f6rut, t ex. indisk mango chutney, s\u00e5 kommer den h\u00e4r chutneyn k\u00e4nnas lite mindre s\u00f6t och mindre kladdig, lite mer som en sylt i konsistensen. Aprikoserna i den h\u00e4r milda chutneyn ger en lite l\u00e4tt syrlig ton i smaken och med den fina milda kryddigheten passar den bra att servera som ett tillbeh\u00f6r till varm mat. Vi anv\u00e4nder ocks\u00e5 mild Amelias chutney till m\u00e5nga grytor, varma och kalla s\u00e5ser och marinader. P\u00e5 sommaren anv\u00e4nder vi g\u00e4rna chutney som smaks\u00e4ttare t ex i en potatis- eller pastasallad. Vi ger dig ett s\u00e5dant recept h\u00e4r nedan!<\/p>\n<p class=\"translation-block\">Ingredienser: k\u00e4llvatten, socker, vitvinsvin\u00e4ger, torkade persikor (10%) &amp; aprikoser (5%), frukten inneh\u00e5ller konserveringsmedel <b>svaveldioxid<\/b>, l\u00f6k, kryddor, havssalt. Volym (netto): 260 ml<\/p>","protected":false},"featured_media":8165,"template":"","meta":{"inline_featured_image":false},"product_brand":[],"product_cat":[212],"product_tag":[],"class_list":{"0":"post-4842","1":"product","2":"type-product","3":"status-publish","4":"has-post-thumbnail","6":"product_cat-amelias-chutney","8":"first","9":"instock","10":"shipping-taxable","11":"purchasable","12":"product-type-simple"},"yoast_head":"<!-- This site is optimized with the Yoast SEO plugin v27.3 - https:\/\/yoast.com\/product\/yoast-seo-wordpress\/ -->\n<title>Amelia&#039;s mild chutney, mild with apricots &amp; peaches - 260ml - Taste of Africa<\/title>\n<meta name=\"robots\" content=\"index, follow, max-snippet:-1, max-image-preview:large, max-video-preview:-1\" \/>\n<link rel=\"canonical\" href=\"https:\/\/www.taste-africa.com\/sv\/productTRPLINKPROCESSED\/mild-with-apricots-peaches\/\" \/>\n<meta property=\"og:locale\" content=\"sv_SE\" \/>\n<meta property=\"og:type\" content=\"article\" \/>\n<meta property=\"og:title\" content=\"Amelia&#039;s mild chutney, mild with apricots &amp; peaches - 260ml - Taste of Africa\" \/>\n<meta property=\"og:description\" content=\"If you&#039;ve had chutney before, that was sweet and sticky, as the Indian mango chutney often is, this chutney will strike you as less sweet and not as sticky. Rather like a jam in its composition. The apricots in this mild Amelia&#039;s chutney give the signature sweet-sour taste and in hand with the spices, it&#039;s a good companion to meals.  Ingredients: spring water, sugar, white grape vinegar, dried peaches (10%) &amp; apricots (5%), the dried fruit contains preservative\u00a0sulphur dioxide, onions, spices, sea salt. Volume (net): 260 ml\" \/>\n<meta property=\"og:url\" content=\"https:\/\/www.taste-africa.com\/sv\/productTRPLINKPROCESSED\/mild-with-apricots-peaches\/\" \/>\n<meta property=\"og:site_name\" content=\"Taste of Africa\" \/>\n<meta property=\"article:publisher\" content=\"https:\/\/www.facebook.com\/tasteofafricahedesunda\/\" \/>\n<meta property=\"article:modified_time\" content=\"2026-03-05T12:35:32+00:00\" \/>\n<meta property=\"og:image\" content=\"https:\/\/www.taste-africa.com\/wp-content\/uploads\/2021\/05\/Amelias-mild-1.jpg\" \/>\n\t<meta property=\"og:image:width\" content=\"720\" \/>\n\t<meta property=\"og:image:height\" content=\"756\" \/>\n\t<meta property=\"og:image:type\" content=\"image\/jpeg\" \/>\n<meta name=\"twitter:card\" content=\"summary_large_image\" \/>\n<script type=\"application\/ld+json\" class=\"yoast-schema-graph\">{\"@context\":\"https:\\\/\\\/schema.org\",\"@graph\":[{\"@type\":\"WebPage\",\"@id\":\"https:\\\/\\\/www.taste-africa.com\\\/productTRPLINKPROCESSED\\\/mild-with-apricots-peaches\\\/\",\"url\":\"https:\\\/\\\/www.taste-africa.com\\\/productTRPLINKPROCESSED\\\/mild-with-apricots-peaches\\\/\",\"name\":\"Amelia's mild chutney, mild with apricots & peaches - 260ml - Taste of Africa\",\"isPartOf\":{\"@id\":\"https:\\\/\\\/www.taste-africa.com\\\/#website\"},\"primaryImageOfPage\":{\"@id\":\"https:\\\/\\\/www.taste-africa.com\\\/productTRPLINKPROCESSED\\\/mild-with-apricots-peaches\\\/#primaryimage\"},\"image\":{\"@id\":\"https:\\\/\\\/www.taste-africa.com\\\/productTRPLINKPROCESSED\\\/mild-with-apricots-peaches\\\/#primaryimage\"},\"thumbnailUrl\":\"https:\\\/\\\/www.taste-africa.com\\\/wp-content\\\/uploads\\\/2021\\\/05\\\/Amelias-mild-1.jpg\",\"datePublished\":\"2021-05-17T13:04:39+00:00\",\"dateModified\":\"2026-03-05T12:35:32+00:00\",\"breadcrumb\":{\"@id\":\"https:\\\/\\\/www.taste-africa.com\\\/productTRPLINKPROCESSED\\\/mild-with-apricots-peaches\\\/#breadcrumb\"},\"inLanguage\":\"sv-SE\",\"potentialAction\":[{\"@type\":\"ReadAction\",\"target\":[\"https:\\\/\\\/www.taste-africa.com\\\/productTRPLINKPROCESSED\\\/mild-with-apricots-peaches\\\/\"]}]},{\"@type\":\"ImageObject\",\"inLanguage\":\"sv-SE\",\"@id\":\"https:\\\/\\\/www.taste-africa.com\\\/productTRPLINKPROCESSED\\\/mild-with-apricots-peaches\\\/#primaryimage\",\"url\":\"https:\\\/\\\/www.taste-africa.com\\\/wp-content\\\/uploads\\\/2021\\\/05\\\/Amelias-mild-1.jpg\",\"contentUrl\":\"https:\\\/\\\/www.taste-africa.com\\\/wp-content\\\/uploads\\\/2021\\\/05\\\/Amelias-mild-1.jpg\",\"width\":720,\"height\":756},{\"@type\":\"BreadcrumbList\",\"@id\":\"https:\\\/\\\/www.taste-africa.com\\\/productTRPLINKPROCESSED\\\/mild-with-apricots-peaches\\\/#breadcrumb\",\"itemListElement\":[{\"@type\":\"ListItem\",\"position\":1,\"name\":\"Home\",\"item\":\"https:\\\/\\\/www.taste-africa.com\\\/\"},{\"@type\":\"ListItem\",\"position\":2,\"name\":\"Shop\",\"item\":\"https:\\\/\\\/www.taste-africa.com\\\/shop\\\/\"},{\"@type\":\"ListItem\",\"position\":3,\"name\":\"Amelia's mild chutney, mild with apricots &#038; peaches &#8211; 260ml\"}]},{\"@type\":\"WebSite\",\"@id\":\"https:\\\/\\\/www.taste-africa.com\\\/#website\",\"url\":\"https:\\\/\\\/www.taste-africa.com\\\/\",\"name\":\"Taste of Africa\",\"description\":\"Taste of Africa\",\"publisher\":{\"@id\":\"https:\\\/\\\/www.taste-africa.com\\\/#organization\"},\"potentialAction\":[{\"@type\":\"SearchAction\",\"target\":{\"@type\":\"EntryPoint\",\"urlTemplate\":\"https:\\\/\\\/www.taste-africa.com\\\/?s={search_term_string}\"},\"query-input\":{\"@type\":\"PropertyValueSpecification\",\"valueRequired\":true,\"valueName\":\"search_term_string\"}}],\"inLanguage\":\"sv-SE\"},{\"@type\":\"Organization\",\"@id\":\"https:\\\/\\\/www.taste-africa.com\\\/#organization\",\"name\":\"Taste of Africa\",\"url\":\"https:\\\/\\\/www.taste-africa.com\\\/\",\"logo\":{\"@type\":\"ImageObject\",\"inLanguage\":\"sv-SE\",\"@id\":\"https:\\\/\\\/www.taste-africa.com\\\/#\\\/schema\\\/logo\\\/image\\\/\",\"url\":\"https:\\\/\\\/www.taste-africa.com\\\/wp-content\\\/uploads\\\/2020\\\/08\\\/logo.png\",\"contentUrl\":\"https:\\\/\\\/www.taste-africa.com\\\/wp-content\\\/uploads\\\/2020\\\/08\\\/logo.png\",\"width\":444,\"height\":121,\"caption\":\"Taste of Africa\"},\"image\":{\"@id\":\"https:\\\/\\\/www.taste-africa.com\\\/#\\\/schema\\\/logo\\\/image\\\/\"},\"sameAs\":[\"https:\\\/\\\/www.facebook.com\\\/tasteofafricahedesunda\\\/\",\"https:\\\/\\\/www.instagram.com\\\/tasteofafricahedesunda\\\/\"]}]}<\/script>\n<!-- \/ Yoast SEO plugin. -->","yoast_head_json":{"title":"Amelia's mild chutney, mild with apricots & peaches - 260ml - Taste of Africa","robots":{"index":"index","follow":"follow","max-snippet":"max-snippet:-1","max-image-preview":"max-image-preview:large","max-video-preview":"max-video-preview:-1"},"canonical":"https:\/\/www.taste-africa.com\/sv\/productTRPLINKPROCESSED\/mild-with-apricots-peaches\/","og_locale":"sv_SE","og_type":"article","og_title":"Amelia's mild chutney, mild with apricots & peaches - 260ml - Taste of Africa","og_description":"If you've had chutney before, that was sweet and sticky, as the Indian mango chutney often is, this chutney will strike you as less sweet and not as sticky. Rather like a jam in its composition. The apricots in this mild Amelia's chutney give the signature sweet-sour taste and in hand with the spices, it's a good companion to meals.  Ingredients: spring water, sugar, white grape vinegar, dried peaches (10%) &amp; apricots (5%), the dried fruit contains preservative\u00a0sulphur dioxide, onions, spices, sea salt. Volume (net): 260 ml","og_url":"https:\/\/www.taste-africa.com\/sv\/productTRPLINKPROCESSED\/mild-with-apricots-peaches\/","og_site_name":"Taste of Africa","article_publisher":"https:\/\/www.facebook.com\/tasteofafricahedesunda\/","article_modified_time":"2026-03-05T12:35:32+00:00","og_image":[{"width":720,"height":756,"url":"https:\/\/www.taste-africa.com\/wp-content\/uploads\/2021\/05\/Amelias-mild-1.jpg","type":"image\/jpeg"}],"twitter_card":"summary_large_image","schema":{"@context":"https:\/\/schema.org","@graph":[{"@type":"WebPage","@id":"https:\/\/www.taste-africa.com\/productTRPLINKPROCESSED\/mild-with-apricots-peaches\/","url":"https:\/\/www.taste-africa.com\/productTRPLINKPROCESSED\/mild-with-apricots-peaches\/","name":"Amelia's mild chutney, mild with apricots & peaches - 260ml - Taste of Africa","isPartOf":{"@id":"https:\/\/www.taste-africa.com\/#website"},"primaryImageOfPage":{"@id":"https:\/\/www.taste-africa.com\/productTRPLINKPROCESSED\/mild-with-apricots-peaches\/#primaryimage"},"image":{"@id":"https:\/\/www.taste-africa.com\/productTRPLINKPROCESSED\/mild-with-apricots-peaches\/#primaryimage"},"thumbnailUrl":"https:\/\/www.taste-africa.com\/wp-content\/uploads\/2021\/05\/Amelias-mild-1.jpg","datePublished":"2021-05-17T13:04:39+00:00","dateModified":"2026-03-05T12:35:32+00:00","breadcrumb":{"@id":"https:\/\/www.taste-africa.com\/productTRPLINKPROCESSED\/mild-with-apricots-peaches\/#breadcrumb"},"inLanguage":"sv-SE","potentialAction":[{"@type":"ReadAction","target":["https:\/\/www.taste-africa.com\/productTRPLINKPROCESSED\/mild-with-apricots-peaches\/"]}]},{"@type":"ImageObject","inLanguage":"sv-SE","@id":"https:\/\/www.taste-africa.com\/productTRPLINKPROCESSED\/mild-with-apricots-peaches\/#primaryimage","url":"https:\/\/www.taste-africa.com\/wp-content\/uploads\/2021\/05\/Amelias-mild-1.jpg","contentUrl":"https:\/\/www.taste-africa.com\/wp-content\/uploads\/2021\/05\/Amelias-mild-1.jpg","width":720,"height":756},{"@type":"BreadcrumbList","@id":"https:\/\/www.taste-africa.com\/productTRPLINKPROCESSED\/mild-with-apricots-peaches\/#breadcrumb","itemListElement":[{"@type":"ListItem","position":1,"name":"Home","item":"https:\/\/www.taste-africa.com\/"},{"@type":"ListItem","position":2,"name":"Shop","item":"https:\/\/www.taste-africa.com\/shop\/"},{"@type":"ListItem","position":3,"name":"Amelia's mild chutney, mild with apricots &#038; peaches &#8211; 260ml"}]},{"@type":"WebSite","@id":"https:\/\/www.taste-africa.com\/#website","url":"https:\/\/www.taste-africa.com\/","name":"Taste of Africa","description":"Taste of Africa","publisher":{"@id":"https:\/\/www.taste-africa.com\/#organization"},"potentialAction":[{"@type":"SearchAction","target":{"@type":"EntryPoint","urlTemplate":"https:\/\/www.taste-africa.com\/?s={search_term_string}"},"query-input":{"@type":"PropertyValueSpecification","valueRequired":true,"valueName":"search_term_string"}}],"inLanguage":"sv-SE"},{"@type":"Organization","@id":"https:\/\/www.taste-africa.com\/#organization","name":"Taste of Africa","url":"https:\/\/www.taste-africa.com\/","logo":{"@type":"ImageObject","inLanguage":"sv-SE","@id":"https:\/\/www.taste-africa.com\/#\/schema\/logo\/image\/","url":"https:\/\/www.taste-africa.com\/wp-content\/uploads\/2020\/08\/logo.png","contentUrl":"https:\/\/www.taste-africa.com\/wp-content\/uploads\/2020\/08\/logo.png","width":444,"height":121,"caption":"Taste of Africa"},"image":{"@id":"https:\/\/www.taste-africa.com\/#\/schema\/logo\/image\/"},"sameAs":["https:\/\/www.facebook.com\/tasteofafricahedesunda\/","https:\/\/www.instagram.com\/tasteofafricahedesunda\/"]}]}},"_links":{"self":[{"href":"https:\/\/www.taste-africa.com\/sv\/wp-json\/wp\/v2\/product\/4842","targetHints":{"allow":["GET"]}}],"collection":[{"href":"https:\/\/www.taste-africa.com\/sv\/wp-json\/wp\/v2\/product"}],"about":[{"href":"https:\/\/www.taste-africa.com\/sv\/wp-json\/wp\/v2\/types\/product"}],"version-history":[{"count":10,"href":"https:\/\/www.taste-africa.com\/sv\/wp-json\/wp\/v2\/product\/4842\/revisions"}],"predecessor-version":[{"id":7255,"href":"https:\/\/www.taste-africa.com\/sv\/wp-json\/wp\/v2\/product\/4842\/revisions\/7255"}],"wp:featuredmedia":[{"embeddable":true,"href":"https:\/\/www.taste-africa.com\/sv\/wp-json\/wp\/v2\/media\/8165"}],"wp:attachment":[{"href":"https:\/\/www.taste-africa.com\/sv\/wp-json\/wp\/v2\/media?parent=4842"}],"wp:term":[{"taxonomy":"product_brand","embeddable":true,"href":"https:\/\/www.taste-africa.com\/sv\/wp-json\/wp\/v2\/product_brand?post=4842"},{"taxonomy":"product_cat","embeddable":true,"href":"https:\/\/www.taste-africa.com\/sv\/wp-json\/wp\/v2\/product_cat?post=4842"},{"taxonomy":"product_tag","embeddable":true,"href":"https:\/\/www.taste-africa.com\/sv\/wp-json\/wp\/v2\/product_tag?post=4842"}],"curies":[{"name":"wp","href":"https:\/\/api.w.org\/{rel}","templated":true}]}}