{"id":4857,"date":"2021-05-17T14:30:43","date_gmt":"2021-05-17T14:30:43","guid":{"rendered":"https:\/\/www.taste-africa.com\/?post_type=product&#038;p=4857"},"modified":"2025-01-27T12:10:44","modified_gmt":"2025-01-27T12:10:44","slug":"mrs-balls-original-recipe-chutney","status":"publish","type":"product","link":"https:\/\/www.taste-africa.com\/sv\/productTRPLINKPROCESSED\/mrs-balls-original-recipe-chutney\/","title":{"rendered":"Mrs Balls original recipe chutney"},"content":{"rendered":"","protected":false},"excerpt":{"rendered":"<p>Det h\u00e4r \u00e4r den mildaste chutneyn som tillverkas enligt det ursprungliga receptet. Den blir l\u00e4tt barnens favorit!<\/p>\n<p class=\"translation-block\">Ingredienser: socker, vatten, vin\u00e4ger, torkade persikor (14%) och aprikoser (2%), frukten inneh\u00e5ller konserveringsmedel <b>svaveldioxid<\/b>, modifierad majsst\u00e4rkelse (E1422), salt, f\u00e4rg\u00e4mne (E150d), chilifrukter. Nettovikt: 470 g. Kan inneh\u00e5lla sm\u00e5 k\u00e4rnbitar.<\/p>\n<p><strong>This product is manufactured in a factory that processes wheat, gluten, cow's milk, egg, and soy.<\/strong><\/p>","protected":false},"featured_media":6512,"template":"","meta":{"inline_featured_image":false},"product_brand":[],"product_cat":[147],"product_tag":[],"class_list":{"0":"post-4857","1":"product","2":"type-product","3":"status-publish","4":"has-post-thumbnail","6":"product_cat-chutney","8":"first","9":"outofstock","10":"shipping-taxable","11":"purchasable","12":"product-type-simple"},"yoast_head":"<!-- This site is optimized with the Yoast SEO plugin v27.3 - https:\/\/yoast.com\/product\/yoast-seo-wordpress\/ -->\n<title>Mrs Balls original recipe chutney - Taste of Africa<\/title>\n<meta name=\"robots\" content=\"index, follow, max-snippet:-1, max-image-preview:large, max-video-preview:-1\" \/>\n<link rel=\"canonical\" href=\"https:\/\/www.taste-africa.com\/sv\/productTRPLINKPROCESSED\/mrs-balls-original-recipe-chutney\/\" \/>\n<meta property=\"og:locale\" content=\"sv_SE\" \/>\n<meta property=\"og:type\" content=\"article\" \/>\n<meta property=\"og:title\" content=\"Mrs Balls original recipe chutney - Taste of Africa\" \/>\n<meta property=\"og:description\" content=\"The mildest chutney but with plenty of character and a round attractive palate. A children&#039;s favourite!.  Ingredients: sugar, water, vinegar, reconstituted peaches (14%) and apricots (2%) fruit contains\u00a0sulphur dioxide\u00a0modified maize starch (E1422), salt, colour (E150d), chillies. Net weight: 470 g. May contain fragment of fruit stones.  This product is manufactured in a factory that processes wheat, gluten, cow&#039;s milk, egg, and soy.\" \/>\n<meta property=\"og:url\" content=\"https:\/\/www.taste-africa.com\/sv\/productTRPLINKPROCESSED\/mrs-balls-original-recipe-chutney\/\" \/>\n<meta property=\"og:site_name\" content=\"Taste of Africa\" \/>\n<meta property=\"article:publisher\" content=\"https:\/\/www.facebook.com\/tasteofafricahedesunda\/\" \/>\n<meta property=\"article:modified_time\" content=\"2025-01-27T12:10:44+00:00\" \/>\n<meta property=\"og:image\" content=\"https:\/\/www.taste-africa.com\/wp-content\/uploads\/2021\/04\/ORIGINAL-MRS-B.png\" \/>\n\t<meta property=\"og:image:width\" content=\"267\" \/>\n\t<meta property=\"og:image:height\" content=\"356\" \/>\n\t<meta property=\"og:image:type\" content=\"image\/png\" \/>\n<meta name=\"twitter:card\" content=\"summary_large_image\" \/>\n<script type=\"application\/ld+json\" class=\"yoast-schema-graph\">{\"@context\":\"https:\\\/\\\/schema.org\",\"@graph\":[{\"@type\":\"WebPage\",\"@id\":\"https:\\\/\\\/www.taste-africa.com\\\/productTRPLINKPROCESSED\\\/mrs-balls-original-recipe-chutney\\\/\",\"url\":\"https:\\\/\\\/www.taste-africa.com\\\/productTRPLINKPROCESSED\\\/mrs-balls-original-recipe-chutney\\\/\",\"name\":\"Mrs Balls original recipe chutney - Taste of Africa\",\"isPartOf\":{\"@id\":\"https:\\\/\\\/www.taste-africa.com\\\/#website\"},\"primaryImageOfPage\":{\"@id\":\"https:\\\/\\\/www.taste-africa.com\\\/productTRPLINKPROCESSED\\\/mrs-balls-original-recipe-chutney\\\/#primaryimage\"},\"image\":{\"@id\":\"https:\\\/\\\/www.taste-africa.com\\\/productTRPLINKPROCESSED\\\/mrs-balls-original-recipe-chutney\\\/#primaryimage\"},\"thumbnailUrl\":\"https:\\\/\\\/www.taste-africa.com\\\/wp-content\\\/uploads\\\/2021\\\/04\\\/ORIGINAL-MRS-B.png\",\"datePublished\":\"2021-05-17T14:30:43+00:00\",\"dateModified\":\"2025-01-27T12:10:44+00:00\",\"breadcrumb\":{\"@id\":\"https:\\\/\\\/www.taste-africa.com\\\/productTRPLINKPROCESSED\\\/mrs-balls-original-recipe-chutney\\\/#breadcrumb\"},\"inLanguage\":\"sv-SE\",\"potentialAction\":[{\"@type\":\"ReadAction\",\"target\":[\"https:\\\/\\\/www.taste-africa.com\\\/productTRPLINKPROCESSED\\\/mrs-balls-original-recipe-chutney\\\/\"]}]},{\"@type\":\"ImageObject\",\"inLanguage\":\"sv-SE\",\"@id\":\"https:\\\/\\\/www.taste-africa.com\\\/productTRPLINKPROCESSED\\\/mrs-balls-original-recipe-chutney\\\/#primaryimage\",\"url\":\"https:\\\/\\\/www.taste-africa.com\\\/wp-content\\\/uploads\\\/2021\\\/04\\\/ORIGINAL-MRS-B.png\",\"contentUrl\":\"https:\\\/\\\/www.taste-africa.com\\\/wp-content\\\/uploads\\\/2021\\\/04\\\/ORIGINAL-MRS-B.png\",\"width\":267,\"height\":356},{\"@type\":\"BreadcrumbList\",\"@id\":\"https:\\\/\\\/www.taste-africa.com\\\/productTRPLINKPROCESSED\\\/mrs-balls-original-recipe-chutney\\\/#breadcrumb\",\"itemListElement\":[{\"@type\":\"ListItem\",\"position\":1,\"name\":\"Home\",\"item\":\"https:\\\/\\\/www.taste-africa.com\\\/\"},{\"@type\":\"ListItem\",\"position\":2,\"name\":\"Shop\",\"item\":\"https:\\\/\\\/www.taste-africa.com\\\/shop\\\/\"},{\"@type\":\"ListItem\",\"position\":3,\"name\":\"Mrs Balls original recipe chutney\"}]},{\"@type\":\"WebSite\",\"@id\":\"https:\\\/\\\/www.taste-africa.com\\\/#website\",\"url\":\"https:\\\/\\\/www.taste-africa.com\\\/\",\"name\":\"Taste of Africa\",\"description\":\"Taste of Africa\",\"publisher\":{\"@id\":\"https:\\\/\\\/www.taste-africa.com\\\/#organization\"},\"potentialAction\":[{\"@type\":\"SearchAction\",\"target\":{\"@type\":\"EntryPoint\",\"urlTemplate\":\"https:\\\/\\\/www.taste-africa.com\\\/?s={search_term_string}\"},\"query-input\":{\"@type\":\"PropertyValueSpecification\",\"valueRequired\":true,\"valueName\":\"search_term_string\"}}],\"inLanguage\":\"sv-SE\"},{\"@type\":\"Organization\",\"@id\":\"https:\\\/\\\/www.taste-africa.com\\\/#organization\",\"name\":\"Taste of Africa\",\"url\":\"https:\\\/\\\/www.taste-africa.com\\\/\",\"logo\":{\"@type\":\"ImageObject\",\"inLanguage\":\"sv-SE\",\"@id\":\"https:\\\/\\\/www.taste-africa.com\\\/#\\\/schema\\\/logo\\\/image\\\/\",\"url\":\"https:\\\/\\\/www.taste-africa.com\\\/wp-content\\\/uploads\\\/2020\\\/08\\\/logo.png\",\"contentUrl\":\"https:\\\/\\\/www.taste-africa.com\\\/wp-content\\\/uploads\\\/2020\\\/08\\\/logo.png\",\"width\":444,\"height\":121,\"caption\":\"Taste of Africa\"},\"image\":{\"@id\":\"https:\\\/\\\/www.taste-africa.com\\\/#\\\/schema\\\/logo\\\/image\\\/\"},\"sameAs\":[\"https:\\\/\\\/www.facebook.com\\\/tasteofafricahedesunda\\\/\",\"https:\\\/\\\/www.instagram.com\\\/tasteofafricahedesunda\\\/\"]}]}<\/script>\n<!-- \/ Yoast SEO plugin. -->","yoast_head_json":{"title":"Mrs Balls original recipe chutney - Taste of Africa","robots":{"index":"index","follow":"follow","max-snippet":"max-snippet:-1","max-image-preview":"max-image-preview:large","max-video-preview":"max-video-preview:-1"},"canonical":"https:\/\/www.taste-africa.com\/sv\/productTRPLINKPROCESSED\/mrs-balls-original-recipe-chutney\/","og_locale":"sv_SE","og_type":"article","og_title":"Mrs Balls original recipe chutney - Taste of Africa","og_description":"The mildest chutney but with plenty of character and a round attractive palate. A children's favourite!.  Ingredients: sugar, water, vinegar, reconstituted peaches (14%) and apricots (2%) fruit contains\u00a0sulphur dioxide\u00a0modified maize starch (E1422), salt, colour (E150d), chillies. Net weight: 470 g. May contain fragment of fruit stones.  This product is manufactured in a factory that processes wheat, gluten, cow's milk, egg, and soy.","og_url":"https:\/\/www.taste-africa.com\/sv\/productTRPLINKPROCESSED\/mrs-balls-original-recipe-chutney\/","og_site_name":"Taste of Africa","article_publisher":"https:\/\/www.facebook.com\/tasteofafricahedesunda\/","article_modified_time":"2025-01-27T12:10:44+00:00","og_image":[{"width":267,"height":356,"url":"https:\/\/www.taste-africa.com\/wp-content\/uploads\/2021\/04\/ORIGINAL-MRS-B.png","type":"image\/png"}],"twitter_card":"summary_large_image","schema":{"@context":"https:\/\/schema.org","@graph":[{"@type":"WebPage","@id":"https:\/\/www.taste-africa.com\/productTRPLINKPROCESSED\/mrs-balls-original-recipe-chutney\/","url":"https:\/\/www.taste-africa.com\/productTRPLINKPROCESSED\/mrs-balls-original-recipe-chutney\/","name":"Mrs Balls original recipe chutney - Taste of Africa","isPartOf":{"@id":"https:\/\/www.taste-africa.com\/#website"},"primaryImageOfPage":{"@id":"https:\/\/www.taste-africa.com\/productTRPLINKPROCESSED\/mrs-balls-original-recipe-chutney\/#primaryimage"},"image":{"@id":"https:\/\/www.taste-africa.com\/productTRPLINKPROCESSED\/mrs-balls-original-recipe-chutney\/#primaryimage"},"thumbnailUrl":"https:\/\/www.taste-africa.com\/wp-content\/uploads\/2021\/04\/ORIGINAL-MRS-B.png","datePublished":"2021-05-17T14:30:43+00:00","dateModified":"2025-01-27T12:10:44+00:00","breadcrumb":{"@id":"https:\/\/www.taste-africa.com\/productTRPLINKPROCESSED\/mrs-balls-original-recipe-chutney\/#breadcrumb"},"inLanguage":"sv-SE","potentialAction":[{"@type":"ReadAction","target":["https:\/\/www.taste-africa.com\/productTRPLINKPROCESSED\/mrs-balls-original-recipe-chutney\/"]}]},{"@type":"ImageObject","inLanguage":"sv-SE","@id":"https:\/\/www.taste-africa.com\/productTRPLINKPROCESSED\/mrs-balls-original-recipe-chutney\/#primaryimage","url":"https:\/\/www.taste-africa.com\/wp-content\/uploads\/2021\/04\/ORIGINAL-MRS-B.png","contentUrl":"https:\/\/www.taste-africa.com\/wp-content\/uploads\/2021\/04\/ORIGINAL-MRS-B.png","width":267,"height":356},{"@type":"BreadcrumbList","@id":"https:\/\/www.taste-africa.com\/productTRPLINKPROCESSED\/mrs-balls-original-recipe-chutney\/#breadcrumb","itemListElement":[{"@type":"ListItem","position":1,"name":"Home","item":"https:\/\/www.taste-africa.com\/"},{"@type":"ListItem","position":2,"name":"Shop","item":"https:\/\/www.taste-africa.com\/shop\/"},{"@type":"ListItem","position":3,"name":"Mrs Balls original recipe chutney"}]},{"@type":"WebSite","@id":"https:\/\/www.taste-africa.com\/#website","url":"https:\/\/www.taste-africa.com\/","name":"Taste of Africa","description":"Taste of Africa","publisher":{"@id":"https:\/\/www.taste-africa.com\/#organization"},"potentialAction":[{"@type":"SearchAction","target":{"@type":"EntryPoint","urlTemplate":"https:\/\/www.taste-africa.com\/?s={search_term_string}"},"query-input":{"@type":"PropertyValueSpecification","valueRequired":true,"valueName":"search_term_string"}}],"inLanguage":"sv-SE"},{"@type":"Organization","@id":"https:\/\/www.taste-africa.com\/#organization","name":"Taste of Africa","url":"https:\/\/www.taste-africa.com\/","logo":{"@type":"ImageObject","inLanguage":"sv-SE","@id":"https:\/\/www.taste-africa.com\/#\/schema\/logo\/image\/","url":"https:\/\/www.taste-africa.com\/wp-content\/uploads\/2020\/08\/logo.png","contentUrl":"https:\/\/www.taste-africa.com\/wp-content\/uploads\/2020\/08\/logo.png","width":444,"height":121,"caption":"Taste of Africa"},"image":{"@id":"https:\/\/www.taste-africa.com\/#\/schema\/logo\/image\/"},"sameAs":["https:\/\/www.facebook.com\/tasteofafricahedesunda\/","https:\/\/www.instagram.com\/tasteofafricahedesunda\/"]}]}},"_links":{"self":[{"href":"https:\/\/www.taste-africa.com\/sv\/wp-json\/wp\/v2\/product\/4857","targetHints":{"allow":["GET"]}}],"collection":[{"href":"https:\/\/www.taste-africa.com\/sv\/wp-json\/wp\/v2\/product"}],"about":[{"href":"https:\/\/www.taste-africa.com\/sv\/wp-json\/wp\/v2\/types\/product"}],"version-history":[{"count":5,"href":"https:\/\/www.taste-africa.com\/sv\/wp-json\/wp\/v2\/product\/4857\/revisions"}],"predecessor-version":[{"id":7260,"href":"https:\/\/www.taste-africa.com\/sv\/wp-json\/wp\/v2\/product\/4857\/revisions\/7260"}],"wp:featuredmedia":[{"embeddable":true,"href":"https:\/\/www.taste-africa.com\/sv\/wp-json\/wp\/v2\/media\/6512"}],"wp:attachment":[{"href":"https:\/\/www.taste-africa.com\/sv\/wp-json\/wp\/v2\/media?parent=4857"}],"wp:term":[{"taxonomy":"product_brand","embeddable":true,"href":"https:\/\/www.taste-africa.com\/sv\/wp-json\/wp\/v2\/product_brand?post=4857"},{"taxonomy":"product_cat","embeddable":true,"href":"https:\/\/www.taste-africa.com\/sv\/wp-json\/wp\/v2\/product_cat?post=4857"},{"taxonomy":"product_tag","embeddable":true,"href":"https:\/\/www.taste-africa.com\/sv\/wp-json\/wp\/v2\/product_tag?post=4857"}],"curies":[{"name":"wp","href":"https:\/\/api.w.org\/{rel}","templated":true}]}}