{"id":4886,"date":"2021-05-31T09:27:18","date_gmt":"2021-05-31T09:27:18","guid":{"rendered":"https:\/\/www.taste-africa.com\/?post_type=product&#038;p=4886"},"modified":"2025-12-02T13:50:21","modified_gmt":"2025-12-02T13:50:21","slug":"hot-az-hell-bushmans-chilli-sauces-125ml","status":"publish","type":"product","link":"https:\/\/www.taste-africa.com\/sv\/productTRPLINKPROCESSED\/hot-az-hell-bushmans-chilli-sauces-125ml\/","title":{"rendered":"Bushman's Hot Az Hell &#8211; Heat index 12"},"content":{"rendered":"<p>Den lilla staden Hotazel ligger som en oas i den obarmh\u00e4rtiga hettan i den norra\nKapprovinsen. Den staden gav namn till den h\u00e4r chilis\u00e5sen. Precis som staden \u00e4r Hot Az\nHell full av arom och smak, men omgiven av en p\u00e5taglig men snabbt \u00f6verg\u00e5ende hetta,\nsom den fr\u00e5n en gr\u00e4sbrand.<\/p>\n<p>Ingredienser: vatten, \u00e4ttika, fatmogna chilifrukter (30%), solrosolja, socker, vitl\u00f6k,\nkryddor, \u00f6rter, salt, majsst\u00e4rkelse, kapsikumolja (1%), konserveringsmedel\nkaliumsorbat (E202). F\u00f6rvara svalt n\u00e4r flaskan \u00f6ppnats. Volym (netto): 125 ml<\/p>","protected":false},"excerpt":{"rendered":"<p>Den lilla staden Hotazel ligger som en oas i den obarmh\u00e4rtiga hettan i den norra\nKapprovinsen. Den staden gav namn till den h\u00e4r chilis\u00e5sen. Precis som staden \u00e4r Hot Az\nHell full av arom och smak, men omgiven av en p\u00e5taglig men snabbt \u00f6verg\u00e5ende hetta,\nsom den fr\u00e5n en gr\u00e4sbrand.<\/p>\n<p>Ingredienser: vatten, \u00e4ttika, fatmogna chilifrukter (30%), solrosolja, socker, vitl\u00f6k,\nkryddor, \u00f6rter, salt, majsst\u00e4rkelse, kapsikumolja (1%), konserveringsmedel\nkaliumsorbat (E202). F\u00f6rvara svalt n\u00e4r flaskan \u00f6ppnats. Volym (netto): 125 ml<\/p>","protected":false},"featured_media":7148,"template":"","meta":{"inline_featured_image":false},"product_brand":[],"product_cat":[152,159],"product_tag":[],"class_list":{"0":"post-4886","1":"product","2":"type-product","3":"status-publish","4":"has-post-thumbnail","6":"product_cat-bushmans","7":"product_cat-sauce","9":"first","10":"outofstock","11":"shipping-taxable","12":"purchasable","13":"product-type-simple"},"yoast_head":"<!-- This site is optimized with the Yoast SEO plugin v27.3 - https:\/\/yoast.com\/product\/yoast-seo-wordpress\/ -->\n<title>Bushman&#039;s Hot Az Hell - Heat index 12 - Taste of Africa<\/title>\n<meta name=\"robots\" content=\"index, follow, max-snippet:-1, max-image-preview:large, max-video-preview:-1\" \/>\n<link rel=\"canonical\" href=\"https:\/\/www.taste-africa.com\/sv\/productTRPLINKPROCESSED\/hot-az-hell-bushmans-chilli-sauces-125ml\/\" \/>\n<meta property=\"og:locale\" content=\"sv_SE\" \/>\n<meta property=\"og:type\" content=\"article\" \/>\n<meta property=\"og:title\" content=\"Bushman&#039;s Hot Az Hell - Heat index 12 - Taste of Africa\" \/>\n<meta property=\"og:description\" content=\"The little town Hotazel, an oasis in the unforgiving trembling heat of the Northern Cape, gave its name to this chilli sauce. Just like its namesake, this sauce displays an array of flavours, married with a vibrant heat that compares to a veld fire (South African word for a grass, bush or forest fire).  Ingredients: fresh chillies (50%), spirit vinegar, capsicum oil (1%), herbs, spices, garlic, sugar, salt, sunflower oil, food starch from maize, preservative potassium sorbate (E202). Volume (net): 125 ml\" \/>\n<meta property=\"og:url\" content=\"https:\/\/www.taste-africa.com\/sv\/productTRPLINKPROCESSED\/hot-az-hell-bushmans-chilli-sauces-125ml\/\" \/>\n<meta property=\"og:site_name\" content=\"Taste of Africa\" \/>\n<meta property=\"article:publisher\" content=\"https:\/\/www.facebook.com\/tasteofafricahedesunda\/\" \/>\n<meta property=\"article:modified_time\" content=\"2025-12-02T13:50:21+00:00\" \/>\n<meta property=\"og:image\" content=\"https:\/\/www.taste-africa.com\/wp-content\/uploads\/2021\/05\/hot_az_hell.jpeg\" \/>\n\t<meta property=\"og:image:width\" content=\"960\" \/>\n\t<meta property=\"og:image:height\" content=\"720\" \/>\n\t<meta property=\"og:image:type\" content=\"image\/jpeg\" \/>\n<meta name=\"twitter:card\" content=\"summary_large_image\" \/>\n<script type=\"application\/ld+json\" class=\"yoast-schema-graph\">{\"@context\":\"https:\\\/\\\/schema.org\",\"@graph\":[{\"@type\":\"WebPage\",\"@id\":\"https:\\\/\\\/www.taste-africa.com\\\/productTRPLINKPROCESSED\\\/hot-az-hell-bushmans-chilli-sauces-125ml\\\/\",\"url\":\"https:\\\/\\\/www.taste-africa.com\\\/productTRPLINKPROCESSED\\\/hot-az-hell-bushmans-chilli-sauces-125ml\\\/\",\"name\":\"Bushman's Hot Az Hell - Heat index 12 - Taste of Africa\",\"isPartOf\":{\"@id\":\"https:\\\/\\\/www.taste-africa.com\\\/#website\"},\"primaryImageOfPage\":{\"@id\":\"https:\\\/\\\/www.taste-africa.com\\\/productTRPLINKPROCESSED\\\/hot-az-hell-bushmans-chilli-sauces-125ml\\\/#primaryimage\"},\"image\":{\"@id\":\"https:\\\/\\\/www.taste-africa.com\\\/productTRPLINKPROCESSED\\\/hot-az-hell-bushmans-chilli-sauces-125ml\\\/#primaryimage\"},\"thumbnailUrl\":\"https:\\\/\\\/www.taste-africa.com\\\/wp-content\\\/uploads\\\/2021\\\/05\\\/hot_az_hell.jpeg\",\"datePublished\":\"2021-05-31T09:27:18+00:00\",\"dateModified\":\"2025-12-02T13:50:21+00:00\",\"breadcrumb\":{\"@id\":\"https:\\\/\\\/www.taste-africa.com\\\/productTRPLINKPROCESSED\\\/hot-az-hell-bushmans-chilli-sauces-125ml\\\/#breadcrumb\"},\"inLanguage\":\"sv-SE\",\"potentialAction\":[{\"@type\":\"ReadAction\",\"target\":[\"https:\\\/\\\/www.taste-africa.com\\\/productTRPLINKPROCESSED\\\/hot-az-hell-bushmans-chilli-sauces-125ml\\\/\"]}]},{\"@type\":\"ImageObject\",\"inLanguage\":\"sv-SE\",\"@id\":\"https:\\\/\\\/www.taste-africa.com\\\/productTRPLINKPROCESSED\\\/hot-az-hell-bushmans-chilli-sauces-125ml\\\/#primaryimage\",\"url\":\"https:\\\/\\\/www.taste-africa.com\\\/wp-content\\\/uploads\\\/2021\\\/05\\\/hot_az_hell.jpeg\",\"contentUrl\":\"https:\\\/\\\/www.taste-africa.com\\\/wp-content\\\/uploads\\\/2021\\\/05\\\/hot_az_hell.jpeg\",\"width\":960,\"height\":720},{\"@type\":\"BreadcrumbList\",\"@id\":\"https:\\\/\\\/www.taste-africa.com\\\/productTRPLINKPROCESSED\\\/hot-az-hell-bushmans-chilli-sauces-125ml\\\/#breadcrumb\",\"itemListElement\":[{\"@type\":\"ListItem\",\"position\":1,\"name\":\"Home\",\"item\":\"https:\\\/\\\/www.taste-africa.com\\\/\"},{\"@type\":\"ListItem\",\"position\":2,\"name\":\"Shop\",\"item\":\"https:\\\/\\\/www.taste-africa.com\\\/shop\\\/\"},{\"@type\":\"ListItem\",\"position\":3,\"name\":\"Bushman's Hot Az Hell &#8211; Heat index 12\"}]},{\"@type\":\"WebSite\",\"@id\":\"https:\\\/\\\/www.taste-africa.com\\\/#website\",\"url\":\"https:\\\/\\\/www.taste-africa.com\\\/\",\"name\":\"Taste of Africa\",\"description\":\"Taste of Africa\",\"publisher\":{\"@id\":\"https:\\\/\\\/www.taste-africa.com\\\/#organization\"},\"potentialAction\":[{\"@type\":\"SearchAction\",\"target\":{\"@type\":\"EntryPoint\",\"urlTemplate\":\"https:\\\/\\\/www.taste-africa.com\\\/?s={search_term_string}\"},\"query-input\":{\"@type\":\"PropertyValueSpecification\",\"valueRequired\":true,\"valueName\":\"search_term_string\"}}],\"inLanguage\":\"sv-SE\"},{\"@type\":\"Organization\",\"@id\":\"https:\\\/\\\/www.taste-africa.com\\\/#organization\",\"name\":\"Taste of Africa\",\"url\":\"https:\\\/\\\/www.taste-africa.com\\\/\",\"logo\":{\"@type\":\"ImageObject\",\"inLanguage\":\"sv-SE\",\"@id\":\"https:\\\/\\\/www.taste-africa.com\\\/#\\\/schema\\\/logo\\\/image\\\/\",\"url\":\"https:\\\/\\\/www.taste-africa.com\\\/wp-content\\\/uploads\\\/2020\\\/08\\\/logo.png\",\"contentUrl\":\"https:\\\/\\\/www.taste-africa.com\\\/wp-content\\\/uploads\\\/2020\\\/08\\\/logo.png\",\"width\":444,\"height\":121,\"caption\":\"Taste of Africa\"},\"image\":{\"@id\":\"https:\\\/\\\/www.taste-africa.com\\\/#\\\/schema\\\/logo\\\/image\\\/\"},\"sameAs\":[\"https:\\\/\\\/www.facebook.com\\\/tasteofafricahedesunda\\\/\",\"https:\\\/\\\/www.instagram.com\\\/tasteofafricahedesunda\\\/\"]}]}<\/script>\n<!-- \/ Yoast SEO plugin. -->","yoast_head_json":{"title":"Bushman's Hot Az Hell - Heat index 12 - Taste of Africa","robots":{"index":"index","follow":"follow","max-snippet":"max-snippet:-1","max-image-preview":"max-image-preview:large","max-video-preview":"max-video-preview:-1"},"canonical":"https:\/\/www.taste-africa.com\/sv\/productTRPLINKPROCESSED\/hot-az-hell-bushmans-chilli-sauces-125ml\/","og_locale":"sv_SE","og_type":"article","og_title":"Bushman's Hot Az Hell - Heat index 12 - Taste of Africa","og_description":"The little town Hotazel, an oasis in the unforgiving trembling heat of the Northern Cape, gave its name to this chilli sauce. Just like its namesake, this sauce displays an array of flavours, married with a vibrant heat that compares to a veld fire (South African word for a grass, bush or forest fire).  Ingredients: fresh chillies (50%), spirit vinegar, capsicum oil (1%), herbs, spices, garlic, sugar, salt, sunflower oil, food starch from maize, preservative potassium sorbate (E202). Volume (net): 125 ml","og_url":"https:\/\/www.taste-africa.com\/sv\/productTRPLINKPROCESSED\/hot-az-hell-bushmans-chilli-sauces-125ml\/","og_site_name":"Taste of Africa","article_publisher":"https:\/\/www.facebook.com\/tasteofafricahedesunda\/","article_modified_time":"2025-12-02T13:50:21+00:00","og_image":[{"width":960,"height":720,"url":"https:\/\/www.taste-africa.com\/wp-content\/uploads\/2021\/05\/hot_az_hell.jpeg","type":"image\/jpeg"}],"twitter_card":"summary_large_image","schema":{"@context":"https:\/\/schema.org","@graph":[{"@type":"WebPage","@id":"https:\/\/www.taste-africa.com\/productTRPLINKPROCESSED\/hot-az-hell-bushmans-chilli-sauces-125ml\/","url":"https:\/\/www.taste-africa.com\/productTRPLINKPROCESSED\/hot-az-hell-bushmans-chilli-sauces-125ml\/","name":"Bushman's Hot Az Hell - Heat index 12 - Taste of Africa","isPartOf":{"@id":"https:\/\/www.taste-africa.com\/#website"},"primaryImageOfPage":{"@id":"https:\/\/www.taste-africa.com\/productTRPLINKPROCESSED\/hot-az-hell-bushmans-chilli-sauces-125ml\/#primaryimage"},"image":{"@id":"https:\/\/www.taste-africa.com\/productTRPLINKPROCESSED\/hot-az-hell-bushmans-chilli-sauces-125ml\/#primaryimage"},"thumbnailUrl":"https:\/\/www.taste-africa.com\/wp-content\/uploads\/2021\/05\/hot_az_hell.jpeg","datePublished":"2021-05-31T09:27:18+00:00","dateModified":"2025-12-02T13:50:21+00:00","breadcrumb":{"@id":"https:\/\/www.taste-africa.com\/productTRPLINKPROCESSED\/hot-az-hell-bushmans-chilli-sauces-125ml\/#breadcrumb"},"inLanguage":"sv-SE","potentialAction":[{"@type":"ReadAction","target":["https:\/\/www.taste-africa.com\/productTRPLINKPROCESSED\/hot-az-hell-bushmans-chilli-sauces-125ml\/"]}]},{"@type":"ImageObject","inLanguage":"sv-SE","@id":"https:\/\/www.taste-africa.com\/productTRPLINKPROCESSED\/hot-az-hell-bushmans-chilli-sauces-125ml\/#primaryimage","url":"https:\/\/www.taste-africa.com\/wp-content\/uploads\/2021\/05\/hot_az_hell.jpeg","contentUrl":"https:\/\/www.taste-africa.com\/wp-content\/uploads\/2021\/05\/hot_az_hell.jpeg","width":960,"height":720},{"@type":"BreadcrumbList","@id":"https:\/\/www.taste-africa.com\/productTRPLINKPROCESSED\/hot-az-hell-bushmans-chilli-sauces-125ml\/#breadcrumb","itemListElement":[{"@type":"ListItem","position":1,"name":"Home","item":"https:\/\/www.taste-africa.com\/"},{"@type":"ListItem","position":2,"name":"Shop","item":"https:\/\/www.taste-africa.com\/shop\/"},{"@type":"ListItem","position":3,"name":"Bushman's Hot Az Hell &#8211; Heat index 12"}]},{"@type":"WebSite","@id":"https:\/\/www.taste-africa.com\/#website","url":"https:\/\/www.taste-africa.com\/","name":"Taste of Africa","description":"Taste of Africa","publisher":{"@id":"https:\/\/www.taste-africa.com\/#organization"},"potentialAction":[{"@type":"SearchAction","target":{"@type":"EntryPoint","urlTemplate":"https:\/\/www.taste-africa.com\/?s={search_term_string}"},"query-input":{"@type":"PropertyValueSpecification","valueRequired":true,"valueName":"search_term_string"}}],"inLanguage":"sv-SE"},{"@type":"Organization","@id":"https:\/\/www.taste-africa.com\/#organization","name":"Taste of Africa","url":"https:\/\/www.taste-africa.com\/","logo":{"@type":"ImageObject","inLanguage":"sv-SE","@id":"https:\/\/www.taste-africa.com\/#\/schema\/logo\/image\/","url":"https:\/\/www.taste-africa.com\/wp-content\/uploads\/2020\/08\/logo.png","contentUrl":"https:\/\/www.taste-africa.com\/wp-content\/uploads\/2020\/08\/logo.png","width":444,"height":121,"caption":"Taste of Africa"},"image":{"@id":"https:\/\/www.taste-africa.com\/#\/schema\/logo\/image\/"},"sameAs":["https:\/\/www.facebook.com\/tasteofafricahedesunda\/","https:\/\/www.instagram.com\/tasteofafricahedesunda\/"]}]}},"_links":{"self":[{"href":"https:\/\/www.taste-africa.com\/sv\/wp-json\/wp\/v2\/product\/4886","targetHints":{"allow":["GET"]}}],"collection":[{"href":"https:\/\/www.taste-africa.com\/sv\/wp-json\/wp\/v2\/product"}],"about":[{"href":"https:\/\/www.taste-africa.com\/sv\/wp-json\/wp\/v2\/types\/product"}],"version-history":[{"count":4,"href":"https:\/\/www.taste-africa.com\/sv\/wp-json\/wp\/v2\/product\/4886\/revisions"}],"predecessor-version":[{"id":7066,"href":"https:\/\/www.taste-africa.com\/sv\/wp-json\/wp\/v2\/product\/4886\/revisions\/7066"}],"wp:featuredmedia":[{"embeddable":true,"href":"https:\/\/www.taste-africa.com\/sv\/wp-json\/wp\/v2\/media\/7148"}],"wp:attachment":[{"href":"https:\/\/www.taste-africa.com\/sv\/wp-json\/wp\/v2\/media?parent=4886"}],"wp:term":[{"taxonomy":"product_brand","embeddable":true,"href":"https:\/\/www.taste-africa.com\/sv\/wp-json\/wp\/v2\/product_brand?post=4886"},{"taxonomy":"product_cat","embeddable":true,"href":"https:\/\/www.taste-africa.com\/sv\/wp-json\/wp\/v2\/product_cat?post=4886"},{"taxonomy":"product_tag","embeddable":true,"href":"https:\/\/www.taste-africa.com\/sv\/wp-json\/wp\/v2\/product_tag?post=4886"}],"curies":[{"name":"wp","href":"https:\/\/api.w.org\/{rel}","templated":true}]}}