{"id":4906,"date":"2021-05-31T09:33:46","date_gmt":"2021-05-31T09:33:46","guid":{"rendered":"https:\/\/www.taste-africa.com\/?post_type=product&#038;p=4906"},"modified":"2026-02-26T07:24:06","modified_gmt":"2026-02-26T07:24:06","slug":"outeniqua-natural-honeybush","status":"publish","type":"product","link":"https:\/\/www.taste-africa.com\/sv\/productTRPLINKPROCESSED\/outeniqua-natural-honeybush\/","title":{"rendered":"Outeniqua - naturellt honeybush"},"content":{"rendered":"<p>Detta honeybush, som \u00e4r av \"first grade\", kommer fr\u00e5n omr\u00e5det runt Quteniqua-bergen. Bladen och blommorna sk\u00f6rdas samtidigt, vilket ger honeybush lite nektars\u00f6tma, d\u00e4rav namnet Honeybush. Smaken av honeybush \u00e4r mer robust \u00e4n f\u00f6r rooibos.<\/p>\n<p class=\"translation-block\">Ingredienser: torkade blad av honeybush <i>(Cyclopia intermedia)<\/i>. Inneh\u00e5ller inga konserveringsmedel, smak\u00e4mnen eller f\u00e4rg\u00e4mnen. Kommer att beh\u00e5lla sina unika smaker och kvalitet om det f\u00f6rvaras svalt och torrt. \u00c5tervinn pappersp\u00e5sen, avl\u00e4gsna plastetiketten. Nettovikt: 100 g. Tillverkad i South Africa endast f\u00f6r Taste of Africa.<\/p>","protected":false},"excerpt":{"rendered":"<p>Detta honeybush, som \u00e4r av \"first grade\", kommer fr\u00e5n omr\u00e5det runt Quteniqua-bergen. Bladen och blommorna sk\u00f6rdas samtidigt, vilket ger honeybush lite nektars\u00f6tma, d\u00e4rav namnet Honeybush. Smaken av honeybush \u00e4r mer robust \u00e4n f\u00f6r rooibos.<\/p>\n<p class=\"translation-block\">Ingredienser: torkade blad av honeybush <i>(Cyclopia intermedia)<\/i>. Inneh\u00e5ller inga konserveringsmedel, smak\u00e4mnen eller f\u00e4rg\u00e4mnen. Kommer att beh\u00e5lla sina unika smaker och kvalitet om det f\u00f6rvaras svalt och torrt. \u00c5tervinn pappersp\u00e5sen, avl\u00e4gsna plastetiketten. Nettovikt: 100 g. Tillverkad i South Africa endast f\u00f6r Taste of Africa.<\/p>","protected":false},"featured_media":6446,"template":"","meta":{"inline_featured_image":false},"product_brand":[],"product_cat":[243,171,220],"product_tag":[],"class_list":{"0":"post-4906","1":"product","2":"type-product","3":"status-publish","4":"has-post-thumbnail","6":"product_cat-natural-bushtea","7":"product_cat-taste-of-africa","8":"product_cat-bush-tea","10":"first","11":"instock","12":"shipping-taxable","13":"purchasable","14":"product-type-simple"},"yoast_head":"<!-- This site is optimized with the Yoast SEO plugin v27.3 - https:\/\/yoast.com\/product\/yoast-seo-wordpress\/ -->\n<title>Outeniqua, natural honeybush - Taste of Africa<\/title>\n<meta name=\"robots\" content=\"index, follow, max-snippet:-1, max-image-preview:large, max-video-preview:-1\" \/>\n<link rel=\"canonical\" href=\"https:\/\/www.taste-africa.com\/sv\/productTRPLINKPROCESSED\/outeniqua-natural-honeybush\/\" \/>\n<meta property=\"og:locale\" content=\"sv_SE\" \/>\n<meta property=\"og:type\" content=\"article\" \/>\n<meta property=\"og:title\" content=\"Outeniqua, natural honeybush - Taste of Africa\" \/>\n<meta property=\"og:description\" content=\"This premium quality honeybush comes from areas around Quteniqua mountains. The leaves and flowers are harvested together, bringing some nectar sweetness to the bushtea, hence the name Honeybush. The honeybush flavour is more robust than that of rooibos.  Ingredients: dried leaves of honeybush (Cyclopia intermedia). Contains no preservatives, flavourants or colorants. Will maintain its unique flavours and quality if kept in a cool and dry place. Please recycle the paper bag, remove the plastic labels before. Net weight: 100 g. Made in South Africa uniquely for Taste of Africa\" \/>\n<meta property=\"og:url\" content=\"https:\/\/www.taste-africa.com\/sv\/productTRPLINKPROCESSED\/outeniqua-natural-honeybush\/\" \/>\n<meta property=\"og:site_name\" content=\"Taste of Africa\" \/>\n<meta property=\"article:publisher\" content=\"https:\/\/www.facebook.com\/tasteofafricahedesunda\/\" \/>\n<meta property=\"article:modified_time\" content=\"2026-02-26T07:24:06+00:00\" \/>\n<meta property=\"og:image\" content=\"https:\/\/www.taste-africa.com\/wp-content\/uploads\/2021\/04\/All-flavoured-bushteas-6.jpg\" \/>\n\t<meta property=\"og:image:width\" content=\"540\" \/>\n\t<meta property=\"og:image:height\" content=\"720\" \/>\n\t<meta property=\"og:image:type\" content=\"image\/jpeg\" \/>\n<meta name=\"twitter:card\" content=\"summary_large_image\" \/>\n<script type=\"application\/ld+json\" class=\"yoast-schema-graph\">{\"@context\":\"https:\\\/\\\/schema.org\",\"@graph\":[{\"@type\":\"WebPage\",\"@id\":\"https:\\\/\\\/www.taste-africa.com\\\/productTRPLINKPROCESSED\\\/outeniqua-natural-honeybush\\\/\",\"url\":\"https:\\\/\\\/www.taste-africa.com\\\/productTRPLINKPROCESSED\\\/outeniqua-natural-honeybush\\\/\",\"name\":\"Outeniqua, natural honeybush - Taste of Africa\",\"isPartOf\":{\"@id\":\"https:\\\/\\\/www.taste-africa.com\\\/#website\"},\"primaryImageOfPage\":{\"@id\":\"https:\\\/\\\/www.taste-africa.com\\\/productTRPLINKPROCESSED\\\/outeniqua-natural-honeybush\\\/#primaryimage\"},\"image\":{\"@id\":\"https:\\\/\\\/www.taste-africa.com\\\/productTRPLINKPROCESSED\\\/outeniqua-natural-honeybush\\\/#primaryimage\"},\"thumbnailUrl\":\"https:\\\/\\\/www.taste-africa.com\\\/wp-content\\\/uploads\\\/2021\\\/04\\\/All-flavoured-bushteas-6.jpg\",\"datePublished\":\"2021-05-31T09:33:46+00:00\",\"dateModified\":\"2026-02-26T07:24:06+00:00\",\"breadcrumb\":{\"@id\":\"https:\\\/\\\/www.taste-africa.com\\\/productTRPLINKPROCESSED\\\/outeniqua-natural-honeybush\\\/#breadcrumb\"},\"inLanguage\":\"sv-SE\",\"potentialAction\":[{\"@type\":\"ReadAction\",\"target\":[\"https:\\\/\\\/www.taste-africa.com\\\/productTRPLINKPROCESSED\\\/outeniqua-natural-honeybush\\\/\"]}]},{\"@type\":\"ImageObject\",\"inLanguage\":\"sv-SE\",\"@id\":\"https:\\\/\\\/www.taste-africa.com\\\/productTRPLINKPROCESSED\\\/outeniqua-natural-honeybush\\\/#primaryimage\",\"url\":\"https:\\\/\\\/www.taste-africa.com\\\/wp-content\\\/uploads\\\/2021\\\/04\\\/All-flavoured-bushteas-6.jpg\",\"contentUrl\":\"https:\\\/\\\/www.taste-africa.com\\\/wp-content\\\/uploads\\\/2021\\\/04\\\/All-flavoured-bushteas-6.jpg\",\"width\":540,\"height\":720},{\"@type\":\"BreadcrumbList\",\"@id\":\"https:\\\/\\\/www.taste-africa.com\\\/productTRPLINKPROCESSED\\\/outeniqua-natural-honeybush\\\/#breadcrumb\",\"itemListElement\":[{\"@type\":\"ListItem\",\"position\":1,\"name\":\"Home\",\"item\":\"https:\\\/\\\/www.taste-africa.com\\\/\"},{\"@type\":\"ListItem\",\"position\":2,\"name\":\"Shop\",\"item\":\"https:\\\/\\\/www.taste-africa.com\\\/shop\\\/\"},{\"@type\":\"ListItem\",\"position\":3,\"name\":\"Outeniqua, natural honeybush\"}]},{\"@type\":\"WebSite\",\"@id\":\"https:\\\/\\\/www.taste-africa.com\\\/#website\",\"url\":\"https:\\\/\\\/www.taste-africa.com\\\/\",\"name\":\"Taste of Africa\",\"description\":\"Taste of Africa\",\"publisher\":{\"@id\":\"https:\\\/\\\/www.taste-africa.com\\\/#organization\"},\"potentialAction\":[{\"@type\":\"SearchAction\",\"target\":{\"@type\":\"EntryPoint\",\"urlTemplate\":\"https:\\\/\\\/www.taste-africa.com\\\/?s={search_term_string}\"},\"query-input\":{\"@type\":\"PropertyValueSpecification\",\"valueRequired\":true,\"valueName\":\"search_term_string\"}}],\"inLanguage\":\"sv-SE\"},{\"@type\":\"Organization\",\"@id\":\"https:\\\/\\\/www.taste-africa.com\\\/#organization\",\"name\":\"Taste of Africa\",\"url\":\"https:\\\/\\\/www.taste-africa.com\\\/\",\"logo\":{\"@type\":\"ImageObject\",\"inLanguage\":\"sv-SE\",\"@id\":\"https:\\\/\\\/www.taste-africa.com\\\/#\\\/schema\\\/logo\\\/image\\\/\",\"url\":\"https:\\\/\\\/www.taste-africa.com\\\/wp-content\\\/uploads\\\/2020\\\/08\\\/logo.png\",\"contentUrl\":\"https:\\\/\\\/www.taste-africa.com\\\/wp-content\\\/uploads\\\/2020\\\/08\\\/logo.png\",\"width\":444,\"height\":121,\"caption\":\"Taste of Africa\"},\"image\":{\"@id\":\"https:\\\/\\\/www.taste-africa.com\\\/#\\\/schema\\\/logo\\\/image\\\/\"},\"sameAs\":[\"https:\\\/\\\/www.facebook.com\\\/tasteofafricahedesunda\\\/\",\"https:\\\/\\\/www.instagram.com\\\/tasteofafricahedesunda\\\/\"]}]}<\/script>\n<!-- \/ Yoast SEO plugin. -->","yoast_head_json":{"title":"Outeniqua, natural honeybush - Taste of Africa","robots":{"index":"index","follow":"follow","max-snippet":"max-snippet:-1","max-image-preview":"max-image-preview:large","max-video-preview":"max-video-preview:-1"},"canonical":"https:\/\/www.taste-africa.com\/sv\/productTRPLINKPROCESSED\/outeniqua-natural-honeybush\/","og_locale":"sv_SE","og_type":"article","og_title":"Outeniqua, natural honeybush - Taste of Africa","og_description":"This premium quality honeybush comes from areas around Quteniqua mountains. The leaves and flowers are harvested together, bringing some nectar sweetness to the bushtea, hence the name Honeybush. The honeybush flavour is more robust than that of rooibos.  Ingredients: dried leaves of honeybush (Cyclopia intermedia). Contains no preservatives, flavourants or colorants. Will maintain its unique flavours and quality if kept in a cool and dry place. Please recycle the paper bag, remove the plastic labels before. Net weight: 100 g. Made in South Africa uniquely for Taste of Africa","og_url":"https:\/\/www.taste-africa.com\/sv\/productTRPLINKPROCESSED\/outeniqua-natural-honeybush\/","og_site_name":"Taste of Africa","article_publisher":"https:\/\/www.facebook.com\/tasteofafricahedesunda\/","article_modified_time":"2026-02-26T07:24:06+00:00","og_image":[{"width":540,"height":720,"url":"https:\/\/www.taste-africa.com\/wp-content\/uploads\/2021\/04\/All-flavoured-bushteas-6.jpg","type":"image\/jpeg"}],"twitter_card":"summary_large_image","schema":{"@context":"https:\/\/schema.org","@graph":[{"@type":"WebPage","@id":"https:\/\/www.taste-africa.com\/productTRPLINKPROCESSED\/outeniqua-natural-honeybush\/","url":"https:\/\/www.taste-africa.com\/productTRPLINKPROCESSED\/outeniqua-natural-honeybush\/","name":"Outeniqua, natural honeybush - Taste of Africa","isPartOf":{"@id":"https:\/\/www.taste-africa.com\/#website"},"primaryImageOfPage":{"@id":"https:\/\/www.taste-africa.com\/productTRPLINKPROCESSED\/outeniqua-natural-honeybush\/#primaryimage"},"image":{"@id":"https:\/\/www.taste-africa.com\/productTRPLINKPROCESSED\/outeniqua-natural-honeybush\/#primaryimage"},"thumbnailUrl":"https:\/\/www.taste-africa.com\/wp-content\/uploads\/2021\/04\/All-flavoured-bushteas-6.jpg","datePublished":"2021-05-31T09:33:46+00:00","dateModified":"2026-02-26T07:24:06+00:00","breadcrumb":{"@id":"https:\/\/www.taste-africa.com\/productTRPLINKPROCESSED\/outeniqua-natural-honeybush\/#breadcrumb"},"inLanguage":"sv-SE","potentialAction":[{"@type":"ReadAction","target":["https:\/\/www.taste-africa.com\/productTRPLINKPROCESSED\/outeniqua-natural-honeybush\/"]}]},{"@type":"ImageObject","inLanguage":"sv-SE","@id":"https:\/\/www.taste-africa.com\/productTRPLINKPROCESSED\/outeniqua-natural-honeybush\/#primaryimage","url":"https:\/\/www.taste-africa.com\/wp-content\/uploads\/2021\/04\/All-flavoured-bushteas-6.jpg","contentUrl":"https:\/\/www.taste-africa.com\/wp-content\/uploads\/2021\/04\/All-flavoured-bushteas-6.jpg","width":540,"height":720},{"@type":"BreadcrumbList","@id":"https:\/\/www.taste-africa.com\/productTRPLINKPROCESSED\/outeniqua-natural-honeybush\/#breadcrumb","itemListElement":[{"@type":"ListItem","position":1,"name":"Home","item":"https:\/\/www.taste-africa.com\/"},{"@type":"ListItem","position":2,"name":"Shop","item":"https:\/\/www.taste-africa.com\/shop\/"},{"@type":"ListItem","position":3,"name":"Outeniqua, natural honeybush"}]},{"@type":"WebSite","@id":"https:\/\/www.taste-africa.com\/#website","url":"https:\/\/www.taste-africa.com\/","name":"Taste of Africa","description":"Taste of Africa","publisher":{"@id":"https:\/\/www.taste-africa.com\/#organization"},"potentialAction":[{"@type":"SearchAction","target":{"@type":"EntryPoint","urlTemplate":"https:\/\/www.taste-africa.com\/?s={search_term_string}"},"query-input":{"@type":"PropertyValueSpecification","valueRequired":true,"valueName":"search_term_string"}}],"inLanguage":"sv-SE"},{"@type":"Organization","@id":"https:\/\/www.taste-africa.com\/#organization","name":"Taste of Africa","url":"https:\/\/www.taste-africa.com\/","logo":{"@type":"ImageObject","inLanguage":"sv-SE","@id":"https:\/\/www.taste-africa.com\/#\/schema\/logo\/image\/","url":"https:\/\/www.taste-africa.com\/wp-content\/uploads\/2020\/08\/logo.png","contentUrl":"https:\/\/www.taste-africa.com\/wp-content\/uploads\/2020\/08\/logo.png","width":444,"height":121,"caption":"Taste of Africa"},"image":{"@id":"https:\/\/www.taste-africa.com\/#\/schema\/logo\/image\/"},"sameAs":["https:\/\/www.facebook.com\/tasteofafricahedesunda\/","https:\/\/www.instagram.com\/tasteofafricahedesunda\/"]}]}},"_links":{"self":[{"href":"https:\/\/www.taste-africa.com\/sv\/wp-json\/wp\/v2\/product\/4906","targetHints":{"allow":["GET"]}}],"collection":[{"href":"https:\/\/www.taste-africa.com\/sv\/wp-json\/wp\/v2\/product"}],"about":[{"href":"https:\/\/www.taste-africa.com\/sv\/wp-json\/wp\/v2\/types\/product"}],"version-history":[{"count":3,"href":"https:\/\/www.taste-africa.com\/sv\/wp-json\/wp\/v2\/product\/4906\/revisions"}],"predecessor-version":[{"id":7107,"href":"https:\/\/www.taste-africa.com\/sv\/wp-json\/wp\/v2\/product\/4906\/revisions\/7107"}],"wp:featuredmedia":[{"embeddable":true,"href":"https:\/\/www.taste-africa.com\/sv\/wp-json\/wp\/v2\/media\/6446"}],"wp:attachment":[{"href":"https:\/\/www.taste-africa.com\/sv\/wp-json\/wp\/v2\/media?parent=4906"}],"wp:term":[{"taxonomy":"product_brand","embeddable":true,"href":"https:\/\/www.taste-africa.com\/sv\/wp-json\/wp\/v2\/product_brand?post=4906"},{"taxonomy":"product_cat","embeddable":true,"href":"https:\/\/www.taste-africa.com\/sv\/wp-json\/wp\/v2\/product_cat?post=4906"},{"taxonomy":"product_tag","embeddable":true,"href":"https:\/\/www.taste-africa.com\/sv\/wp-json\/wp\/v2\/product_tag?post=4906"}],"curies":[{"name":"wp","href":"https:\/\/api.w.org\/{rel}","templated":true}]}}