{"id":4915,"date":"2021-05-31T09:38:47","date_gmt":"2021-05-31T09:38:47","guid":{"rendered":"https:\/\/www.taste-africa.com\/?post_type=product&#038;p=4915"},"modified":"2026-02-26T08:54:54","modified_gmt":"2026-02-26T08:54:54","slug":"arabic-medium-roast-250g","status":"publish","type":"product","link":"https:\/\/www.taste-africa.com\/sv\/productTRPLINKPROCESSED\/arabic-medium-roast-250g\/","title":{"rendered":"Taste of Africa freshly ground, medium arabica &#8211; 250g"},"content":{"rendered":"<p class=\"translation-block\">Ingredienser: 100 % mellanrostade arabica kaffeb\u00f6nor, inga tillsatser eller smak\u00e4mnen. Nettovikt 250 g. \u00c5tervinn den h\u00e4r f\u00f6rpackningen som plast. Den h\u00e4r blandningen kommer som ett malet kaffe som passar till din vanliga kaffebryggare eller bistrobryggare. Den finns ocks\u00e5 som ett b\u00f6nkaffe s\u00e5 att du kan mala det sj\u00e4lv.<\/p>","protected":false},"excerpt":{"rendered":"<p class=\"translation-block\">Ingredienser: 100 % mellanrostade arabica kaffeb\u00f6nor, inga tillsatser eller smak\u00e4mnen. Nettovikt 250 g. \u00c5tervinn den h\u00e4r f\u00f6rpackningen som plast. Den h\u00e4r blandningen kommer som ett malet kaffe som passar till din vanliga kaffebryggare eller bistrobryggare. Den finns ocks\u00e5 som ett b\u00f6nkaffe s\u00e5 att du kan mala det sj\u00e4lv.<\/p>","protected":false},"featured_media":7146,"template":"","meta":{"inline_featured_image":false},"product_brand":[],"product_cat":[171,172],"product_tag":[],"class_list":{"0":"post-4915","1":"product","2":"type-product","3":"status-publish","4":"has-post-thumbnail","6":"product_cat-taste-of-africa","7":"product_cat-coffee","9":"first","10":"outofstock","11":"shipping-taxable","12":"purchasable","13":"product-type-simple"},"yoast_head":"<!-- This site is optimized with the Yoast SEO plugin v27.3 - https:\/\/yoast.com\/product\/yoast-seo-wordpress\/ -->\n<title>Taste of Africa freshly ground, medium arabica - 250g - Taste of Africa<\/title>\n<meta name=\"robots\" content=\"index, follow, max-snippet:-1, max-image-preview:large, max-video-preview:-1\" \/>\n<link rel=\"canonical\" href=\"https:\/\/www.taste-africa.com\/sv\/productTRPLINKPROCESSED\/arabic-medium-roast-250g\/\" \/>\n<meta property=\"og:locale\" content=\"sv_SE\" \/>\n<meta property=\"og:type\" content=\"article\" \/>\n<meta property=\"og:title\" content=\"Taste of Africa freshly ground, medium arabica - 250g - Taste of Africa\" \/>\n<meta property=\"og:description\" content=\"Ingredients: 100 % medium roasted arabica coffee beans, no additives or flavourants. Net weight 250 g. Please recycle this bag as plastic. This blend comes as a ground coffee for ordinary coffee machines and plungers, as well as bean coffee for your own grinders.\" \/>\n<meta property=\"og:url\" content=\"https:\/\/www.taste-africa.com\/sv\/productTRPLINKPROCESSED\/arabic-medium-roast-250g\/\" \/>\n<meta property=\"og:site_name\" content=\"Taste of Africa\" \/>\n<meta property=\"article:publisher\" content=\"https:\/\/www.facebook.com\/tasteofafricahedesunda\/\" \/>\n<meta property=\"article:modified_time\" content=\"2026-02-26T08:54:54+00:00\" \/>\n<meta property=\"og:image\" content=\"https:\/\/www.taste-africa.com\/wp-content\/uploads\/2021\/05\/medium.jpeg\" \/>\n\t<meta property=\"og:image:width\" content=\"960\" \/>\n\t<meta property=\"og:image:height\" content=\"720\" \/>\n\t<meta property=\"og:image:type\" content=\"image\/jpeg\" \/>\n<meta name=\"twitter:card\" content=\"summary_large_image\" \/>\n<script type=\"application\/ld+json\" class=\"yoast-schema-graph\">{\"@context\":\"https:\\\/\\\/schema.org\",\"@graph\":[{\"@type\":\"WebPage\",\"@id\":\"https:\\\/\\\/www.taste-africa.com\\\/productTRPLINKPROCESSED\\\/arabic-medium-roast-250g\\\/\",\"url\":\"https:\\\/\\\/www.taste-africa.com\\\/productTRPLINKPROCESSED\\\/arabic-medium-roast-250g\\\/\",\"name\":\"Taste of Africa freshly ground, medium arabica - 250g - Taste of Africa\",\"isPartOf\":{\"@id\":\"https:\\\/\\\/www.taste-africa.com\\\/#website\"},\"primaryImageOfPage\":{\"@id\":\"https:\\\/\\\/www.taste-africa.com\\\/productTRPLINKPROCESSED\\\/arabic-medium-roast-250g\\\/#primaryimage\"},\"image\":{\"@id\":\"https:\\\/\\\/www.taste-africa.com\\\/productTRPLINKPROCESSED\\\/arabic-medium-roast-250g\\\/#primaryimage\"},\"thumbnailUrl\":\"https:\\\/\\\/www.taste-africa.com\\\/wp-content\\\/uploads\\\/2021\\\/05\\\/medium.jpeg\",\"datePublished\":\"2021-05-31T09:38:47+00:00\",\"dateModified\":\"2026-02-26T08:54:54+00:00\",\"breadcrumb\":{\"@id\":\"https:\\\/\\\/www.taste-africa.com\\\/productTRPLINKPROCESSED\\\/arabic-medium-roast-250g\\\/#breadcrumb\"},\"inLanguage\":\"sv-SE\",\"potentialAction\":[{\"@type\":\"ReadAction\",\"target\":[\"https:\\\/\\\/www.taste-africa.com\\\/productTRPLINKPROCESSED\\\/arabic-medium-roast-250g\\\/\"]}]},{\"@type\":\"ImageObject\",\"inLanguage\":\"sv-SE\",\"@id\":\"https:\\\/\\\/www.taste-africa.com\\\/productTRPLINKPROCESSED\\\/arabic-medium-roast-250g\\\/#primaryimage\",\"url\":\"https:\\\/\\\/www.taste-africa.com\\\/wp-content\\\/uploads\\\/2021\\\/05\\\/medium.jpeg\",\"contentUrl\":\"https:\\\/\\\/www.taste-africa.com\\\/wp-content\\\/uploads\\\/2021\\\/05\\\/medium.jpeg\",\"width\":960,\"height\":720},{\"@type\":\"BreadcrumbList\",\"@id\":\"https:\\\/\\\/www.taste-africa.com\\\/productTRPLINKPROCESSED\\\/arabic-medium-roast-250g\\\/#breadcrumb\",\"itemListElement\":[{\"@type\":\"ListItem\",\"position\":1,\"name\":\"Home\",\"item\":\"https:\\\/\\\/www.taste-africa.com\\\/\"},{\"@type\":\"ListItem\",\"position\":2,\"name\":\"Shop\",\"item\":\"https:\\\/\\\/www.taste-africa.com\\\/shop\\\/\"},{\"@type\":\"ListItem\",\"position\":3,\"name\":\"Taste of Africa freshly ground, medium arabica &#8211; 250g\"}]},{\"@type\":\"WebSite\",\"@id\":\"https:\\\/\\\/www.taste-africa.com\\\/#website\",\"url\":\"https:\\\/\\\/www.taste-africa.com\\\/\",\"name\":\"Taste of Africa\",\"description\":\"Taste of Africa\",\"publisher\":{\"@id\":\"https:\\\/\\\/www.taste-africa.com\\\/#organization\"},\"potentialAction\":[{\"@type\":\"SearchAction\",\"target\":{\"@type\":\"EntryPoint\",\"urlTemplate\":\"https:\\\/\\\/www.taste-africa.com\\\/?s={search_term_string}\"},\"query-input\":{\"@type\":\"PropertyValueSpecification\",\"valueRequired\":true,\"valueName\":\"search_term_string\"}}],\"inLanguage\":\"sv-SE\"},{\"@type\":\"Organization\",\"@id\":\"https:\\\/\\\/www.taste-africa.com\\\/#organization\",\"name\":\"Taste of Africa\",\"url\":\"https:\\\/\\\/www.taste-africa.com\\\/\",\"logo\":{\"@type\":\"ImageObject\",\"inLanguage\":\"sv-SE\",\"@id\":\"https:\\\/\\\/www.taste-africa.com\\\/#\\\/schema\\\/logo\\\/image\\\/\",\"url\":\"https:\\\/\\\/www.taste-africa.com\\\/wp-content\\\/uploads\\\/2020\\\/08\\\/logo.png\",\"contentUrl\":\"https:\\\/\\\/www.taste-africa.com\\\/wp-content\\\/uploads\\\/2020\\\/08\\\/logo.png\",\"width\":444,\"height\":121,\"caption\":\"Taste of Africa\"},\"image\":{\"@id\":\"https:\\\/\\\/www.taste-africa.com\\\/#\\\/schema\\\/logo\\\/image\\\/\"},\"sameAs\":[\"https:\\\/\\\/www.facebook.com\\\/tasteofafricahedesunda\\\/\",\"https:\\\/\\\/www.instagram.com\\\/tasteofafricahedesunda\\\/\"]}]}<\/script>\n<!-- \/ Yoast SEO plugin. -->","yoast_head_json":{"title":"Taste of Africa freshly ground, medium arabica - 250g - Taste of Africa","robots":{"index":"index","follow":"follow","max-snippet":"max-snippet:-1","max-image-preview":"max-image-preview:large","max-video-preview":"max-video-preview:-1"},"canonical":"https:\/\/www.taste-africa.com\/sv\/productTRPLINKPROCESSED\/arabic-medium-roast-250g\/","og_locale":"sv_SE","og_type":"article","og_title":"Taste of Africa freshly ground, medium arabica - 250g - Taste of Africa","og_description":"Ingredients: 100 % medium roasted arabica coffee beans, no additives or flavourants. Net weight 250 g. Please recycle this bag as plastic. This blend comes as a ground coffee for ordinary coffee machines and plungers, as well as bean coffee for your own grinders.","og_url":"https:\/\/www.taste-africa.com\/sv\/productTRPLINKPROCESSED\/arabic-medium-roast-250g\/","og_site_name":"Taste of Africa","article_publisher":"https:\/\/www.facebook.com\/tasteofafricahedesunda\/","article_modified_time":"2026-02-26T08:54:54+00:00","og_image":[{"width":960,"height":720,"url":"https:\/\/www.taste-africa.com\/wp-content\/uploads\/2021\/05\/medium.jpeg","type":"image\/jpeg"}],"twitter_card":"summary_large_image","schema":{"@context":"https:\/\/schema.org","@graph":[{"@type":"WebPage","@id":"https:\/\/www.taste-africa.com\/productTRPLINKPROCESSED\/arabic-medium-roast-250g\/","url":"https:\/\/www.taste-africa.com\/productTRPLINKPROCESSED\/arabic-medium-roast-250g\/","name":"Taste of Africa freshly ground, medium arabica - 250g - Taste of Africa","isPartOf":{"@id":"https:\/\/www.taste-africa.com\/#website"},"primaryImageOfPage":{"@id":"https:\/\/www.taste-africa.com\/productTRPLINKPROCESSED\/arabic-medium-roast-250g\/#primaryimage"},"image":{"@id":"https:\/\/www.taste-africa.com\/productTRPLINKPROCESSED\/arabic-medium-roast-250g\/#primaryimage"},"thumbnailUrl":"https:\/\/www.taste-africa.com\/wp-content\/uploads\/2021\/05\/medium.jpeg","datePublished":"2021-05-31T09:38:47+00:00","dateModified":"2026-02-26T08:54:54+00:00","breadcrumb":{"@id":"https:\/\/www.taste-africa.com\/productTRPLINKPROCESSED\/arabic-medium-roast-250g\/#breadcrumb"},"inLanguage":"sv-SE","potentialAction":[{"@type":"ReadAction","target":["https:\/\/www.taste-africa.com\/productTRPLINKPROCESSED\/arabic-medium-roast-250g\/"]}]},{"@type":"ImageObject","inLanguage":"sv-SE","@id":"https:\/\/www.taste-africa.com\/productTRPLINKPROCESSED\/arabic-medium-roast-250g\/#primaryimage","url":"https:\/\/www.taste-africa.com\/wp-content\/uploads\/2021\/05\/medium.jpeg","contentUrl":"https:\/\/www.taste-africa.com\/wp-content\/uploads\/2021\/05\/medium.jpeg","width":960,"height":720},{"@type":"BreadcrumbList","@id":"https:\/\/www.taste-africa.com\/productTRPLINKPROCESSED\/arabic-medium-roast-250g\/#breadcrumb","itemListElement":[{"@type":"ListItem","position":1,"name":"Home","item":"https:\/\/www.taste-africa.com\/"},{"@type":"ListItem","position":2,"name":"Shop","item":"https:\/\/www.taste-africa.com\/shop\/"},{"@type":"ListItem","position":3,"name":"Taste of Africa freshly ground, medium arabica &#8211; 250g"}]},{"@type":"WebSite","@id":"https:\/\/www.taste-africa.com\/#website","url":"https:\/\/www.taste-africa.com\/","name":"Taste of Africa","description":"Taste of Africa","publisher":{"@id":"https:\/\/www.taste-africa.com\/#organization"},"potentialAction":[{"@type":"SearchAction","target":{"@type":"EntryPoint","urlTemplate":"https:\/\/www.taste-africa.com\/?s={search_term_string}"},"query-input":{"@type":"PropertyValueSpecification","valueRequired":true,"valueName":"search_term_string"}}],"inLanguage":"sv-SE"},{"@type":"Organization","@id":"https:\/\/www.taste-africa.com\/#organization","name":"Taste of Africa","url":"https:\/\/www.taste-africa.com\/","logo":{"@type":"ImageObject","inLanguage":"sv-SE","@id":"https:\/\/www.taste-africa.com\/#\/schema\/logo\/image\/","url":"https:\/\/www.taste-africa.com\/wp-content\/uploads\/2020\/08\/logo.png","contentUrl":"https:\/\/www.taste-africa.com\/wp-content\/uploads\/2020\/08\/logo.png","width":444,"height":121,"caption":"Taste of Africa"},"image":{"@id":"https:\/\/www.taste-africa.com\/#\/schema\/logo\/image\/"},"sameAs":["https:\/\/www.facebook.com\/tasteofafricahedesunda\/","https:\/\/www.instagram.com\/tasteofafricahedesunda\/"]}]}},"_links":{"self":[{"href":"https:\/\/www.taste-africa.com\/sv\/wp-json\/wp\/v2\/product\/4915","targetHints":{"allow":["GET"]}}],"collection":[{"href":"https:\/\/www.taste-africa.com\/sv\/wp-json\/wp\/v2\/product"}],"about":[{"href":"https:\/\/www.taste-africa.com\/sv\/wp-json\/wp\/v2\/types\/product"}],"version-history":[{"count":5,"href":"https:\/\/www.taste-africa.com\/sv\/wp-json\/wp\/v2\/product\/4915\/revisions"}],"predecessor-version":[{"id":7005,"href":"https:\/\/www.taste-africa.com\/sv\/wp-json\/wp\/v2\/product\/4915\/revisions\/7005"}],"wp:featuredmedia":[{"embeddable":true,"href":"https:\/\/www.taste-africa.com\/sv\/wp-json\/wp\/v2\/media\/7146"}],"wp:attachment":[{"href":"https:\/\/www.taste-africa.com\/sv\/wp-json\/wp\/v2\/media?parent=4915"}],"wp:term":[{"taxonomy":"product_brand","embeddable":true,"href":"https:\/\/www.taste-africa.com\/sv\/wp-json\/wp\/v2\/product_brand?post=4915"},{"taxonomy":"product_cat","embeddable":true,"href":"https:\/\/www.taste-africa.com\/sv\/wp-json\/wp\/v2\/product_cat?post=4915"},{"taxonomy":"product_tag","embeddable":true,"href":"https:\/\/www.taste-africa.com\/sv\/wp-json\/wp\/v2\/product_tag?post=4915"}],"curies":[{"name":"wp","href":"https:\/\/api.w.org\/{rel}","templated":true}]}}