{"id":4937,"date":"2021-05-31T09:53:21","date_gmt":"2021-05-31T09:53:21","guid":{"rendered":"https:\/\/www.taste-africa.com\/?post_type=product&#038;p=4937"},"modified":"2026-02-26T08:50:03","modified_gmt":"2026-02-26T08:50:03","slug":"masala-spice-95g","status":"publish","type":"product","link":"https:\/\/www.taste-africa.com\/sv\/productTRPLINKPROCESSED\/masala-spice-95g\/","title":{"rendered":"Masala Spice &#8211; 95g"},"content":{"rendered":"<p>Using Masala Spice you can make one of our most popular Curries. Masala means \u2019mixture\u2019 in Kiswahili and in this case it\u2019s a wonderful array of aromatic herbs and spices. It's a curry that will pleasantly surprise you every time you cook it.<\/p>\n<p class=\"translation-block\">Ingredienser: cayenne, koriander, gurkmeja, spiskummin, f\u00e4nk\u00e5l, bockhornskl\u00f6ver, ingef\u00e4ra, salt, <b>senap<\/b>, lagerblad, kanel, kryddnejlika, vitl\u00f6k, inga konserveringsmedel, smaktillsatser, eller f\u00e4rg\u00e4mnen. \u00d6ppnad f\u00f6rpackning f\u00f6rvaras svalt. F\u00f6rpackningen \u00e5tervinns som plastf\u00f6rpackning., 95 g netto<\/p>","protected":false},"excerpt":{"rendered":"<p>Using Masala Spice you can make one of our most popular Curries. Masala means \u2019mixture\u2019 in Kiswahili and in this case it\u2019s a wonderful array of aromatic herbs and spices. It's a curry that will pleasantly surprise you every time you cook it.<\/p>\n<p class=\"translation-block\">Ingredienser: cayenne, koriander, gurkmeja, spiskummin, f\u00e4nk\u00e5l, bockhornskl\u00f6ver, ingef\u00e4ra, salt, <b>senap<\/b>, lagerblad, kanel, kryddnejlika, vitl\u00f6k, inga konserveringsmedel, smaktillsatser, eller f\u00e4rg\u00e4mnen. \u00d6ppnad f\u00f6rpackning f\u00f6rvaras svalt. F\u00f6rpackningen \u00e5tervinns som plastf\u00f6rpackning., 95 g netto<\/p>","protected":false},"featured_media":6204,"template":"","meta":{"inline_featured_image":false},"product_brand":[],"product_cat":[171,163],"product_tag":[],"class_list":{"0":"post-4937","1":"product","2":"type-product","3":"status-publish","4":"has-post-thumbnail","6":"product_cat-taste-of-africa","7":"product_cat-spice","9":"first","10":"instock","11":"shipping-taxable","12":"purchasable","13":"product-type-simple"},"yoast_head":"<!-- This site is optimized with the Yoast SEO plugin v27.3 - https:\/\/yoast.com\/product\/yoast-seo-wordpress\/ -->\n<title>Masala Spice - 95g - Taste of Africa<\/title>\n<meta name=\"robots\" content=\"index, follow, max-snippet:-1, max-image-preview:large, max-video-preview:-1\" \/>\n<link rel=\"canonical\" href=\"https:\/\/www.taste-africa.com\/sv\/productTRPLINKPROCESSED\/masala-spice-95g\/\" \/>\n<meta property=\"og:locale\" content=\"sv_SE\" \/>\n<meta property=\"og:type\" content=\"article\" \/>\n<meta property=\"og:title\" content=\"Masala Spice - 95g - Taste of Africa\" \/>\n<meta property=\"og:description\" content=\"Using Masala Spice you can make one of our most popular Curries. Masala means \u2019mixture\u2019 in Kiswahili and in this case it\u2019s a wonderful array of aromatic herbs and spices. It&#039;s a curry that will pleasantly surprise you every time you cook it.  Ingredients: cayenne, coriander, turmeric, cumin, fennel, fenugreek, ginger, salt,\u00a0mustard, bay leaves, cinnamon, cloves, garlic, no preservatives, additives &amp; colouring agents added. Store in a cool and dry place. Recycle as plastic, 95 g net.\" \/>\n<meta property=\"og:url\" content=\"https:\/\/www.taste-africa.com\/sv\/productTRPLINKPROCESSED\/masala-spice-95g\/\" \/>\n<meta property=\"og:site_name\" content=\"Taste of Africa\" \/>\n<meta property=\"article:publisher\" content=\"https:\/\/www.facebook.com\/tasteofafricahedesunda\/\" \/>\n<meta property=\"article:modified_time\" content=\"2026-02-26T08:50:03+00:00\" \/>\n<meta property=\"og:image\" content=\"https:\/\/www.taste-africa.com\/wp-content\/uploads\/2021\/04\/masala.jpeg\" \/>\n\t<meta property=\"og:image:width\" content=\"520\" \/>\n\t<meta property=\"og:image:height\" content=\"720\" \/>\n\t<meta property=\"og:image:type\" content=\"image\/jpeg\" \/>\n<meta name=\"twitter:card\" content=\"summary_large_image\" \/>\n<script type=\"application\/ld+json\" class=\"yoast-schema-graph\">{\"@context\":\"https:\\\/\\\/schema.org\",\"@graph\":[{\"@type\":\"WebPage\",\"@id\":\"https:\\\/\\\/www.taste-africa.com\\\/productTRPLINKPROCESSED\\\/masala-spice-95g\\\/\",\"url\":\"https:\\\/\\\/www.taste-africa.com\\\/productTRPLINKPROCESSED\\\/masala-spice-95g\\\/\",\"name\":\"Masala Spice - 95g - Taste of Africa\",\"isPartOf\":{\"@id\":\"https:\\\/\\\/www.taste-africa.com\\\/#website\"},\"primaryImageOfPage\":{\"@id\":\"https:\\\/\\\/www.taste-africa.com\\\/productTRPLINKPROCESSED\\\/masala-spice-95g\\\/#primaryimage\"},\"image\":{\"@id\":\"https:\\\/\\\/www.taste-africa.com\\\/productTRPLINKPROCESSED\\\/masala-spice-95g\\\/#primaryimage\"},\"thumbnailUrl\":\"https:\\\/\\\/www.taste-africa.com\\\/wp-content\\\/uploads\\\/2021\\\/04\\\/masala.jpeg\",\"datePublished\":\"2021-05-31T09:53:21+00:00\",\"dateModified\":\"2026-02-26T08:50:03+00:00\",\"breadcrumb\":{\"@id\":\"https:\\\/\\\/www.taste-africa.com\\\/productTRPLINKPROCESSED\\\/masala-spice-95g\\\/#breadcrumb\"},\"inLanguage\":\"sv-SE\",\"potentialAction\":[{\"@type\":\"ReadAction\",\"target\":[\"https:\\\/\\\/www.taste-africa.com\\\/productTRPLINKPROCESSED\\\/masala-spice-95g\\\/\"]}]},{\"@type\":\"ImageObject\",\"inLanguage\":\"sv-SE\",\"@id\":\"https:\\\/\\\/www.taste-africa.com\\\/productTRPLINKPROCESSED\\\/masala-spice-95g\\\/#primaryimage\",\"url\":\"https:\\\/\\\/www.taste-africa.com\\\/wp-content\\\/uploads\\\/2021\\\/04\\\/masala.jpeg\",\"contentUrl\":\"https:\\\/\\\/www.taste-africa.com\\\/wp-content\\\/uploads\\\/2021\\\/04\\\/masala.jpeg\",\"width\":520,\"height\":720},{\"@type\":\"BreadcrumbList\",\"@id\":\"https:\\\/\\\/www.taste-africa.com\\\/productTRPLINKPROCESSED\\\/masala-spice-95g\\\/#breadcrumb\",\"itemListElement\":[{\"@type\":\"ListItem\",\"position\":1,\"name\":\"Home\",\"item\":\"https:\\\/\\\/www.taste-africa.com\\\/\"},{\"@type\":\"ListItem\",\"position\":2,\"name\":\"Shop\",\"item\":\"https:\\\/\\\/www.taste-africa.com\\\/shop\\\/\"},{\"@type\":\"ListItem\",\"position\":3,\"name\":\"Masala Spice &#8211; 95g\"}]},{\"@type\":\"WebSite\",\"@id\":\"https:\\\/\\\/www.taste-africa.com\\\/#website\",\"url\":\"https:\\\/\\\/www.taste-africa.com\\\/\",\"name\":\"Taste of Africa\",\"description\":\"Taste of Africa\",\"publisher\":{\"@id\":\"https:\\\/\\\/www.taste-africa.com\\\/#organization\"},\"potentialAction\":[{\"@type\":\"SearchAction\",\"target\":{\"@type\":\"EntryPoint\",\"urlTemplate\":\"https:\\\/\\\/www.taste-africa.com\\\/?s={search_term_string}\"},\"query-input\":{\"@type\":\"PropertyValueSpecification\",\"valueRequired\":true,\"valueName\":\"search_term_string\"}}],\"inLanguage\":\"sv-SE\"},{\"@type\":\"Organization\",\"@id\":\"https:\\\/\\\/www.taste-africa.com\\\/#organization\",\"name\":\"Taste of Africa\",\"url\":\"https:\\\/\\\/www.taste-africa.com\\\/\",\"logo\":{\"@type\":\"ImageObject\",\"inLanguage\":\"sv-SE\",\"@id\":\"https:\\\/\\\/www.taste-africa.com\\\/#\\\/schema\\\/logo\\\/image\\\/\",\"url\":\"https:\\\/\\\/www.taste-africa.com\\\/wp-content\\\/uploads\\\/2020\\\/08\\\/logo.png\",\"contentUrl\":\"https:\\\/\\\/www.taste-africa.com\\\/wp-content\\\/uploads\\\/2020\\\/08\\\/logo.png\",\"width\":444,\"height\":121,\"caption\":\"Taste of Africa\"},\"image\":{\"@id\":\"https:\\\/\\\/www.taste-africa.com\\\/#\\\/schema\\\/logo\\\/image\\\/\"},\"sameAs\":[\"https:\\\/\\\/www.facebook.com\\\/tasteofafricahedesunda\\\/\",\"https:\\\/\\\/www.instagram.com\\\/tasteofafricahedesunda\\\/\"]}]}<\/script>\n<!-- \/ Yoast SEO plugin. -->","yoast_head_json":{"title":"Masala Spice - 95g - Taste of Africa","robots":{"index":"index","follow":"follow","max-snippet":"max-snippet:-1","max-image-preview":"max-image-preview:large","max-video-preview":"max-video-preview:-1"},"canonical":"https:\/\/www.taste-africa.com\/sv\/productTRPLINKPROCESSED\/masala-spice-95g\/","og_locale":"sv_SE","og_type":"article","og_title":"Masala Spice - 95g - Taste of Africa","og_description":"Using Masala Spice you can make one of our most popular Curries. Masala means \u2019mixture\u2019 in Kiswahili and in this case it\u2019s a wonderful array of aromatic herbs and spices. It's a curry that will pleasantly surprise you every time you cook it.  Ingredients: cayenne, coriander, turmeric, cumin, fennel, fenugreek, ginger, salt,\u00a0mustard, bay leaves, cinnamon, cloves, garlic, no preservatives, additives &amp; colouring agents added. Store in a cool and dry place. Recycle as plastic, 95 g net.","og_url":"https:\/\/www.taste-africa.com\/sv\/productTRPLINKPROCESSED\/masala-spice-95g\/","og_site_name":"Taste of Africa","article_publisher":"https:\/\/www.facebook.com\/tasteofafricahedesunda\/","article_modified_time":"2026-02-26T08:50:03+00:00","og_image":[{"width":520,"height":720,"url":"https:\/\/www.taste-africa.com\/wp-content\/uploads\/2021\/04\/masala.jpeg","type":"image\/jpeg"}],"twitter_card":"summary_large_image","schema":{"@context":"https:\/\/schema.org","@graph":[{"@type":"WebPage","@id":"https:\/\/www.taste-africa.com\/productTRPLINKPROCESSED\/masala-spice-95g\/","url":"https:\/\/www.taste-africa.com\/productTRPLINKPROCESSED\/masala-spice-95g\/","name":"Masala Spice - 95g - Taste of Africa","isPartOf":{"@id":"https:\/\/www.taste-africa.com\/#website"},"primaryImageOfPage":{"@id":"https:\/\/www.taste-africa.com\/productTRPLINKPROCESSED\/masala-spice-95g\/#primaryimage"},"image":{"@id":"https:\/\/www.taste-africa.com\/productTRPLINKPROCESSED\/masala-spice-95g\/#primaryimage"},"thumbnailUrl":"https:\/\/www.taste-africa.com\/wp-content\/uploads\/2021\/04\/masala.jpeg","datePublished":"2021-05-31T09:53:21+00:00","dateModified":"2026-02-26T08:50:03+00:00","breadcrumb":{"@id":"https:\/\/www.taste-africa.com\/productTRPLINKPROCESSED\/masala-spice-95g\/#breadcrumb"},"inLanguage":"sv-SE","potentialAction":[{"@type":"ReadAction","target":["https:\/\/www.taste-africa.com\/productTRPLINKPROCESSED\/masala-spice-95g\/"]}]},{"@type":"ImageObject","inLanguage":"sv-SE","@id":"https:\/\/www.taste-africa.com\/productTRPLINKPROCESSED\/masala-spice-95g\/#primaryimage","url":"https:\/\/www.taste-africa.com\/wp-content\/uploads\/2021\/04\/masala.jpeg","contentUrl":"https:\/\/www.taste-africa.com\/wp-content\/uploads\/2021\/04\/masala.jpeg","width":520,"height":720},{"@type":"BreadcrumbList","@id":"https:\/\/www.taste-africa.com\/productTRPLINKPROCESSED\/masala-spice-95g\/#breadcrumb","itemListElement":[{"@type":"ListItem","position":1,"name":"Home","item":"https:\/\/www.taste-africa.com\/"},{"@type":"ListItem","position":2,"name":"Shop","item":"https:\/\/www.taste-africa.com\/shop\/"},{"@type":"ListItem","position":3,"name":"Masala Spice &#8211; 95g"}]},{"@type":"WebSite","@id":"https:\/\/www.taste-africa.com\/#website","url":"https:\/\/www.taste-africa.com\/","name":"Taste of Africa","description":"Taste of Africa","publisher":{"@id":"https:\/\/www.taste-africa.com\/#organization"},"potentialAction":[{"@type":"SearchAction","target":{"@type":"EntryPoint","urlTemplate":"https:\/\/www.taste-africa.com\/?s={search_term_string}"},"query-input":{"@type":"PropertyValueSpecification","valueRequired":true,"valueName":"search_term_string"}}],"inLanguage":"sv-SE"},{"@type":"Organization","@id":"https:\/\/www.taste-africa.com\/#organization","name":"Taste of Africa","url":"https:\/\/www.taste-africa.com\/","logo":{"@type":"ImageObject","inLanguage":"sv-SE","@id":"https:\/\/www.taste-africa.com\/#\/schema\/logo\/image\/","url":"https:\/\/www.taste-africa.com\/wp-content\/uploads\/2020\/08\/logo.png","contentUrl":"https:\/\/www.taste-africa.com\/wp-content\/uploads\/2020\/08\/logo.png","width":444,"height":121,"caption":"Taste of Africa"},"image":{"@id":"https:\/\/www.taste-africa.com\/#\/schema\/logo\/image\/"},"sameAs":["https:\/\/www.facebook.com\/tasteofafricahedesunda\/","https:\/\/www.instagram.com\/tasteofafricahedesunda\/"]}]}},"_links":{"self":[{"href":"https:\/\/www.taste-africa.com\/sv\/wp-json\/wp\/v2\/product\/4937","targetHints":{"allow":["GET"]}}],"collection":[{"href":"https:\/\/www.taste-africa.com\/sv\/wp-json\/wp\/v2\/product"}],"about":[{"href":"https:\/\/www.taste-africa.com\/sv\/wp-json\/wp\/v2\/types\/product"}],"version-history":[{"count":4,"href":"https:\/\/www.taste-africa.com\/sv\/wp-json\/wp\/v2\/product\/4937\/revisions"}],"predecessor-version":[{"id":7100,"href":"https:\/\/www.taste-africa.com\/sv\/wp-json\/wp\/v2\/product\/4937\/revisions\/7100"}],"wp:featuredmedia":[{"embeddable":true,"href":"https:\/\/www.taste-africa.com\/sv\/wp-json\/wp\/v2\/media\/6204"}],"wp:attachment":[{"href":"https:\/\/www.taste-africa.com\/sv\/wp-json\/wp\/v2\/media?parent=4937"}],"wp:term":[{"taxonomy":"product_brand","embeddable":true,"href":"https:\/\/www.taste-africa.com\/sv\/wp-json\/wp\/v2\/product_brand?post=4937"},{"taxonomy":"product_cat","embeddable":true,"href":"https:\/\/www.taste-africa.com\/sv\/wp-json\/wp\/v2\/product_cat?post=4937"},{"taxonomy":"product_tag","embeddable":true,"href":"https:\/\/www.taste-africa.com\/sv\/wp-json\/wp\/v2\/product_tag?post=4937"}],"curies":[{"name":"wp","href":"https:\/\/api.w.org\/{rel}","templated":true}]}}