{"id":4943,"date":"2021-05-31T09:53:23","date_gmt":"2021-05-31T09:53:23","guid":{"rendered":"https:\/\/www.taste-africa.com\/?post_type=product&#038;p=4943"},"modified":"2026-02-26T08:50:03","modified_gmt":"2026-02-26T08:50:03","slug":"namaqua-spice-95g","status":"publish","type":"product","link":"https:\/\/www.taste-africa.com\/sv\/productTRPLINKPROCESSED\/namaqua-spice-95g\/","title":{"rendered":"Namaqua Spice &#8211; 95g"},"content":{"rendered":"<p>Namaqualand \u2013 a semi-desert area along the Atlantic coast of South Africa. A mountain plateau meets the sea in a burning sandy desert. Here water is very scarce. A carpet of annuals explodes with the first drops of rain. There is an array of different bulbs, slow growing fine-leaved shrubs, and succulent plants. This spice blend is our hottest, and perfect for you who like to add some extra spice in life. Use as a rub with flake salt on your barbequed veggies or meat. Cook the most succulent curry, adding your favourite meat or perhaps only lots of veggies, and perhaps even your own dried funnel chanterelles. This gives a charming wild character and goes so well with fresh herbs such as rosemary or thyme.<\/p>\n<p>Ingredienser: chili, spiskummin, anis, f\u00e4nk\u00e5l, koriander, salt, bockhornskl\u00f6ver, kryddnejlika, kanel, majsst\u00e4rkelse, muskotn\u00f6t, vitpeppar, svartpeppar, lagerblad, inga \nkonserveringsmedel smaktillsatser, eller f\u00e4rg\u00e4mnen. \u00d6ppnad f\u00f6rpackning f\u00f6rvaras svalt. \nF\u00f6rpackningen \u00e5tervinns som plastf\u00f6rpackning., 95 g netto<\/p>","protected":false},"excerpt":{"rendered":"<p>Namaqualand \u2013 a semi-desert area along the Atlantic coast of South Africa. A mountain plateau meets the sea in a burning sandy desert. Here water is very scarce. A carpet of annuals explodes with the first drops of rain. There is an array of different bulbs, slow growing fine-leaved shrubs, and succulent plants. This spice blend is our hottest, and perfect for you who like to add some extra spice in life. Use as a rub with flake salt on your barbequed veggies or meat. Cook the most succulent curry, adding your favourite meat or perhaps only lots of veggies, and perhaps even your own dried funnel chanterelles. This gives a charming wild character and goes so well with fresh herbs such as rosemary or thyme.<\/p>\n<p>Ingredienser: chili, spiskummin, anis, f\u00e4nk\u00e5l, koriander, salt, bockhornskl\u00f6ver, kryddnejlika, kanel, majsst\u00e4rkelse, muskotn\u00f6t, vitpeppar, svartpeppar, lagerblad, inga \nkonserveringsmedel smaktillsatser, eller f\u00e4rg\u00e4mnen. \u00d6ppnad f\u00f6rpackning f\u00f6rvaras svalt. \nF\u00f6rpackningen \u00e5tervinns som plastf\u00f6rpackning., 95 g netto<\/p>","protected":false},"featured_media":6205,"template":"","meta":{"inline_featured_image":false},"product_brand":[],"product_cat":[171,163],"product_tag":[],"class_list":{"0":"post-4943","1":"product","2":"type-product","3":"status-publish","4":"has-post-thumbnail","6":"product_cat-taste-of-africa","7":"product_cat-spice","9":"first","10":"instock","11":"shipping-taxable","12":"purchasable","13":"product-type-simple"},"yoast_head":"<!-- This site is optimized with the Yoast SEO plugin v27.3 - https:\/\/yoast.com\/product\/yoast-seo-wordpress\/ -->\n<title>Namaqua Spice - 95g - Taste of Africa<\/title>\n<meta name=\"robots\" content=\"index, follow, max-snippet:-1, max-image-preview:large, max-video-preview:-1\" \/>\n<link rel=\"canonical\" href=\"https:\/\/www.taste-africa.com\/sv\/productTRPLINKPROCESSED\/namaqua-spice-95g\/\" \/>\n<meta property=\"og:locale\" content=\"sv_SE\" \/>\n<meta property=\"og:type\" content=\"article\" \/>\n<meta property=\"og:title\" content=\"Namaqua Spice - 95g - Taste of Africa\" \/>\n<meta property=\"og:description\" content=\"Namaqualand \u2013 a semi-desert area along the Atlantic coast of South Africa. A mountain plateau meets the sea in a burning sandy desert. Here water is very scarce. A carpet of annuals explodes with the first drops of rain. There is an array of different bulbs, slow growing fine-leaved shrubs, and succulent plants. This spice blend is our hottest, and perfect for you who like to add some extra spice in life. Use as a rub with flake salt on your barbequed veggies or meat. Cook the most succulent curry, adding your favourite meat or perhaps only lots of veggies, and perhaps even your own dried funnel chanterelles. This gives a charming wild character and goes so well with fresh herbs such as rosemary or thyme.  Ingredients: chilli, cumin, anisseed, fennel, coriander, salt, fenugreek, cloves, cinnamon, corn starch, nutmeg, black pepper, white pepper, bay leaves, no preservatives, additives &amp; colouring agents added. Store in a cool and dry place. Recycle as plastic, 95 g net.\" \/>\n<meta property=\"og:url\" content=\"https:\/\/www.taste-africa.com\/sv\/productTRPLINKPROCESSED\/namaqua-spice-95g\/\" \/>\n<meta property=\"og:site_name\" content=\"Taste of Africa\" \/>\n<meta property=\"article:publisher\" content=\"https:\/\/www.facebook.com\/tasteofafricahedesunda\/\" \/>\n<meta property=\"article:modified_time\" content=\"2026-02-26T08:50:03+00:00\" \/>\n<meta property=\"og:image\" content=\"https:\/\/www.taste-africa.com\/wp-content\/uploads\/2021\/04\/namaqua.jpeg\" \/>\n\t<meta property=\"og:image:width\" content=\"547\" \/>\n\t<meta property=\"og:image:height\" content=\"720\" \/>\n\t<meta property=\"og:image:type\" content=\"image\/jpeg\" \/>\n<meta name=\"twitter:card\" content=\"summary_large_image\" \/>\n<meta name=\"twitter:label1\" content=\"Ber\u00e4knad l\u00e4stid\" \/>\n\t<meta name=\"twitter:data1\" content=\"1 minut\" \/>\n<script type=\"application\/ld+json\" class=\"yoast-schema-graph\">{\"@context\":\"https:\\\/\\\/schema.org\",\"@graph\":[{\"@type\":\"WebPage\",\"@id\":\"https:\\\/\\\/www.taste-africa.com\\\/productTRPLINKPROCESSED\\\/namaqua-spice-95g\\\/\",\"url\":\"https:\\\/\\\/www.taste-africa.com\\\/productTRPLINKPROCESSED\\\/namaqua-spice-95g\\\/\",\"name\":\"Namaqua Spice - 95g - Taste of Africa\",\"isPartOf\":{\"@id\":\"https:\\\/\\\/www.taste-africa.com\\\/#website\"},\"primaryImageOfPage\":{\"@id\":\"https:\\\/\\\/www.taste-africa.com\\\/productTRPLINKPROCESSED\\\/namaqua-spice-95g\\\/#primaryimage\"},\"image\":{\"@id\":\"https:\\\/\\\/www.taste-africa.com\\\/productTRPLINKPROCESSED\\\/namaqua-spice-95g\\\/#primaryimage\"},\"thumbnailUrl\":\"https:\\\/\\\/www.taste-africa.com\\\/wp-content\\\/uploads\\\/2021\\\/04\\\/namaqua.jpeg\",\"datePublished\":\"2021-05-31T09:53:23+00:00\",\"dateModified\":\"2026-02-26T08:50:03+00:00\",\"breadcrumb\":{\"@id\":\"https:\\\/\\\/www.taste-africa.com\\\/productTRPLINKPROCESSED\\\/namaqua-spice-95g\\\/#breadcrumb\"},\"inLanguage\":\"sv-SE\",\"potentialAction\":[{\"@type\":\"ReadAction\",\"target\":[\"https:\\\/\\\/www.taste-africa.com\\\/productTRPLINKPROCESSED\\\/namaqua-spice-95g\\\/\"]}]},{\"@type\":\"ImageObject\",\"inLanguage\":\"sv-SE\",\"@id\":\"https:\\\/\\\/www.taste-africa.com\\\/productTRPLINKPROCESSED\\\/namaqua-spice-95g\\\/#primaryimage\",\"url\":\"https:\\\/\\\/www.taste-africa.com\\\/wp-content\\\/uploads\\\/2021\\\/04\\\/namaqua.jpeg\",\"contentUrl\":\"https:\\\/\\\/www.taste-africa.com\\\/wp-content\\\/uploads\\\/2021\\\/04\\\/namaqua.jpeg\",\"width\":547,\"height\":720},{\"@type\":\"BreadcrumbList\",\"@id\":\"https:\\\/\\\/www.taste-africa.com\\\/productTRPLINKPROCESSED\\\/namaqua-spice-95g\\\/#breadcrumb\",\"itemListElement\":[{\"@type\":\"ListItem\",\"position\":1,\"name\":\"Home\",\"item\":\"https:\\\/\\\/www.taste-africa.com\\\/\"},{\"@type\":\"ListItem\",\"position\":2,\"name\":\"Shop\",\"item\":\"https:\\\/\\\/www.taste-africa.com\\\/shop\\\/\"},{\"@type\":\"ListItem\",\"position\":3,\"name\":\"Namaqua Spice &#8211; 95g\"}]},{\"@type\":\"WebSite\",\"@id\":\"https:\\\/\\\/www.taste-africa.com\\\/#website\",\"url\":\"https:\\\/\\\/www.taste-africa.com\\\/\",\"name\":\"Taste of Africa\",\"description\":\"Taste of Africa\",\"publisher\":{\"@id\":\"https:\\\/\\\/www.taste-africa.com\\\/#organization\"},\"potentialAction\":[{\"@type\":\"SearchAction\",\"target\":{\"@type\":\"EntryPoint\",\"urlTemplate\":\"https:\\\/\\\/www.taste-africa.com\\\/?s={search_term_string}\"},\"query-input\":{\"@type\":\"PropertyValueSpecification\",\"valueRequired\":true,\"valueName\":\"search_term_string\"}}],\"inLanguage\":\"sv-SE\"},{\"@type\":\"Organization\",\"@id\":\"https:\\\/\\\/www.taste-africa.com\\\/#organization\",\"name\":\"Taste of Africa\",\"url\":\"https:\\\/\\\/www.taste-africa.com\\\/\",\"logo\":{\"@type\":\"ImageObject\",\"inLanguage\":\"sv-SE\",\"@id\":\"https:\\\/\\\/www.taste-africa.com\\\/#\\\/schema\\\/logo\\\/image\\\/\",\"url\":\"https:\\\/\\\/www.taste-africa.com\\\/wp-content\\\/uploads\\\/2020\\\/08\\\/logo.png\",\"contentUrl\":\"https:\\\/\\\/www.taste-africa.com\\\/wp-content\\\/uploads\\\/2020\\\/08\\\/logo.png\",\"width\":444,\"height\":121,\"caption\":\"Taste of Africa\"},\"image\":{\"@id\":\"https:\\\/\\\/www.taste-africa.com\\\/#\\\/schema\\\/logo\\\/image\\\/\"},\"sameAs\":[\"https:\\\/\\\/www.facebook.com\\\/tasteofafricahedesunda\\\/\",\"https:\\\/\\\/www.instagram.com\\\/tasteofafricahedesunda\\\/\"]}]}<\/script>\n<!-- \/ Yoast SEO plugin. -->","yoast_head_json":{"title":"Namaqua Spice - 95g - Taste of Africa","robots":{"index":"index","follow":"follow","max-snippet":"max-snippet:-1","max-image-preview":"max-image-preview:large","max-video-preview":"max-video-preview:-1"},"canonical":"https:\/\/www.taste-africa.com\/sv\/productTRPLINKPROCESSED\/namaqua-spice-95g\/","og_locale":"sv_SE","og_type":"article","og_title":"Namaqua Spice - 95g - Taste of Africa","og_description":"Namaqualand \u2013 a semi-desert area along the Atlantic coast of South Africa. A mountain plateau meets the sea in a burning sandy desert. Here water is very scarce. A carpet of annuals explodes with the first drops of rain. There is an array of different bulbs, slow growing fine-leaved shrubs, and succulent plants. This spice blend is our hottest, and perfect for you who like to add some extra spice in life. Use as a rub with flake salt on your barbequed veggies or meat. Cook the most succulent curry, adding your favourite meat or perhaps only lots of veggies, and perhaps even your own dried funnel chanterelles. This gives a charming wild character and goes so well with fresh herbs such as rosemary or thyme.  Ingredients: chilli, cumin, anisseed, fennel, coriander, salt, fenugreek, cloves, cinnamon, corn starch, nutmeg, black pepper, white pepper, bay leaves, no preservatives, additives &amp; colouring agents added. Store in a cool and dry place. Recycle as plastic, 95 g net.","og_url":"https:\/\/www.taste-africa.com\/sv\/productTRPLINKPROCESSED\/namaqua-spice-95g\/","og_site_name":"Taste of Africa","article_publisher":"https:\/\/www.facebook.com\/tasteofafricahedesunda\/","article_modified_time":"2026-02-26T08:50:03+00:00","og_image":[{"width":547,"height":720,"url":"https:\/\/www.taste-africa.com\/wp-content\/uploads\/2021\/04\/namaqua.jpeg","type":"image\/jpeg"}],"twitter_card":"summary_large_image","twitter_misc":{"Ber\u00e4knad l\u00e4stid":"1 minut"},"schema":{"@context":"https:\/\/schema.org","@graph":[{"@type":"WebPage","@id":"https:\/\/www.taste-africa.com\/productTRPLINKPROCESSED\/namaqua-spice-95g\/","url":"https:\/\/www.taste-africa.com\/productTRPLINKPROCESSED\/namaqua-spice-95g\/","name":"Namaqua Spice - 95g - Taste of Africa","isPartOf":{"@id":"https:\/\/www.taste-africa.com\/#website"},"primaryImageOfPage":{"@id":"https:\/\/www.taste-africa.com\/productTRPLINKPROCESSED\/namaqua-spice-95g\/#primaryimage"},"image":{"@id":"https:\/\/www.taste-africa.com\/productTRPLINKPROCESSED\/namaqua-spice-95g\/#primaryimage"},"thumbnailUrl":"https:\/\/www.taste-africa.com\/wp-content\/uploads\/2021\/04\/namaqua.jpeg","datePublished":"2021-05-31T09:53:23+00:00","dateModified":"2026-02-26T08:50:03+00:00","breadcrumb":{"@id":"https:\/\/www.taste-africa.com\/productTRPLINKPROCESSED\/namaqua-spice-95g\/#breadcrumb"},"inLanguage":"sv-SE","potentialAction":[{"@type":"ReadAction","target":["https:\/\/www.taste-africa.com\/productTRPLINKPROCESSED\/namaqua-spice-95g\/"]}]},{"@type":"ImageObject","inLanguage":"sv-SE","@id":"https:\/\/www.taste-africa.com\/productTRPLINKPROCESSED\/namaqua-spice-95g\/#primaryimage","url":"https:\/\/www.taste-africa.com\/wp-content\/uploads\/2021\/04\/namaqua.jpeg","contentUrl":"https:\/\/www.taste-africa.com\/wp-content\/uploads\/2021\/04\/namaqua.jpeg","width":547,"height":720},{"@type":"BreadcrumbList","@id":"https:\/\/www.taste-africa.com\/productTRPLINKPROCESSED\/namaqua-spice-95g\/#breadcrumb","itemListElement":[{"@type":"ListItem","position":1,"name":"Home","item":"https:\/\/www.taste-africa.com\/"},{"@type":"ListItem","position":2,"name":"Shop","item":"https:\/\/www.taste-africa.com\/shop\/"},{"@type":"ListItem","position":3,"name":"Namaqua Spice &#8211; 95g"}]},{"@type":"WebSite","@id":"https:\/\/www.taste-africa.com\/#website","url":"https:\/\/www.taste-africa.com\/","name":"Taste of Africa","description":"Taste of Africa","publisher":{"@id":"https:\/\/www.taste-africa.com\/#organization"},"potentialAction":[{"@type":"SearchAction","target":{"@type":"EntryPoint","urlTemplate":"https:\/\/www.taste-africa.com\/?s={search_term_string}"},"query-input":{"@type":"PropertyValueSpecification","valueRequired":true,"valueName":"search_term_string"}}],"inLanguage":"sv-SE"},{"@type":"Organization","@id":"https:\/\/www.taste-africa.com\/#organization","name":"Taste of Africa","url":"https:\/\/www.taste-africa.com\/","logo":{"@type":"ImageObject","inLanguage":"sv-SE","@id":"https:\/\/www.taste-africa.com\/#\/schema\/logo\/image\/","url":"https:\/\/www.taste-africa.com\/wp-content\/uploads\/2020\/08\/logo.png","contentUrl":"https:\/\/www.taste-africa.com\/wp-content\/uploads\/2020\/08\/logo.png","width":444,"height":121,"caption":"Taste of Africa"},"image":{"@id":"https:\/\/www.taste-africa.com\/#\/schema\/logo\/image\/"},"sameAs":["https:\/\/www.facebook.com\/tasteofafricahedesunda\/","https:\/\/www.instagram.com\/tasteofafricahedesunda\/"]}]}},"_links":{"self":[{"href":"https:\/\/www.taste-africa.com\/sv\/wp-json\/wp\/v2\/product\/4943","targetHints":{"allow":["GET"]}}],"collection":[{"href":"https:\/\/www.taste-africa.com\/sv\/wp-json\/wp\/v2\/product"}],"about":[{"href":"https:\/\/www.taste-africa.com\/sv\/wp-json\/wp\/v2\/types\/product"}],"version-history":[{"count":3,"href":"https:\/\/www.taste-africa.com\/sv\/wp-json\/wp\/v2\/product\/4943\/revisions"}],"predecessor-version":[{"id":7124,"href":"https:\/\/www.taste-africa.com\/sv\/wp-json\/wp\/v2\/product\/4943\/revisions\/7124"}],"wp:featuredmedia":[{"embeddable":true,"href":"https:\/\/www.taste-africa.com\/sv\/wp-json\/wp\/v2\/media\/6205"}],"wp:attachment":[{"href":"https:\/\/www.taste-africa.com\/sv\/wp-json\/wp\/v2\/media?parent=4943"}],"wp:term":[{"taxonomy":"product_brand","embeddable":true,"href":"https:\/\/www.taste-africa.com\/sv\/wp-json\/wp\/v2\/product_brand?post=4943"},{"taxonomy":"product_cat","embeddable":true,"href":"https:\/\/www.taste-africa.com\/sv\/wp-json\/wp\/v2\/product_cat?post=4943"},{"taxonomy":"product_tag","embeddable":true,"href":"https:\/\/www.taste-africa.com\/sv\/wp-json\/wp\/v2\/product_tag?post=4943"}],"curies":[{"name":"wp","href":"https:\/\/api.w.org\/{rel}","templated":true}]}}