{"id":4954,"date":"2021-05-31T09:55:34","date_gmt":"2021-05-31T09:55:34","guid":{"rendered":"https:\/\/www.taste-africa.com\/?post_type=product&#038;p=4954"},"modified":"2024-03-15T06:28:01","modified_gmt":"2024-03-15T06:28:01","slug":"curry-paste-200ml","status":"publish","type":"product","link":"https:\/\/www.taste-africa.com\/sv\/productTRPLINKPROCESSED\/curry-paste-200ml\/","title":{"rendered":"Curry Paste &#8211; 200ml"},"content":{"rendered":"<p>Curry Pasta kan anv\u00e4ndas p\u00e5 egen hand f\u00f6r att smaks\u00e4tta en h\u00e4rlig gryta eller s\u00e5s, eller anv\u00e4nd den i kombination med den lite hetare torra kryddblandningen Curry Spice (nedan). S\u00e5 g\u00f6r vi ofta n\u00e4r vi lagar ett av v\u00e5ra mest popul\u00e4ra recept, Safrican Curry, en r\u00e4tt med mycket stolthet i det sydafrikanska k\u00f6ket.<\/p>\n<p class=\"translation-block\">Ingredienser: koriander, spiskummin, svartpeppar, gurkmeja, salt, vitl\u00f6k, ingef\u00e4ra, \u00e4ttika, <b>senap<\/b>, lagerblad, solrosolja, inga konserveringsmedel smaktillsatser, eller f\u00e4rg\u00e4mnen. 200 ml.<\/p>","protected":false},"excerpt":{"rendered":"<p>Curry Pasta kan anv\u00e4ndas p\u00e5 egen hand f\u00f6r att smaks\u00e4tta en h\u00e4rlig gryta eller s\u00e5s, eller anv\u00e4nd den i kombination med den lite hetare torra kryddblandningen Curry Spice (nedan). S\u00e5 g\u00f6r vi ofta n\u00e4r vi lagar ett av v\u00e5ra mest popul\u00e4ra recept, Safrican Curry, en r\u00e4tt med mycket stolthet i det sydafrikanska k\u00f6ket.<\/p>\n<p class=\"translation-block\">Ingredienser: koriander, spiskummin, svartpeppar, gurkmeja, salt, vitl\u00f6k, ingef\u00e4ra, \u00e4ttika, <b>senap<\/b>, lagerblad, solrosolja, inga konserveringsmedel smaktillsatser, eller f\u00e4rg\u00e4mnen. 200 ml.<\/p>","protected":false},"featured_media":6206,"template":"","meta":{"inline_featured_image":false},"product_brand":[],"product_cat":[171,163],"product_tag":[],"class_list":{"0":"post-4954","1":"product","2":"type-product","3":"status-publish","4":"has-post-thumbnail","6":"product_cat-taste-of-africa","7":"product_cat-spice","9":"first","10":"outofstock","11":"shipping-taxable","12":"purchasable","13":"product-type-simple"},"yoast_head":"<!-- This site is optimized with the Yoast SEO plugin v27.3 - https:\/\/yoast.com\/product\/yoast-seo-wordpress\/ -->\n<title>Curry Paste - 200ml - Taste of Africa<\/title>\n<meta name=\"robots\" content=\"index, follow, max-snippet:-1, max-image-preview:large, max-video-preview:-1\" \/>\n<link rel=\"canonical\" href=\"https:\/\/www.taste-africa.com\/sv\/productTRPLINKPROCESSED\/curry-paste-200ml\/\" \/>\n<meta property=\"og:locale\" content=\"sv_SE\" \/>\n<meta property=\"og:type\" content=\"article\" \/>\n<meta property=\"og:title\" content=\"Curry Paste - 200ml - Taste of Africa\" \/>\n<meta property=\"og:description\" content=\"Curry Paste can be used on its own, or in combination with the dry Curry Spice to make one of our most popular recipes and the pride of the South African kitchen. It has hints of coriander, cumin, fennel, cinnamon, cloves, chillies, mustard, and ginger. Keep refrigerated when opened.  Ingredients: coriander, cumin, blackpepper, turmeric, salt, garlic, ginger, spirit vinegar,\u00a0mustard, bay leaves, sunflower oil, no preservatives, additives &amp; colouring agents added.\" \/>\n<meta property=\"og:url\" content=\"https:\/\/www.taste-africa.com\/sv\/productTRPLINKPROCESSED\/curry-paste-200ml\/\" \/>\n<meta property=\"og:site_name\" content=\"Taste of Africa\" \/>\n<meta property=\"article:publisher\" content=\"https:\/\/www.facebook.com\/tasteofafricahedesunda\/\" \/>\n<meta property=\"article:modified_time\" content=\"2024-03-15T06:28:01+00:00\" \/>\n<meta property=\"og:image\" content=\"https:\/\/www.taste-africa.com\/wp-content\/uploads\/2021\/04\/curry_paste.jpeg\" \/>\n\t<meta property=\"og:image:width\" content=\"550\" \/>\n\t<meta property=\"og:image:height\" content=\"720\" \/>\n\t<meta property=\"og:image:type\" content=\"image\/jpeg\" \/>\n<meta name=\"twitter:card\" content=\"summary_large_image\" \/>\n<script type=\"application\/ld+json\" class=\"yoast-schema-graph\">{\"@context\":\"https:\\\/\\\/schema.org\",\"@graph\":[{\"@type\":\"WebPage\",\"@id\":\"https:\\\/\\\/www.taste-africa.com\\\/productTRPLINKPROCESSED\\\/curry-paste-200ml\\\/\",\"url\":\"https:\\\/\\\/www.taste-africa.com\\\/productTRPLINKPROCESSED\\\/curry-paste-200ml\\\/\",\"name\":\"Curry Paste - 200ml - Taste of Africa\",\"isPartOf\":{\"@id\":\"https:\\\/\\\/www.taste-africa.com\\\/#website\"},\"primaryImageOfPage\":{\"@id\":\"https:\\\/\\\/www.taste-africa.com\\\/productTRPLINKPROCESSED\\\/curry-paste-200ml\\\/#primaryimage\"},\"image\":{\"@id\":\"https:\\\/\\\/www.taste-africa.com\\\/productTRPLINKPROCESSED\\\/curry-paste-200ml\\\/#primaryimage\"},\"thumbnailUrl\":\"https:\\\/\\\/www.taste-africa.com\\\/wp-content\\\/uploads\\\/2021\\\/04\\\/curry_paste.jpeg\",\"datePublished\":\"2021-05-31T09:55:34+00:00\",\"dateModified\":\"2024-03-15T06:28:01+00:00\",\"breadcrumb\":{\"@id\":\"https:\\\/\\\/www.taste-africa.com\\\/productTRPLINKPROCESSED\\\/curry-paste-200ml\\\/#breadcrumb\"},\"inLanguage\":\"sv-SE\",\"potentialAction\":[{\"@type\":\"ReadAction\",\"target\":[\"https:\\\/\\\/www.taste-africa.com\\\/productTRPLINKPROCESSED\\\/curry-paste-200ml\\\/\"]}]},{\"@type\":\"ImageObject\",\"inLanguage\":\"sv-SE\",\"@id\":\"https:\\\/\\\/www.taste-africa.com\\\/productTRPLINKPROCESSED\\\/curry-paste-200ml\\\/#primaryimage\",\"url\":\"https:\\\/\\\/www.taste-africa.com\\\/wp-content\\\/uploads\\\/2021\\\/04\\\/curry_paste.jpeg\",\"contentUrl\":\"https:\\\/\\\/www.taste-africa.com\\\/wp-content\\\/uploads\\\/2021\\\/04\\\/curry_paste.jpeg\",\"width\":550,\"height\":720},{\"@type\":\"BreadcrumbList\",\"@id\":\"https:\\\/\\\/www.taste-africa.com\\\/productTRPLINKPROCESSED\\\/curry-paste-200ml\\\/#breadcrumb\",\"itemListElement\":[{\"@type\":\"ListItem\",\"position\":1,\"name\":\"Home\",\"item\":\"https:\\\/\\\/www.taste-africa.com\\\/\"},{\"@type\":\"ListItem\",\"position\":2,\"name\":\"Shop\",\"item\":\"https:\\\/\\\/www.taste-africa.com\\\/shop\\\/\"},{\"@type\":\"ListItem\",\"position\":3,\"name\":\"Curry Paste &#8211; 200ml\"}]},{\"@type\":\"WebSite\",\"@id\":\"https:\\\/\\\/www.taste-africa.com\\\/#website\",\"url\":\"https:\\\/\\\/www.taste-africa.com\\\/\",\"name\":\"Taste of Africa\",\"description\":\"Taste of Africa\",\"publisher\":{\"@id\":\"https:\\\/\\\/www.taste-africa.com\\\/#organization\"},\"potentialAction\":[{\"@type\":\"SearchAction\",\"target\":{\"@type\":\"EntryPoint\",\"urlTemplate\":\"https:\\\/\\\/www.taste-africa.com\\\/?s={search_term_string}\"},\"query-input\":{\"@type\":\"PropertyValueSpecification\",\"valueRequired\":true,\"valueName\":\"search_term_string\"}}],\"inLanguage\":\"sv-SE\"},{\"@type\":\"Organization\",\"@id\":\"https:\\\/\\\/www.taste-africa.com\\\/#organization\",\"name\":\"Taste of Africa\",\"url\":\"https:\\\/\\\/www.taste-africa.com\\\/\",\"logo\":{\"@type\":\"ImageObject\",\"inLanguage\":\"sv-SE\",\"@id\":\"https:\\\/\\\/www.taste-africa.com\\\/#\\\/schema\\\/logo\\\/image\\\/\",\"url\":\"https:\\\/\\\/www.taste-africa.com\\\/wp-content\\\/uploads\\\/2020\\\/08\\\/logo.png\",\"contentUrl\":\"https:\\\/\\\/www.taste-africa.com\\\/wp-content\\\/uploads\\\/2020\\\/08\\\/logo.png\",\"width\":444,\"height\":121,\"caption\":\"Taste of Africa\"},\"image\":{\"@id\":\"https:\\\/\\\/www.taste-africa.com\\\/#\\\/schema\\\/logo\\\/image\\\/\"},\"sameAs\":[\"https:\\\/\\\/www.facebook.com\\\/tasteofafricahedesunda\\\/\",\"https:\\\/\\\/www.instagram.com\\\/tasteofafricahedesunda\\\/\"]}]}<\/script>\n<!-- \/ Yoast SEO plugin. -->","yoast_head_json":{"title":"Curry Paste - 200ml - Taste of Africa","robots":{"index":"index","follow":"follow","max-snippet":"max-snippet:-1","max-image-preview":"max-image-preview:large","max-video-preview":"max-video-preview:-1"},"canonical":"https:\/\/www.taste-africa.com\/sv\/productTRPLINKPROCESSED\/curry-paste-200ml\/","og_locale":"sv_SE","og_type":"article","og_title":"Curry Paste - 200ml - Taste of Africa","og_description":"Curry Paste can be used on its own, or in combination with the dry Curry Spice to make one of our most popular recipes and the pride of the South African kitchen. It has hints of coriander, cumin, fennel, cinnamon, cloves, chillies, mustard, and ginger. Keep refrigerated when opened.  Ingredients: coriander, cumin, blackpepper, turmeric, salt, garlic, ginger, spirit vinegar,\u00a0mustard, bay leaves, sunflower oil, no preservatives, additives &amp; colouring agents added.","og_url":"https:\/\/www.taste-africa.com\/sv\/productTRPLINKPROCESSED\/curry-paste-200ml\/","og_site_name":"Taste of Africa","article_publisher":"https:\/\/www.facebook.com\/tasteofafricahedesunda\/","article_modified_time":"2024-03-15T06:28:01+00:00","og_image":[{"width":550,"height":720,"url":"https:\/\/www.taste-africa.com\/wp-content\/uploads\/2021\/04\/curry_paste.jpeg","type":"image\/jpeg"}],"twitter_card":"summary_large_image","schema":{"@context":"https:\/\/schema.org","@graph":[{"@type":"WebPage","@id":"https:\/\/www.taste-africa.com\/productTRPLINKPROCESSED\/curry-paste-200ml\/","url":"https:\/\/www.taste-africa.com\/productTRPLINKPROCESSED\/curry-paste-200ml\/","name":"Curry Paste - 200ml - Taste of Africa","isPartOf":{"@id":"https:\/\/www.taste-africa.com\/#website"},"primaryImageOfPage":{"@id":"https:\/\/www.taste-africa.com\/productTRPLINKPROCESSED\/curry-paste-200ml\/#primaryimage"},"image":{"@id":"https:\/\/www.taste-africa.com\/productTRPLINKPROCESSED\/curry-paste-200ml\/#primaryimage"},"thumbnailUrl":"https:\/\/www.taste-africa.com\/wp-content\/uploads\/2021\/04\/curry_paste.jpeg","datePublished":"2021-05-31T09:55:34+00:00","dateModified":"2024-03-15T06:28:01+00:00","breadcrumb":{"@id":"https:\/\/www.taste-africa.com\/productTRPLINKPROCESSED\/curry-paste-200ml\/#breadcrumb"},"inLanguage":"sv-SE","potentialAction":[{"@type":"ReadAction","target":["https:\/\/www.taste-africa.com\/productTRPLINKPROCESSED\/curry-paste-200ml\/"]}]},{"@type":"ImageObject","inLanguage":"sv-SE","@id":"https:\/\/www.taste-africa.com\/productTRPLINKPROCESSED\/curry-paste-200ml\/#primaryimage","url":"https:\/\/www.taste-africa.com\/wp-content\/uploads\/2021\/04\/curry_paste.jpeg","contentUrl":"https:\/\/www.taste-africa.com\/wp-content\/uploads\/2021\/04\/curry_paste.jpeg","width":550,"height":720},{"@type":"BreadcrumbList","@id":"https:\/\/www.taste-africa.com\/productTRPLINKPROCESSED\/curry-paste-200ml\/#breadcrumb","itemListElement":[{"@type":"ListItem","position":1,"name":"Home","item":"https:\/\/www.taste-africa.com\/"},{"@type":"ListItem","position":2,"name":"Shop","item":"https:\/\/www.taste-africa.com\/shop\/"},{"@type":"ListItem","position":3,"name":"Curry Paste &#8211; 200ml"}]},{"@type":"WebSite","@id":"https:\/\/www.taste-africa.com\/#website","url":"https:\/\/www.taste-africa.com\/","name":"Taste of Africa","description":"Taste of Africa","publisher":{"@id":"https:\/\/www.taste-africa.com\/#organization"},"potentialAction":[{"@type":"SearchAction","target":{"@type":"EntryPoint","urlTemplate":"https:\/\/www.taste-africa.com\/?s={search_term_string}"},"query-input":{"@type":"PropertyValueSpecification","valueRequired":true,"valueName":"search_term_string"}}],"inLanguage":"sv-SE"},{"@type":"Organization","@id":"https:\/\/www.taste-africa.com\/#organization","name":"Taste of Africa","url":"https:\/\/www.taste-africa.com\/","logo":{"@type":"ImageObject","inLanguage":"sv-SE","@id":"https:\/\/www.taste-africa.com\/#\/schema\/logo\/image\/","url":"https:\/\/www.taste-africa.com\/wp-content\/uploads\/2020\/08\/logo.png","contentUrl":"https:\/\/www.taste-africa.com\/wp-content\/uploads\/2020\/08\/logo.png","width":444,"height":121,"caption":"Taste of Africa"},"image":{"@id":"https:\/\/www.taste-africa.com\/#\/schema\/logo\/image\/"},"sameAs":["https:\/\/www.facebook.com\/tasteofafricahedesunda\/","https:\/\/www.instagram.com\/tasteofafricahedesunda\/"]}]}},"_links":{"self":[{"href":"https:\/\/www.taste-africa.com\/sv\/wp-json\/wp\/v2\/product\/4954","targetHints":{"allow":["GET"]}}],"collection":[{"href":"https:\/\/www.taste-africa.com\/sv\/wp-json\/wp\/v2\/product"}],"about":[{"href":"https:\/\/www.taste-africa.com\/sv\/wp-json\/wp\/v2\/types\/product"}],"version-history":[{"count":3,"href":"https:\/\/www.taste-africa.com\/sv\/wp-json\/wp\/v2\/product\/4954\/revisions"}],"predecessor-version":[{"id":7118,"href":"https:\/\/www.taste-africa.com\/sv\/wp-json\/wp\/v2\/product\/4954\/revisions\/7118"}],"wp:featuredmedia":[{"embeddable":true,"href":"https:\/\/www.taste-africa.com\/sv\/wp-json\/wp\/v2\/media\/6206"}],"wp:attachment":[{"href":"https:\/\/www.taste-africa.com\/sv\/wp-json\/wp\/v2\/media?parent=4954"}],"wp:term":[{"taxonomy":"product_brand","embeddable":true,"href":"https:\/\/www.taste-africa.com\/sv\/wp-json\/wp\/v2\/product_brand?post=4954"},{"taxonomy":"product_cat","embeddable":true,"href":"https:\/\/www.taste-africa.com\/sv\/wp-json\/wp\/v2\/product_cat?post=4954"},{"taxonomy":"product_tag","embeddable":true,"href":"https:\/\/www.taste-africa.com\/sv\/wp-json\/wp\/v2\/product_tag?post=4954"}],"curies":[{"name":"wp","href":"https:\/\/api.w.org\/{rel}","templated":true}]}}