{"id":4960,"date":"2021-05-31T10:11:23","date_gmt":"2021-05-31T10:11:23","guid":{"rendered":"https:\/\/www.taste-africa.com\/?post_type=product&#038;p=4960"},"modified":"2024-03-15T06:24:58","modified_gmt":"2024-03-15T06:24:58","slug":"honey-bushmans-mustard-250g","status":"publish","type":"product","link":"https:\/\/www.taste-africa.com\/sv\/productTRPLINKPROCESSED\/honey-bushmans-mustard-250g\/","title":{"rendered":"Bushman's Honey Mustard &#8211; Heat index 4"},"content":{"rendered":"<p>Bushman's Honungssenap har ocks\u00e5 den hittat hem till m\u00e5nga k\u00f6k! En underbar senap att\nblanda i din salladsdressing, eller i din potatissallad, eller g\u00f6ra din egen senapssill. Eller\nvarf\u00f6r inte bara \u00f6ver p\u00e5l\u00e4gget p\u00e5 mackan eller som s\u00e5s till r\u00f6kt &amp; gravad lax?<\/p>\n<p class=\"translation-block\">Ingredienser: vatten, rapsolja, <b>senap<\/b> (65%), \u00e4ppelcidervin\u00e4ger, \u00e4ttika, honung (21%), salt, modifierad majsst\u00e4rkelse, socker, olivolja, past\u00f6riserad <b>\u00e4ggula (pulver)<\/b>, konsistensmedel (E415), vitpeppar, citronsyra, konserveringsmedel kaliumsorbat (E202), f\u00e4rg\u00e4mne (E160a) &amp; arom. \u00d6ppnad burk f\u00f6rvaras svalt. Nettovikt: 250 g<\/p>","protected":false},"excerpt":{"rendered":"<p>Bushman's Honungssenap har ocks\u00e5 den hittat hem till m\u00e5nga k\u00f6k! En underbar senap att\nblanda i din salladsdressing, eller i din potatissallad, eller g\u00f6ra din egen senapssill. Eller\nvarf\u00f6r inte bara \u00f6ver p\u00e5l\u00e4gget p\u00e5 mackan eller som s\u00e5s till r\u00f6kt &amp; gravad lax?<\/p>\n<p class=\"translation-block\">Ingredienser: vatten, rapsolja, <b>senap<\/b> (65%), \u00e4ppelcidervin\u00e4ger, \u00e4ttika, honung (21%), salt, modifierad majsst\u00e4rkelse, socker, olivolja, past\u00f6riserad <b>\u00e4ggula (pulver)<\/b>, konsistensmedel (E415), vitpeppar, citronsyra, konserveringsmedel kaliumsorbat (E202), f\u00e4rg\u00e4mne (E160a) &amp; arom. \u00d6ppnad burk f\u00f6rvaras svalt. Nettovikt: 250 g<\/p>","protected":false},"featured_media":7085,"template":"","meta":{"inline_featured_image":false},"product_brand":[],"product_cat":[152,158],"product_tag":[],"class_list":{"0":"post-4960","1":"product","2":"type-product","3":"status-publish","4":"has-post-thumbnail","6":"product_cat-bushmans","7":"product_cat-mustard","9":"first","10":"outofstock","11":"shipping-taxable","12":"purchasable","13":"product-type-simple"},"yoast_head":"<!-- This site is optimized with the Yoast SEO plugin v27.3 - https:\/\/yoast.com\/product\/yoast-seo-wordpress\/ -->\n<title>Bushman&#039;s Honey Mustard - Heat index 4 - Taste of Africa<\/title>\n<meta name=\"robots\" content=\"index, follow, max-snippet:-1, max-image-preview:large, max-video-preview:-1\" \/>\n<link rel=\"canonical\" href=\"https:\/\/www.taste-africa.com\/sv\/productTRPLINKPROCESSED\/honey-bushmans-mustard-250g\/\" \/>\n<meta property=\"og:locale\" content=\"sv_SE\" \/>\n<meta property=\"og:type\" content=\"article\" \/>\n<meta property=\"og:title\" content=\"Bushman&#039;s Honey Mustard - Heat index 4 - Taste of Africa\" \/>\n<meta property=\"og:description\" content=\"Bushman&#039;s Honey Mustard has also found his way into many kitchens! This lovely mustard can be used in your salad dressing, or in a warm potato salad, or perhaps also in &quot;Swedish home made mustard herring&quot;. Otherwise spread it on your sandwich or use as a compliment to smoked or marinated salmon!  Ingredients: water, rapeseed oil, mustard (65%), apple cider vinegar, spirit vinegar, honey (21%), salt, modified corn starch, sugar, olive oil, pasturised egg yolk powder, stabiliser (E415), white pepper, sorbic acid, preservative potassium sorbate (E202), colourant (E160a) &amp; flavourant. Store cold after opening. Weight (net): 250g\" \/>\n<meta property=\"og:url\" content=\"https:\/\/www.taste-africa.com\/sv\/productTRPLINKPROCESSED\/honey-bushmans-mustard-250g\/\" \/>\n<meta property=\"og:site_name\" content=\"Taste of Africa\" \/>\n<meta property=\"article:publisher\" content=\"https:\/\/www.facebook.com\/tasteofafricahedesunda\/\" \/>\n<meta property=\"article:modified_time\" content=\"2024-03-15T06:24:58+00:00\" \/>\n<meta property=\"og:image\" content=\"https:\/\/www.taste-africa.com\/wp-content\/uploads\/2021\/05\/mustard_new_picture-Copy.jpg\" \/>\n\t<meta property=\"og:image:width\" content=\"323\" \/>\n\t<meta property=\"og:image:height\" content=\"330\" \/>\n\t<meta property=\"og:image:type\" content=\"image\/jpeg\" \/>\n<meta name=\"twitter:card\" content=\"summary_large_image\" \/>\n<script type=\"application\/ld+json\" class=\"yoast-schema-graph\">{\"@context\":\"https:\\\/\\\/schema.org\",\"@graph\":[{\"@type\":\"WebPage\",\"@id\":\"https:\\\/\\\/www.taste-africa.com\\\/productTRPLINKPROCESSED\\\/honey-bushmans-mustard-250g\\\/\",\"url\":\"https:\\\/\\\/www.taste-africa.com\\\/productTRPLINKPROCESSED\\\/honey-bushmans-mustard-250g\\\/\",\"name\":\"Bushman's Honey Mustard - Heat index 4 - Taste of Africa\",\"isPartOf\":{\"@id\":\"https:\\\/\\\/www.taste-africa.com\\\/#website\"},\"primaryImageOfPage\":{\"@id\":\"https:\\\/\\\/www.taste-africa.com\\\/productTRPLINKPROCESSED\\\/honey-bushmans-mustard-250g\\\/#primaryimage\"},\"image\":{\"@id\":\"https:\\\/\\\/www.taste-africa.com\\\/productTRPLINKPROCESSED\\\/honey-bushmans-mustard-250g\\\/#primaryimage\"},\"thumbnailUrl\":\"https:\\\/\\\/www.taste-africa.com\\\/wp-content\\\/uploads\\\/2021\\\/05\\\/mustard_new_picture-Copy.jpg\",\"datePublished\":\"2021-05-31T10:11:23+00:00\",\"dateModified\":\"2024-03-15T06:24:58+00:00\",\"breadcrumb\":{\"@id\":\"https:\\\/\\\/www.taste-africa.com\\\/productTRPLINKPROCESSED\\\/honey-bushmans-mustard-250g\\\/#breadcrumb\"},\"inLanguage\":\"sv-SE\",\"potentialAction\":[{\"@type\":\"ReadAction\",\"target\":[\"https:\\\/\\\/www.taste-africa.com\\\/productTRPLINKPROCESSED\\\/honey-bushmans-mustard-250g\\\/\"]}]},{\"@type\":\"ImageObject\",\"inLanguage\":\"sv-SE\",\"@id\":\"https:\\\/\\\/www.taste-africa.com\\\/productTRPLINKPROCESSED\\\/honey-bushmans-mustard-250g\\\/#primaryimage\",\"url\":\"https:\\\/\\\/www.taste-africa.com\\\/wp-content\\\/uploads\\\/2021\\\/05\\\/mustard_new_picture-Copy.jpg\",\"contentUrl\":\"https:\\\/\\\/www.taste-africa.com\\\/wp-content\\\/uploads\\\/2021\\\/05\\\/mustard_new_picture-Copy.jpg\",\"width\":323,\"height\":330},{\"@type\":\"BreadcrumbList\",\"@id\":\"https:\\\/\\\/www.taste-africa.com\\\/productTRPLINKPROCESSED\\\/honey-bushmans-mustard-250g\\\/#breadcrumb\",\"itemListElement\":[{\"@type\":\"ListItem\",\"position\":1,\"name\":\"Home\",\"item\":\"https:\\\/\\\/www.taste-africa.com\\\/\"},{\"@type\":\"ListItem\",\"position\":2,\"name\":\"Shop\",\"item\":\"https:\\\/\\\/www.taste-africa.com\\\/shop\\\/\"},{\"@type\":\"ListItem\",\"position\":3,\"name\":\"Bushman's Honey Mustard &#8211; Heat index 4\"}]},{\"@type\":\"WebSite\",\"@id\":\"https:\\\/\\\/www.taste-africa.com\\\/#website\",\"url\":\"https:\\\/\\\/www.taste-africa.com\\\/\",\"name\":\"Taste of Africa\",\"description\":\"Taste of Africa\",\"publisher\":{\"@id\":\"https:\\\/\\\/www.taste-africa.com\\\/#organization\"},\"potentialAction\":[{\"@type\":\"SearchAction\",\"target\":{\"@type\":\"EntryPoint\",\"urlTemplate\":\"https:\\\/\\\/www.taste-africa.com\\\/?s={search_term_string}\"},\"query-input\":{\"@type\":\"PropertyValueSpecification\",\"valueRequired\":true,\"valueName\":\"search_term_string\"}}],\"inLanguage\":\"sv-SE\"},{\"@type\":\"Organization\",\"@id\":\"https:\\\/\\\/www.taste-africa.com\\\/#organization\",\"name\":\"Taste of Africa\",\"url\":\"https:\\\/\\\/www.taste-africa.com\\\/\",\"logo\":{\"@type\":\"ImageObject\",\"inLanguage\":\"sv-SE\",\"@id\":\"https:\\\/\\\/www.taste-africa.com\\\/#\\\/schema\\\/logo\\\/image\\\/\",\"url\":\"https:\\\/\\\/www.taste-africa.com\\\/wp-content\\\/uploads\\\/2020\\\/08\\\/logo.png\",\"contentUrl\":\"https:\\\/\\\/www.taste-africa.com\\\/wp-content\\\/uploads\\\/2020\\\/08\\\/logo.png\",\"width\":444,\"height\":121,\"caption\":\"Taste of Africa\"},\"image\":{\"@id\":\"https:\\\/\\\/www.taste-africa.com\\\/#\\\/schema\\\/logo\\\/image\\\/\"},\"sameAs\":[\"https:\\\/\\\/www.facebook.com\\\/tasteofafricahedesunda\\\/\",\"https:\\\/\\\/www.instagram.com\\\/tasteofafricahedesunda\\\/\"]}]}<\/script>\n<!-- \/ Yoast SEO plugin. -->","yoast_head_json":{"title":"Bushman's Honey Mustard - Heat index 4 - Taste of Africa","robots":{"index":"index","follow":"follow","max-snippet":"max-snippet:-1","max-image-preview":"max-image-preview:large","max-video-preview":"max-video-preview:-1"},"canonical":"https:\/\/www.taste-africa.com\/sv\/productTRPLINKPROCESSED\/honey-bushmans-mustard-250g\/","og_locale":"sv_SE","og_type":"article","og_title":"Bushman's Honey Mustard - Heat index 4 - Taste of Africa","og_description":"Bushman's Honey Mustard has also found his way into many kitchens! This lovely mustard can be used in your salad dressing, or in a warm potato salad, or perhaps also in \"Swedish home made mustard herring\". Otherwise spread it on your sandwich or use as a compliment to smoked or marinated salmon!  Ingredients: water, rapeseed oil, mustard (65%), apple cider vinegar, spirit vinegar, honey (21%), salt, modified corn starch, sugar, olive oil, pasturised egg yolk powder, stabiliser (E415), white pepper, sorbic acid, preservative potassium sorbate (E202), colourant (E160a) &amp; flavourant. Store cold after opening. Weight (net): 250g","og_url":"https:\/\/www.taste-africa.com\/sv\/productTRPLINKPROCESSED\/honey-bushmans-mustard-250g\/","og_site_name":"Taste of Africa","article_publisher":"https:\/\/www.facebook.com\/tasteofafricahedesunda\/","article_modified_time":"2024-03-15T06:24:58+00:00","og_image":[{"width":323,"height":330,"url":"https:\/\/www.taste-africa.com\/wp-content\/uploads\/2021\/05\/mustard_new_picture-Copy.jpg","type":"image\/jpeg"}],"twitter_card":"summary_large_image","schema":{"@context":"https:\/\/schema.org","@graph":[{"@type":"WebPage","@id":"https:\/\/www.taste-africa.com\/productTRPLINKPROCESSED\/honey-bushmans-mustard-250g\/","url":"https:\/\/www.taste-africa.com\/productTRPLINKPROCESSED\/honey-bushmans-mustard-250g\/","name":"Bushman's Honey Mustard - Heat index 4 - Taste of Africa","isPartOf":{"@id":"https:\/\/www.taste-africa.com\/#website"},"primaryImageOfPage":{"@id":"https:\/\/www.taste-africa.com\/productTRPLINKPROCESSED\/honey-bushmans-mustard-250g\/#primaryimage"},"image":{"@id":"https:\/\/www.taste-africa.com\/productTRPLINKPROCESSED\/honey-bushmans-mustard-250g\/#primaryimage"},"thumbnailUrl":"https:\/\/www.taste-africa.com\/wp-content\/uploads\/2021\/05\/mustard_new_picture-Copy.jpg","datePublished":"2021-05-31T10:11:23+00:00","dateModified":"2024-03-15T06:24:58+00:00","breadcrumb":{"@id":"https:\/\/www.taste-africa.com\/productTRPLINKPROCESSED\/honey-bushmans-mustard-250g\/#breadcrumb"},"inLanguage":"sv-SE","potentialAction":[{"@type":"ReadAction","target":["https:\/\/www.taste-africa.com\/productTRPLINKPROCESSED\/honey-bushmans-mustard-250g\/"]}]},{"@type":"ImageObject","inLanguage":"sv-SE","@id":"https:\/\/www.taste-africa.com\/productTRPLINKPROCESSED\/honey-bushmans-mustard-250g\/#primaryimage","url":"https:\/\/www.taste-africa.com\/wp-content\/uploads\/2021\/05\/mustard_new_picture-Copy.jpg","contentUrl":"https:\/\/www.taste-africa.com\/wp-content\/uploads\/2021\/05\/mustard_new_picture-Copy.jpg","width":323,"height":330},{"@type":"BreadcrumbList","@id":"https:\/\/www.taste-africa.com\/productTRPLINKPROCESSED\/honey-bushmans-mustard-250g\/#breadcrumb","itemListElement":[{"@type":"ListItem","position":1,"name":"Home","item":"https:\/\/www.taste-africa.com\/"},{"@type":"ListItem","position":2,"name":"Shop","item":"https:\/\/www.taste-africa.com\/shop\/"},{"@type":"ListItem","position":3,"name":"Bushman's Honey Mustard &#8211; Heat index 4"}]},{"@type":"WebSite","@id":"https:\/\/www.taste-africa.com\/#website","url":"https:\/\/www.taste-africa.com\/","name":"Taste of Africa","description":"Taste of Africa","publisher":{"@id":"https:\/\/www.taste-africa.com\/#organization"},"potentialAction":[{"@type":"SearchAction","target":{"@type":"EntryPoint","urlTemplate":"https:\/\/www.taste-africa.com\/?s={search_term_string}"},"query-input":{"@type":"PropertyValueSpecification","valueRequired":true,"valueName":"search_term_string"}}],"inLanguage":"sv-SE"},{"@type":"Organization","@id":"https:\/\/www.taste-africa.com\/#organization","name":"Taste of Africa","url":"https:\/\/www.taste-africa.com\/","logo":{"@type":"ImageObject","inLanguage":"sv-SE","@id":"https:\/\/www.taste-africa.com\/#\/schema\/logo\/image\/","url":"https:\/\/www.taste-africa.com\/wp-content\/uploads\/2020\/08\/logo.png","contentUrl":"https:\/\/www.taste-africa.com\/wp-content\/uploads\/2020\/08\/logo.png","width":444,"height":121,"caption":"Taste of Africa"},"image":{"@id":"https:\/\/www.taste-africa.com\/#\/schema\/logo\/image\/"},"sameAs":["https:\/\/www.facebook.com\/tasteofafricahedesunda\/","https:\/\/www.instagram.com\/tasteofafricahedesunda\/"]}]}},"_links":{"self":[{"href":"https:\/\/www.taste-africa.com\/sv\/wp-json\/wp\/v2\/product\/4960","targetHints":{"allow":["GET"]}}],"collection":[{"href":"https:\/\/www.taste-africa.com\/sv\/wp-json\/wp\/v2\/product"}],"about":[{"href":"https:\/\/www.taste-africa.com\/sv\/wp-json\/wp\/v2\/types\/product"}],"version-history":[{"count":6,"href":"https:\/\/www.taste-africa.com\/sv\/wp-json\/wp\/v2\/product\/4960\/revisions"}],"predecessor-version":[{"id":7080,"href":"https:\/\/www.taste-africa.com\/sv\/wp-json\/wp\/v2\/product\/4960\/revisions\/7080"}],"wp:featuredmedia":[{"embeddable":true,"href":"https:\/\/www.taste-africa.com\/sv\/wp-json\/wp\/v2\/media\/7085"}],"wp:attachment":[{"href":"https:\/\/www.taste-africa.com\/sv\/wp-json\/wp\/v2\/media?parent=4960"}],"wp:term":[{"taxonomy":"product_brand","embeddable":true,"href":"https:\/\/www.taste-africa.com\/sv\/wp-json\/wp\/v2\/product_brand?post=4960"},{"taxonomy":"product_cat","embeddable":true,"href":"https:\/\/www.taste-africa.com\/sv\/wp-json\/wp\/v2\/product_cat?post=4960"},{"taxonomy":"product_tag","embeddable":true,"href":"https:\/\/www.taste-africa.com\/sv\/wp-json\/wp\/v2\/product_tag?post=4960"}],"curies":[{"name":"wp","href":"https:\/\/api.w.org\/{rel}","templated":true}]}}