{"id":7215,"date":"2022-07-04T07:22:45","date_gmt":"2022-07-04T07:22:45","guid":{"rendered":"https:\/\/www.taste-africa.com\/?post_type=product&#038;p=7215"},"modified":"2022-08-10T06:12:50","modified_gmt":"2022-08-10T06:12:50","slug":"potjie-size-2-flat","status":"publish","type":"product","link":"https:\/\/www.taste-africa.com\/sv\/productTRPLINKPROCESSED\/potjie-size-2-flat\/","title":{"rendered":"Potjie storlek 2, platt"},"content":{"rendered":"","protected":false},"excerpt":{"rendered":"<p>Potjie storlek 2, platt (6.0 L, 8 KG)<br \/>\nyttre diameter 25 cm, h\u00f6jd utan lock 15.5 cm<\/p>\n<p>Den h\u00e4r grytan \u00e4r lagom f\u00f6r matlagning \u00f6ver eld f\u00f6r ungef\u00e4r 2-6 personer. Den tillverkas med platt botten utan ben. Den h\u00e4r h\u00e4nger man upp eller s\u00e4tter p\u00e5 ett galler. De kan ocks\u00e5 st\u00e5 p\u00e5 en st\u00e4llning som \u00e4r flyttbar, s\u00e5 v\u00e4rmen kan varieras.<\/p>","protected":false},"featured_media":7197,"template":"","meta":{"inline_featured_image":false},"product_brand":[],"product_cat":[146],"product_tag":[],"class_list":{"0":"post-7215","1":"product","2":"type-product","3":"status-publish","4":"has-post-thumbnail","6":"product_cat-pots","8":"first","9":"instock","10":"shipping-taxable","11":"purchasable","12":"product-type-simple"},"yoast_head":"<!-- This site is optimized with the Yoast SEO plugin v27.3 - https:\/\/yoast.com\/product\/yoast-seo-wordpress\/ -->\n<title>Potjie size 2 flat - Taste of Africa<\/title>\n<meta name=\"robots\" content=\"index, follow, max-snippet:-1, max-image-preview:large, max-video-preview:-1\" \/>\n<link rel=\"canonical\" href=\"https:\/\/www.taste-africa.com\/sv\/productTRPLINKPROCESSED\/potjie-size-2-flat\/\" \/>\n<meta property=\"og:locale\" content=\"sv_SE\" \/>\n<meta property=\"og:type\" content=\"article\" \/>\n<meta property=\"og:title\" content=\"Potjie size 2 flat - Taste of Africa\" \/>\n<meta property=\"og:description\" content=\"Potjie size 2, flat (6.0 L, 8 KG) outer diameter 25 cm, height without lid 15.5 cm  This potjie is good for cooking over fire for about 2-6 people. It is manufactured without legs. You can place it hanging over the fire or on a grid. It can also be placed on a stand (tripod). The potjie can then be moved around and the heat can be modified.\" \/>\n<meta property=\"og:url\" content=\"https:\/\/www.taste-africa.com\/sv\/productTRPLINKPROCESSED\/potjie-size-2-flat\/\" \/>\n<meta property=\"og:site_name\" content=\"Taste of Africa\" \/>\n<meta property=\"article:publisher\" content=\"https:\/\/www.facebook.com\/tasteofafricahedesunda\/\" \/>\n<meta property=\"article:modified_time\" content=\"2022-08-10T06:12:50+00:00\" \/>\n<meta property=\"og:image\" content=\"https:\/\/www.taste-africa.com\/wp-content\/uploads\/2021\/04\/Potjie-size-2-flat.jpeg\" \/>\n\t<meta property=\"og:image:width\" content=\"720\" \/>\n\t<meta property=\"og:image:height\" content=\"960\" \/>\n\t<meta property=\"og:image:type\" content=\"image\/jpeg\" \/>\n<meta name=\"twitter:card\" content=\"summary_large_image\" \/>\n<script type=\"application\/ld+json\" class=\"yoast-schema-graph\">{\"@context\":\"https:\\\/\\\/schema.org\",\"@graph\":[{\"@type\":\"WebPage\",\"@id\":\"https:\\\/\\\/www.taste-africa.com\\\/en\\\/productTRPLINKPROCESSED\\\/potjie-size-2-flat\\\/\",\"url\":\"https:\\\/\\\/www.taste-africa.com\\\/en\\\/productTRPLINKPROCESSED\\\/potjie-size-2-flat\\\/\",\"name\":\"Potjie size 2 flat - Taste of Africa\",\"isPartOf\":{\"@id\":\"https:\\\/\\\/www.taste-africa.com\\\/#website\"},\"primaryImageOfPage\":{\"@id\":\"https:\\\/\\\/www.taste-africa.com\\\/en\\\/productTRPLINKPROCESSED\\\/potjie-size-2-flat\\\/#primaryimage\"},\"image\":{\"@id\":\"https:\\\/\\\/www.taste-africa.com\\\/en\\\/productTRPLINKPROCESSED\\\/potjie-size-2-flat\\\/#primaryimage\"},\"thumbnailUrl\":\"https:\\\/\\\/www.taste-africa.com\\\/wp-content\\\/uploads\\\/2021\\\/04\\\/Potjie-size-2-flat.jpeg\",\"datePublished\":\"2022-07-04T07:22:45+00:00\",\"dateModified\":\"2022-08-10T06:12:50+00:00\",\"breadcrumb\":{\"@id\":\"https:\\\/\\\/www.taste-africa.com\\\/en\\\/productTRPLINKPROCESSED\\\/potjie-size-2-flat\\\/#breadcrumb\"},\"inLanguage\":\"sv-SE\",\"potentialAction\":[{\"@type\":\"ReadAction\",\"target\":[\"https:\\\/\\\/www.taste-africa.com\\\/en\\\/productTRPLINKPROCESSED\\\/potjie-size-2-flat\\\/\"]}]},{\"@type\":\"ImageObject\",\"inLanguage\":\"sv-SE\",\"@id\":\"https:\\\/\\\/www.taste-africa.com\\\/en\\\/productTRPLINKPROCESSED\\\/potjie-size-2-flat\\\/#primaryimage\",\"url\":\"https:\\\/\\\/www.taste-africa.com\\\/wp-content\\\/uploads\\\/2021\\\/04\\\/Potjie-size-2-flat.jpeg\",\"contentUrl\":\"https:\\\/\\\/www.taste-africa.com\\\/wp-content\\\/uploads\\\/2021\\\/04\\\/Potjie-size-2-flat.jpeg\",\"width\":720,\"height\":960},{\"@type\":\"BreadcrumbList\",\"@id\":\"https:\\\/\\\/www.taste-africa.com\\\/en\\\/productTRPLINKPROCESSED\\\/potjie-size-2-flat\\\/#breadcrumb\",\"itemListElement\":[{\"@type\":\"ListItem\",\"position\":1,\"name\":\"Home\",\"item\":\"https:\\\/\\\/www.taste-africa.com\\\/\"},{\"@type\":\"ListItem\",\"position\":2,\"name\":\"Shop\",\"item\":\"https:\\\/\\\/www.taste-africa.com\\\/shop\\\/\"},{\"@type\":\"ListItem\",\"position\":3,\"name\":\"Potjie size 2 flat\"}]},{\"@type\":\"WebSite\",\"@id\":\"https:\\\/\\\/www.taste-africa.com\\\/#website\",\"url\":\"https:\\\/\\\/www.taste-africa.com\\\/\",\"name\":\"Taste of Africa\",\"description\":\"Taste of Africa\",\"publisher\":{\"@id\":\"https:\\\/\\\/www.taste-africa.com\\\/#organization\"},\"potentialAction\":[{\"@type\":\"SearchAction\",\"target\":{\"@type\":\"EntryPoint\",\"urlTemplate\":\"https:\\\/\\\/www.taste-africa.com\\\/?s={search_term_string}\"},\"query-input\":{\"@type\":\"PropertyValueSpecification\",\"valueRequired\":true,\"valueName\":\"search_term_string\"}}],\"inLanguage\":\"sv-SE\"},{\"@type\":\"Organization\",\"@id\":\"https:\\\/\\\/www.taste-africa.com\\\/#organization\",\"name\":\"Taste of Africa\",\"url\":\"https:\\\/\\\/www.taste-africa.com\\\/\",\"logo\":{\"@type\":\"ImageObject\",\"inLanguage\":\"sv-SE\",\"@id\":\"https:\\\/\\\/www.taste-africa.com\\\/#\\\/schema\\\/logo\\\/image\\\/\",\"url\":\"https:\\\/\\\/www.taste-africa.com\\\/wp-content\\\/uploads\\\/2020\\\/08\\\/logo.png\",\"contentUrl\":\"https:\\\/\\\/www.taste-africa.com\\\/wp-content\\\/uploads\\\/2020\\\/08\\\/logo.png\",\"width\":444,\"height\":121,\"caption\":\"Taste of Africa\"},\"image\":{\"@id\":\"https:\\\/\\\/www.taste-africa.com\\\/#\\\/schema\\\/logo\\\/image\\\/\"},\"sameAs\":[\"https:\\\/\\\/www.facebook.com\\\/tasteofafricahedesunda\\\/\",\"https:\\\/\\\/www.instagram.com\\\/tasteofafricahedesunda\\\/\"]}]}<\/script>\n<!-- \/ Yoast SEO plugin. -->","yoast_head_json":{"title":"Potjie size 2 flat - Taste of Africa","robots":{"index":"index","follow":"follow","max-snippet":"max-snippet:-1","max-image-preview":"max-image-preview:large","max-video-preview":"max-video-preview:-1"},"canonical":"https:\/\/www.taste-africa.com\/sv\/productTRPLINKPROCESSED\/potjie-size-2-flat\/","og_locale":"sv_SE","og_type":"article","og_title":"Potjie size 2 flat - Taste of Africa","og_description":"Potjie size 2, flat (6.0 L, 8 KG) outer diameter 25 cm, height without lid 15.5 cm  This potjie is good for cooking over fire for about 2-6 people. It is manufactured without legs. You can place it hanging over the fire or on a grid. It can also be placed on a stand (tripod). The potjie can then be moved around and the heat can be modified.","og_url":"https:\/\/www.taste-africa.com\/sv\/productTRPLINKPROCESSED\/potjie-size-2-flat\/","og_site_name":"Taste of Africa","article_publisher":"https:\/\/www.facebook.com\/tasteofafricahedesunda\/","article_modified_time":"2022-08-10T06:12:50+00:00","og_image":[{"width":720,"height":960,"url":"https:\/\/www.taste-africa.com\/wp-content\/uploads\/2021\/04\/Potjie-size-2-flat.jpeg","type":"image\/jpeg"}],"twitter_card":"summary_large_image","schema":{"@context":"https:\/\/schema.org","@graph":[{"@type":"WebPage","@id":"https:\/\/www.taste-africa.com\/en\/productTRPLINKPROCESSED\/potjie-size-2-flat\/","url":"https:\/\/www.taste-africa.com\/en\/productTRPLINKPROCESSED\/potjie-size-2-flat\/","name":"Potjie size 2 flat - Taste of Africa","isPartOf":{"@id":"https:\/\/www.taste-africa.com\/#website"},"primaryImageOfPage":{"@id":"https:\/\/www.taste-africa.com\/en\/productTRPLINKPROCESSED\/potjie-size-2-flat\/#primaryimage"},"image":{"@id":"https:\/\/www.taste-africa.com\/en\/productTRPLINKPROCESSED\/potjie-size-2-flat\/#primaryimage"},"thumbnailUrl":"https:\/\/www.taste-africa.com\/wp-content\/uploads\/2021\/04\/Potjie-size-2-flat.jpeg","datePublished":"2022-07-04T07:22:45+00:00","dateModified":"2022-08-10T06:12:50+00:00","breadcrumb":{"@id":"https:\/\/www.taste-africa.com\/en\/productTRPLINKPROCESSED\/potjie-size-2-flat\/#breadcrumb"},"inLanguage":"sv-SE","potentialAction":[{"@type":"ReadAction","target":["https:\/\/www.taste-africa.com\/en\/productTRPLINKPROCESSED\/potjie-size-2-flat\/"]}]},{"@type":"ImageObject","inLanguage":"sv-SE","@id":"https:\/\/www.taste-africa.com\/en\/productTRPLINKPROCESSED\/potjie-size-2-flat\/#primaryimage","url":"https:\/\/www.taste-africa.com\/wp-content\/uploads\/2021\/04\/Potjie-size-2-flat.jpeg","contentUrl":"https:\/\/www.taste-africa.com\/wp-content\/uploads\/2021\/04\/Potjie-size-2-flat.jpeg","width":720,"height":960},{"@type":"BreadcrumbList","@id":"https:\/\/www.taste-africa.com\/en\/productTRPLINKPROCESSED\/potjie-size-2-flat\/#breadcrumb","itemListElement":[{"@type":"ListItem","position":1,"name":"Home","item":"https:\/\/www.taste-africa.com\/"},{"@type":"ListItem","position":2,"name":"Shop","item":"https:\/\/www.taste-africa.com\/shop\/"},{"@type":"ListItem","position":3,"name":"Potjie size 2 flat"}]},{"@type":"WebSite","@id":"https:\/\/www.taste-africa.com\/#website","url":"https:\/\/www.taste-africa.com\/","name":"Taste of Africa","description":"Taste of Africa","publisher":{"@id":"https:\/\/www.taste-africa.com\/#organization"},"potentialAction":[{"@type":"SearchAction","target":{"@type":"EntryPoint","urlTemplate":"https:\/\/www.taste-africa.com\/?s={search_term_string}"},"query-input":{"@type":"PropertyValueSpecification","valueRequired":true,"valueName":"search_term_string"}}],"inLanguage":"sv-SE"},{"@type":"Organization","@id":"https:\/\/www.taste-africa.com\/#organization","name":"Taste of Africa","url":"https:\/\/www.taste-africa.com\/","logo":{"@type":"ImageObject","inLanguage":"sv-SE","@id":"https:\/\/www.taste-africa.com\/#\/schema\/logo\/image\/","url":"https:\/\/www.taste-africa.com\/wp-content\/uploads\/2020\/08\/logo.png","contentUrl":"https:\/\/www.taste-africa.com\/wp-content\/uploads\/2020\/08\/logo.png","width":444,"height":121,"caption":"Taste of Africa"},"image":{"@id":"https:\/\/www.taste-africa.com\/#\/schema\/logo\/image\/"},"sameAs":["https:\/\/www.facebook.com\/tasteofafricahedesunda\/","https:\/\/www.instagram.com\/tasteofafricahedesunda\/"]}]}},"_links":{"self":[{"href":"https:\/\/www.taste-africa.com\/sv\/wp-json\/wp\/v2\/product\/7215","targetHints":{"allow":["GET"]}}],"collection":[{"href":"https:\/\/www.taste-africa.com\/sv\/wp-json\/wp\/v2\/product"}],"about":[{"href":"https:\/\/www.taste-africa.com\/sv\/wp-json\/wp\/v2\/types\/product"}],"version-history":[{"count":3,"href":"https:\/\/www.taste-africa.com\/sv\/wp-json\/wp\/v2\/product\/7215\/revisions"}],"predecessor-version":[{"id":7411,"href":"https:\/\/www.taste-africa.com\/sv\/wp-json\/wp\/v2\/product\/7215\/revisions\/7411"}],"wp:featuredmedia":[{"embeddable":true,"href":"https:\/\/www.taste-africa.com\/sv\/wp-json\/wp\/v2\/media\/7197"}],"wp:attachment":[{"href":"https:\/\/www.taste-africa.com\/sv\/wp-json\/wp\/v2\/media?parent=7215"}],"wp:term":[{"taxonomy":"product_brand","embeddable":true,"href":"https:\/\/www.taste-africa.com\/sv\/wp-json\/wp\/v2\/product_brand?post=7215"},{"taxonomy":"product_cat","embeddable":true,"href":"https:\/\/www.taste-africa.com\/sv\/wp-json\/wp\/v2\/product_cat?post=7215"},{"taxonomy":"product_tag","embeddable":true,"href":"https:\/\/www.taste-africa.com\/sv\/wp-json\/wp\/v2\/product_tag?post=7215"}],"curies":[{"name":"wp","href":"https:\/\/api.w.org\/{rel}","templated":true}]}}